{"id":100003,"date":"2026-03-11T16:24:11","date_gmt":"2026-03-11T16:24:11","guid":{"rendered":"https:\/\/brandss.com.py\/index\/?post_type=product&#038;p=100003"},"modified":"2026-03-11T16:24:41","modified_gmt":"2026-03-11T16:24:41","slug":"perfume-masculino-paris-bleu-pure-soul-the-essentials-edp-100ml","status":"publish","type":"product","link":"https:\/\/brandss.com.py\/index\/producto\/perfume-masculino-paris-bleu-pure-soul-the-essentials-edp-100ml\/","title":{"rendered":"PERFUME MASCULINO PARIS BLEU PURE SOUL THE ESSENTIALS EDP 100ML"},"content":{"rendered":"<p><img loading=\"lazy\" decoding=\"async\" class=\"\" src=\"https:\/\/www.parisbleu.com\/cdn\/shop\/files\/Logo_Paris-Bleu_1__page-0001_4018d889-ec07-49d3-8e7f-037975a422c2.jpg?v=1716382655&amp;width=600\" alt=\"Paris Bleu Perfumes: Premium French Scents &amp; Parisian Signature Fragra \u2013 My  Store\" width=\"119\" height=\"68\" \/><\/p>\n<h1>PURE SOUL THE ESSENTIALS<\/h1>\n<p><span dir=\"auto\">En el coraz\u00f3n de un jard\u00edn secreto, la fragancia del alma pura te sumerge en una aventura sensorial y espiritual. <\/span><span dir=\"auto\">Pure Soul revelar\u00e1 la esencia de una conexi\u00f3n cautivadora entre t\u00fa y la misteriosa naturaleza que te rodea. Mucho m\u00e1s que una simple fragancia, Pure Soul teje una historia encantadora, donde la naturaleza y la espiritualidad se combinan para crear una experiencia inolvidable.<img loading=\"lazy\" decoding=\"async\" class=\"alignleft\" src=\"https:\/\/cdn1.npcdn.net\/images\/6091c048d6de5744c2859f11de83a020_1755055929.webp?md5id=d8696cc3e3447ac44237a936a80b05d8&amp;new_width=1000&amp;new_height=1000&amp;size=max&amp;w=1651717208&amp;from=jpeg&amp;type=1\" width=\"432\" height=\"648\" \/><\/span><\/p>\n<p>&nbsp;<\/p>\n<h3>Notas Olfativas<\/h3>\n<p>&nbsp;<\/p>\n<p>Sum\u00e9rgete en una experiencia olfativa \u00fanica con el Perfume Pure Soul Paris Bleu The Essentials For Men. Este Eau de Parfum masculino es una oda a la sofisticaci\u00f3n y a la conexi\u00f3n espiritual con la naturaleza. Este perfume es ideal para el hombre que busca una firma olfativa distintiva y envolvente.<\/p>\n<p>En el coraz\u00f3n de un jard\u00edn secreto, el perfume Pure Soul te transporta a un viaje sensorial y espiritual. Sus notas cautivadoras revelan un v\u00ednculo profundo entre el hombre y la naturaleza, proporcionando una experiencia olfativa inolvidable.Este perfume es la elecci\u00f3n perfecta para hombres que desean expresar su individualidad con una fragancia sofisticada y envolvente.<\/p>\n<p>En un jard\u00edn secreto, la bergamota, la grosella negra y la manzana se entrelazan en una sinfon\u00eda frutal. En el coraz\u00f3n, el iris y el \u00e1mbar, s\u00edmbolos de conexi\u00f3n espiritual, danzan en armon\u00eda con el lirio de los valles, una delicada flor que resuena con una belleza sencilla y sincera. Las notas de fondo de \u00e1mbar blanco, almizcle y vainilla se fusionan para hechizar la piel y el alma.<\/p>\n<p>&nbsp;<\/p>\n<p><strong>Notas de salida:<\/strong> bergamota, grosella negra, manzana.<\/p>\n<p><strong>Notas de coraz\u00f3n:<\/strong> iris, lirio de los valles, madera de \u00e1mbar.<\/p>\n<p><strong>Notas de fondo:<\/strong> \u00e1mbar blanco, almizcle, vainilla.<\/p>\n","protected":false},"excerpt":{"rendered":"<p>PURE SOUL THE ESSENTIALS En el coraz\u00f3n de un jard\u00edn secreto, la fragancia del alma pura te sumerge en una<\/p>\n","protected":false},"featured_media":100004,"comment_status":"open","ping_status":"closed","template":"","meta":{"nf_dc_page":""},"product_brand":[1842],"product_cat":[84],"product_tag":[3076],"class_list":{"0":"post-100003","1":"product","2":"type-product","3":"status-publish","4":"has-post-thumbnail","6":"product_brand-paris-bleu","7":"product_cat-perfumeria","8":"product_tag-3076","10":"first","11":"instock","12":"shipping-taxable","13":"purchasable","14":"product-type-simple"},"_links":{"self":[{"href":"https:\/\/brandss.com.py\/index\/wp-json\/wp\/v2\/product\/100003","targetHints":{"allow":["GET"]}}],"collection":[{"href":"https:\/\/brandss.com.py\/index\/wp-json\/wp\/v2\/product"}],"about":[{"href":"https:\/\/brandss.com.py\/index\/wp-json\/wp\/v2\/types\/product"}],"replies":[{"embeddable":true,"href":"https:\/\/brandss.com.py\/index\/wp-json\/wp\/v2\/comments?post=100003"}],"version-history":[{"count":1,"href":"https:\/\/brandss.com.py\/index\/wp-json\/wp\/v2\/product\/100003\/revisions"}],"predecessor-version":[{"id":100008,"href":"https:\/\/brandss.com.py\/index\/wp-json\/wp\/v2\/product\/100003\/revisions\/100008"}],"wp:featuredmedia":[{"embeddable":true,"href":"https:\/\/brandss.com.py\/index\/wp-json\/wp\/v2\/media\/100004"}],"wp:attachment":[{"href":"https:\/\/brandss.com.py\/index\/wp-json\/wp\/v2\/media?parent=100003"}],"wp:term":[{"taxonomy":"product_brand","embeddable":true,"href":"https:\/\/brandss.com.py\/index\/wp-json\/wp\/v2\/product_brand?post=100003"},{"taxonomy":"product_cat","embeddable":true,"href":"https:\/\/brandss.com.py\/index\/wp-json\/wp\/v2\/product_cat?post=100003"},{"taxonomy":"product_tag","embeddable":true,"href":"https:\/\/brandss.com.py\/index\/wp-json\/wp\/v2\/product_tag?post=100003"}],"curies":[{"name":"wp","href":"https:\/\/api.w.org\/{rel}","templated":true}]}}