{"id":100009,"date":"2026-03-11T17:38:31","date_gmt":"2026-03-11T17:38:31","guid":{"rendered":"https:\/\/brandss.com.py\/index\/?post_type=product&#038;p=100009"},"modified":"2026-03-11T17:38:52","modified_gmt":"2026-03-11T17:38:52","slug":"perfume-unisex-milestone-mouj-intimate-edp-100ml","status":"publish","type":"product","link":"https:\/\/brandss.com.py\/index\/producto\/perfume-unisex-milestone-mouj-intimate-edp-100ml\/","title":{"rendered":"PERFUME UNISEX MILESTONE MOUJ INTIMATE EDP 100ML"},"content":{"rendered":"<p><img loading=\"lazy\" decoding=\"async\" class=\"\" src=\"https:\/\/arabicparfums.com\/cdn\/shop\/collections\/milestone_1200x1218.webp?v=1772192499\" alt=\"Perfumes Milestone | Lujo y tradici\u00f3n en fragancias \u00e1rabes \u2014 Arabic Parfums\" width=\"85\" height=\"86\" \/><\/p>\n<h1>MOUJ INTIMATE<\/h1>\n<p>Es una incre\u00edble bomba de especias de Oriente Medio que te transporta a un palacio real, rebosante de las notas arom\u00e1ticas m\u00e1s sofisticadas. Su fragancia \u00fanica la convierte en una pieza de perfumer\u00eda contempor\u00e1nea incre\u00edblemente audaz y \u00fanica.<img loading=\"lazy\" decoding=\"async\" class=\"alignleft\" src=\"https:\/\/fragrancewholesale.co.uk\/cdn\/shop\/files\/Screenshot_2025-01-15_213358_1024x1024.png?v=1748348436\" width=\"586\" height=\"586\" \/><\/p>\n<h3>Notas Olfativas<\/h3>\n<p>Mouj Intimate es una fragancia de la familia olfativa oriental amaderada para hombres. Mouj Intimate, una esencia que despierta los instintos m\u00e1s primarios de hombres y mujeres modernos.<\/p>\n<p>Su embriagadora salida de bergamota, or\u00e9gano y pimienta envuelve los sentidos en una explosi\u00f3n de poder y seducci\u00f3n. Como un hechizo hipn\u00f3tico, su coraz\u00f3n de incienso, \u00e1mbar y l\u00e1dano revela una masculinidad profunda y provocadora.<\/p>\n<p>En su fondo, la madera de oud despliega su magnetismo salvaje, entrelaz\u00e1ndose con la sensualidad del cuero y la calidez ex\u00f3tica del s\u00e1ndalo. El pachul\u00ed a\u00f1ade un toque terroso y enigm\u00e1tico, dejando una estela de deseo y misterio a cada paso.<\/p>\n<p>Mouj Intimate es una fragancia que encarna la esencia misma de la masculinidad, una oda a la fuerza y la pasi\u00f3n que yace en lo m\u00e1s \u00edntimo del ser. Una invitaci\u00f3n a liberar los deseos m\u00e1s ardientes y abrazar la seducci\u00f3n con confianza y determinaci\u00f3n!<\/p>\n<p><strong>Notas de salida:<\/strong> bergamota, or\u00e9gano, pimienta.<\/p>\n<p><strong>Notas de coraz\u00f3n:<\/strong> incienso, \u00e1mbar, l\u00e1dano.<\/p>\n<p><strong>Notas de fondo:<\/strong> madera de oud, cuero, s\u00e1ndalo, pachul\u00ed.<\/p>\n","protected":false},"excerpt":{"rendered":"<p>MOUJ INTIMATE Es una incre\u00edble bomba de especias de Oriente Medio que te transporta a un palacio real, rebosante de<\/p>\n","protected":false},"featured_media":100010,"comment_status":"open","ping_status":"closed","template":"","meta":{"nf_dc_page":""},"product_brand":[3077],"product_cat":[84],"product_tag":[3078],"class_list":{"0":"post-100009","1":"product","2":"type-product","3":"status-publish","4":"has-post-thumbnail","6":"product_brand-milestone","7":"product_cat-perfumeria","8":"product_tag-3078","10":"first","11":"instock","12":"shipping-taxable","13":"purchasable","14":"product-type-simple"},"_links":{"self":[{"href":"https:\/\/brandss.com.py\/index\/wp-json\/wp\/v2\/product\/100009","targetHints":{"allow":["GET"]}}],"collection":[{"href":"https:\/\/brandss.com.py\/index\/wp-json\/wp\/v2\/product"}],"about":[{"href":"https:\/\/brandss.com.py\/index\/wp-json\/wp\/v2\/types\/product"}],"replies":[{"embeddable":true,"href":"https:\/\/brandss.com.py\/index\/wp-json\/wp\/v2\/comments?post=100009"}],"version-history":[{"count":1,"href":"https:\/\/brandss.com.py\/index\/wp-json\/wp\/v2\/product\/100009\/revisions"}],"predecessor-version":[{"id":100014,"href":"https:\/\/brandss.com.py\/index\/wp-json\/wp\/v2\/product\/100009\/revisions\/100014"}],"wp:featuredmedia":[{"embeddable":true,"href":"https:\/\/brandss.com.py\/index\/wp-json\/wp\/v2\/media\/100010"}],"wp:attachment":[{"href":"https:\/\/brandss.com.py\/index\/wp-json\/wp\/v2\/media?parent=100009"}],"wp:term":[{"taxonomy":"product_brand","embeddable":true,"href":"https:\/\/brandss.com.py\/index\/wp-json\/wp\/v2\/product_brand?post=100009"},{"taxonomy":"product_cat","embeddable":true,"href":"https:\/\/brandss.com.py\/index\/wp-json\/wp\/v2\/product_cat?post=100009"},{"taxonomy":"product_tag","embeddable":true,"href":"https:\/\/brandss.com.py\/index\/wp-json\/wp\/v2\/product_tag?post=100009"}],"curies":[{"name":"wp","href":"https:\/\/api.w.org\/{rel}","templated":true}]}}