{"id":100015,"date":"2026-03-11T18:01:59","date_gmt":"2026-03-11T18:01:59","guid":{"rendered":"https:\/\/brandss.com.py\/index\/?post_type=product&#038;p=100015"},"modified":"2026-03-11T18:03:23","modified_gmt":"2026-03-11T18:03:23","slug":"perfume-femenino-beautik-london-chic-edt-100ml","status":"publish","type":"product","link":"https:\/\/brandss.com.py\/index\/producto\/perfume-femenino-beautik-london-chic-edt-100ml\/","title":{"rendered":"PERFUME FEMENINO BEAUT\u00ccK LONDON CHIC EDT 100ML"},"content":{"rendered":"<p><img loading=\"lazy\" decoding=\"async\" class=\"\" src=\"https:\/\/scontent.fagt1-1.fna.fbcdn.net\/v\/t39.30808-6\/490013598_1210163154452231_2790485620086521297_n.jpg?_nc_cat=111&amp;ccb=1-7&amp;_nc_sid=1d70fc&amp;_nc_ohc=WrJ1qPGyw-YQ7kNvwERC7JU&amp;_nc_oc=AdkJlCVf8Q7-TTeBMlGn9IFEOQS-XCf_nvVGz8OvSogHseb7Rdz_UKJd0rMfng1Xj38&amp;_nc_zt=23&amp;_nc_ht=scontent.fagt1-1.fna&amp;_nc_gid=iZvpRBD9wpMzAeY5iEJ5Bg&amp;_nc_ss=8&amp;oh=00_AfxSnIBSnmJECexyBBkyVhLpoA_SJITNd9JypGYvJSaRRw&amp;oe=69B77B9E\" width=\"88\" height=\"88\" \/><\/p>\n<h1>CHIC<\/h1>\n<p>Una fragancia que redefine la elegancia y la sofisticaci\u00f3n en cada gota. Elige el nuevo Eau de Toilette Chic for Women de la marca Beautik London, una propuesta ideal para acompa\u00f1arte a cada uno de tus eventos sociales.<\/p>\n<h3>Notas Olfativas<\/h3>\n<p>Chic for Women de Beautik es una fragancia femenina que combina frescura, sofisticaci\u00f3n y dulzura en perfecta armon\u00eda. Notas de la fragancia Se abre con la chispa vibrante de la bergamota, suavizada por el jugoso aroma del casis, brindando una primera impresi\u00f3n brillante y frutal. En su coraz\u00f3n florecen notas elegantes de rosa y jazm\u00edn, aportando un car\u00e1cter floral refinado. Finalmente, una base c\u00e1lida y envolvente de \u00e1mbar seco, almizcle y vainilla envuelve la piel con sutil sensualidad. Ideal para quien busca un aroma cautivador, elegante y vers\u00e1til, con un toque dulce y envolvente que deja una estela memorable.<\/p>\n<ul>\n<li><strong>Notas de salida:<\/strong> bergamota, casis.<\/li>\n<li><strong>Notas de coraz\u00f3n:<\/strong> rosa, jazm\u00edn.<\/li>\n<li><strong>Notas de fondo:<\/strong> ambar seco, almizcle, vainilla.<\/li>\n<\/ul>\n","protected":false},"excerpt":{"rendered":"<p>CHIC Una fragancia que redefine la elegancia y la sofisticaci\u00f3n en cada gota. Elige el nuevo Eau de Toilette Chic<\/p>\n","protected":false},"featured_media":100016,"comment_status":"open","ping_status":"closed","template":"","meta":{"nf_dc_page":""},"product_brand":[3079],"product_cat":[84],"product_tag":[3080],"class_list":{"0":"post-100015","1":"product","2":"type-product","3":"status-publish","4":"has-post-thumbnail","6":"product_brand-beautik-london","7":"product_cat-perfumeria","8":"product_tag-3080","10":"first","11":"instock","12":"shipping-taxable","13":"purchasable","14":"product-type-simple"},"_links":{"self":[{"href":"https:\/\/brandss.com.py\/index\/wp-json\/wp\/v2\/product\/100015","targetHints":{"allow":["GET"]}}],"collection":[{"href":"https:\/\/brandss.com.py\/index\/wp-json\/wp\/v2\/product"}],"about":[{"href":"https:\/\/brandss.com.py\/index\/wp-json\/wp\/v2\/types\/product"}],"replies":[{"embeddable":true,"href":"https:\/\/brandss.com.py\/index\/wp-json\/wp\/v2\/comments?post=100015"}],"version-history":[{"count":1,"href":"https:\/\/brandss.com.py\/index\/wp-json\/wp\/v2\/product\/100015\/revisions"}],"predecessor-version":[{"id":100018,"href":"https:\/\/brandss.com.py\/index\/wp-json\/wp\/v2\/product\/100015\/revisions\/100018"}],"wp:featuredmedia":[{"embeddable":true,"href":"https:\/\/brandss.com.py\/index\/wp-json\/wp\/v2\/media\/100016"}],"wp:attachment":[{"href":"https:\/\/brandss.com.py\/index\/wp-json\/wp\/v2\/media?parent=100015"}],"wp:term":[{"taxonomy":"product_brand","embeddable":true,"href":"https:\/\/brandss.com.py\/index\/wp-json\/wp\/v2\/product_brand?post=100015"},{"taxonomy":"product_cat","embeddable":true,"href":"https:\/\/brandss.com.py\/index\/wp-json\/wp\/v2\/product_cat?post=100015"},{"taxonomy":"product_tag","embeddable":true,"href":"https:\/\/brandss.com.py\/index\/wp-json\/wp\/v2\/product_tag?post=100015"}],"curies":[{"name":"wp","href":"https:\/\/api.w.org\/{rel}","templated":true}]}}