{"id":100019,"date":"2026-03-11T18:23:18","date_gmt":"2026-03-11T18:23:18","guid":{"rendered":"https:\/\/brandss.com.py\/index\/?post_type=product&#038;p=100019"},"modified":"2026-03-11T18:23:50","modified_gmt":"2026-03-11T18:23:50","slug":"perfume-femenino-beautik-london-rebel-ink-edt-100ml","status":"publish","type":"product","link":"https:\/\/brandss.com.py\/index\/producto\/perfume-femenino-beautik-london-rebel-ink-edt-100ml\/","title":{"rendered":"PERFUME FEMENINO BEAUT\u00ccK LONDON REBEL INK EDT 100ML"},"content":{"rendered":"<p><img loading=\"lazy\" decoding=\"async\" class=\"\" src=\"https:\/\/scontent.fagt1-1.fna.fbcdn.net\/v\/t39.30808-6\/490013598_1210163154452231_2790485620086521297_n.jpg?_nc_cat=111&amp;ccb=1-7&amp;_nc_sid=1d70fc&amp;_nc_ohc=WrJ1qPGyw-YQ7kNvwERC7JU&amp;_nc_oc=AdkJlCVf8Q7-TTeBMlGn9IFEOQS-XCf_nvVGz8OvSogHseb7Rdz_UKJd0rMfng1Xj38&amp;_nc_zt=23&amp;_nc_ht=scontent.fagt1-1.fna&amp;_nc_gid=iZvpRBD9wpMzAeY5iEJ5Bg&amp;_nc_ss=8&amp;oh=00_AfxSnIBSnmJECexyBBkyVhLpoA_SJITNd9JypGYvJSaRRw&amp;oe=69B77B9E\" width=\"85\" height=\"85\" \/><\/p>\n<h1>REBEL INK<\/h1>\n<p>Es una fragancia femenina moderna que combina notas florales, frutales y amaderadas, creando un aroma fresco, elegante y ligeramente dulce. Est\u00e1 pensada para mujeres con un estilo juvenil, seguro y con personalidad.<\/p>\n<h3>Notas Olfativas<\/h3>\n<p>Es una fragancia femenina que ofrece una combinaci\u00f3n de notas florales, frutales y amaderadas. Las notas de salida incluyen bergamota, hojas de violeta y manzana roja. Las notas de coraz\u00f3n incluyen jazm\u00edn, rosa y grosella negra, mientras que las notas de fondo incluyen pachul\u00ed, cedro y vainilla. Es una fragancia que se caracteriza por su frescura y elegancia. Rebel Ink For Women, te cautivar\u00e1 con su fragancia Oriental Floral.<\/p>\n<p><strong>Nota de salida:<\/strong> bergamota, hojas de violeta, manzana roja.<\/p>\n<p><strong> Notas de coraz\u00f3n:<\/strong> jazm\u00edn, rosa, grosella negra.<\/p>\n<p><strong>Notas de fondo:<\/strong> pachul\u00ed, cedro y vainilla.<\/p>\n<p>&nbsp;<\/p>\n","protected":false},"excerpt":{"rendered":"<p>REBEL INK Es una fragancia femenina moderna que combina notas florales, frutales y amaderadas, creando un aroma fresco, elegante y<\/p>\n","protected":false},"featured_media":100020,"comment_status":"open","ping_status":"closed","template":"","meta":{"nf_dc_page":""},"product_brand":[3079],"product_cat":[84],"product_tag":[3081],"class_list":{"0":"post-100019","1":"product","2":"type-product","3":"status-publish","4":"has-post-thumbnail","6":"product_brand-beautik-london","7":"product_cat-perfumeria","8":"product_tag-3081","10":"first","11":"instock","12":"shipping-taxable","13":"purchasable","14":"product-type-simple"},"_links":{"self":[{"href":"https:\/\/brandss.com.py\/index\/wp-json\/wp\/v2\/product\/100019","targetHints":{"allow":["GET"]}}],"collection":[{"href":"https:\/\/brandss.com.py\/index\/wp-json\/wp\/v2\/product"}],"about":[{"href":"https:\/\/brandss.com.py\/index\/wp-json\/wp\/v2\/types\/product"}],"replies":[{"embeddable":true,"href":"https:\/\/brandss.com.py\/index\/wp-json\/wp\/v2\/comments?post=100019"}],"version-history":[{"count":1,"href":"https:\/\/brandss.com.py\/index\/wp-json\/wp\/v2\/product\/100019\/revisions"}],"predecessor-version":[{"id":100023,"href":"https:\/\/brandss.com.py\/index\/wp-json\/wp\/v2\/product\/100019\/revisions\/100023"}],"wp:featuredmedia":[{"embeddable":true,"href":"https:\/\/brandss.com.py\/index\/wp-json\/wp\/v2\/media\/100020"}],"wp:attachment":[{"href":"https:\/\/brandss.com.py\/index\/wp-json\/wp\/v2\/media?parent=100019"}],"wp:term":[{"taxonomy":"product_brand","embeddable":true,"href":"https:\/\/brandss.com.py\/index\/wp-json\/wp\/v2\/product_brand?post=100019"},{"taxonomy":"product_cat","embeddable":true,"href":"https:\/\/brandss.com.py\/index\/wp-json\/wp\/v2\/product_cat?post=100019"},{"taxonomy":"product_tag","embeddable":true,"href":"https:\/\/brandss.com.py\/index\/wp-json\/wp\/v2\/product_tag?post=100019"}],"curies":[{"name":"wp","href":"https:\/\/api.w.org\/{rel}","templated":true}]}}