{"id":100024,"date":"2026-03-11T18:40:09","date_gmt":"2026-03-11T18:40:09","guid":{"rendered":"https:\/\/brandss.com.py\/index\/?post_type=product&#038;p=100024"},"modified":"2026-03-11T18:40:29","modified_gmt":"2026-03-11T18:40:29","slug":"perfume-masculino-beautik-london-imperial-edt-100ml","status":"publish","type":"product","link":"https:\/\/brandss.com.py\/index\/producto\/perfume-masculino-beautik-london-imperial-edt-100ml\/","title":{"rendered":"PERFUME MASCULINO BEAUT\u00ccK LONDON IMPERIAL EDT 100ML"},"content":{"rendered":"<p><img loading=\"lazy\" decoding=\"async\" class=\"\" src=\"https:\/\/scontent.fagt1-1.fna.fbcdn.net\/v\/t39.30808-6\/490013598_1210163154452231_2790485620086521297_n.jpg?_nc_cat=111&amp;ccb=1-7&amp;_nc_sid=1d70fc&amp;_nc_ohc=WrJ1qPGyw-YQ7kNvwERC7JU&amp;_nc_oc=AdkJlCVf8Q7-TTeBMlGn9IFEOQS-XCf_nvVGz8OvSogHseb7Rdz_UKJd0rMfng1Xj38&amp;_nc_zt=23&amp;_nc_ht=scontent.fagt1-1.fna&amp;_nc_gid=iZvpRBD9wpMzAeY5iEJ5Bg&amp;_nc_ss=8&amp;oh=00_AfxSnIBSnmJECexyBBkyVhLpoA_SJITNd9JypGYvJSaRRw&amp;oe=69B77B9E\" alt=\"490013598_1210163154452231_2790485620086521297_n.jpg (2048\u00d72048)\" width=\"100\" height=\"100\" \/><\/p>\n<h1>IMPERIAL<\/h1>\n<p>Es una esencia masculina creada para quienes buscan proyectar fuerza, elegancia y distinci\u00f3n. Su composici\u00f3n combina notas frescas y vibrantes con matices especiados y amaderados que aportan car\u00e1cter y sofisticaci\u00f3n. Perfecta para el hombre seguro de s\u00ed mismo que desea destacar tanto en su vida profesional como en momentos especiales, ofreciendo un aroma intenso, duradero y vers\u00e1til. Su presentaci\u00f3n garantiza practicidad y estilo, convirti\u00e9ndola en la elecci\u00f3n ideal para uso diario o como un regalo exclusivo que refleja buen gusto y personalidad.<\/p>\n<h3>Notas Olfativas<\/h3>\n<p><span class=\"vtex-product-specifications-1-x-specificationName\" data-specification-group=\"Informaci\u00f3n Emocional\" data-specification-name=\"Notas de Salida\"><strong>Notas de salida:<\/strong> m<\/span><span class=\"vtex-product-specifications-1-x-specificationValue vtex-product-specifications-1-x-specificationValue--first vtex-product-specifications-1-x-specificationValue--last\" data-specification-group=\"Informaci\u00f3n Emocional\" data-specification-name=\"Notas de Salida\" data-specification-value=\"Manzana, bergamota, naranja amarga.\">anzana, bergamota, naranja amarga.<\/span><\/p>\n<p><span class=\"vtex-product-specifications-1-x-specificationName\" data-specification-group=\"Informaci\u00f3n Emocional\" data-specification-name=\"Notas de Coraz\u00f3n\"><strong>Notas de coraz\u00f3n:<\/strong> t<\/span><span class=\"vtex-product-specifications-1-x-specificationValue vtex-product-specifications-1-x-specificationValue--first vtex-product-specifications-1-x-specificationValue--last\" data-specification-group=\"Informaci\u00f3n Emocional\" data-specification-name=\"Notas de Coraz\u00f3n\" data-specification-value=\"Tabaco, canela, jazm\u00edn, clavo, orris fusion.\">abaco, canela, jazm\u00edn, clavo, orris fusion.<\/span><\/p>\n<p><span class=\"vtex-product-specifications-1-x-specificationName\" data-specification-group=\"Informaci\u00f3n Emocional\" data-specification-name=\"Notas de Fondo\"><strong>Notas de fondo:<\/strong> \u00e1<\/span><span class=\"vtex-product-specifications-1-x-specificationValue vtex-product-specifications-1-x-specificationValue--first vtex-product-specifications-1-x-specificationValue--last\" data-specification-group=\"Informaci\u00f3n Emocional\" data-specification-name=\"Notas de Fondo\" data-specification-value=\"\u00c1mbar, almizcle, pachul\u00ed, vainilla\">mbar, almizcle, pachul\u00ed, vainilla.<\/span><\/p>\n","protected":false},"excerpt":{"rendered":"<p>IMPERIAL Es una esencia masculina creada para quienes buscan proyectar fuerza, elegancia y distinci\u00f3n. Su composici\u00f3n combina notas frescas y<\/p>\n","protected":false},"featured_media":100025,"comment_status":"open","ping_status":"closed","template":"","meta":{"nf_dc_page":""},"product_brand":[3079],"product_cat":[84],"product_tag":[3082],"class_list":{"0":"post-100024","1":"product","2":"type-product","3":"status-publish","4":"has-post-thumbnail","6":"product_brand-beautik-london","7":"product_cat-perfumeria","8":"product_tag-3082","10":"first","11":"instock","12":"shipping-taxable","13":"purchasable","14":"product-type-simple"},"_links":{"self":[{"href":"https:\/\/brandss.com.py\/index\/wp-json\/wp\/v2\/product\/100024","targetHints":{"allow":["GET"]}}],"collection":[{"href":"https:\/\/brandss.com.py\/index\/wp-json\/wp\/v2\/product"}],"about":[{"href":"https:\/\/brandss.com.py\/index\/wp-json\/wp\/v2\/types\/product"}],"replies":[{"embeddable":true,"href":"https:\/\/brandss.com.py\/index\/wp-json\/wp\/v2\/comments?post=100024"}],"version-history":[{"count":1,"href":"https:\/\/brandss.com.py\/index\/wp-json\/wp\/v2\/product\/100024\/revisions"}],"predecessor-version":[{"id":100028,"href":"https:\/\/brandss.com.py\/index\/wp-json\/wp\/v2\/product\/100024\/revisions\/100028"}],"wp:featuredmedia":[{"embeddable":true,"href":"https:\/\/brandss.com.py\/index\/wp-json\/wp\/v2\/media\/100025"}],"wp:attachment":[{"href":"https:\/\/brandss.com.py\/index\/wp-json\/wp\/v2\/media?parent=100024"}],"wp:term":[{"taxonomy":"product_brand","embeddable":true,"href":"https:\/\/brandss.com.py\/index\/wp-json\/wp\/v2\/product_brand?post=100024"},{"taxonomy":"product_cat","embeddable":true,"href":"https:\/\/brandss.com.py\/index\/wp-json\/wp\/v2\/product_cat?post=100024"},{"taxonomy":"product_tag","embeddable":true,"href":"https:\/\/brandss.com.py\/index\/wp-json\/wp\/v2\/product_tag?post=100024"}],"curies":[{"name":"wp","href":"https:\/\/api.w.org\/{rel}","templated":true}]}}