{"id":100035,"date":"2026-03-11T19:06:04","date_gmt":"2026-03-11T19:06:04","guid":{"rendered":"https:\/\/brandss.com.py\/index\/?post_type=product&#038;p=100035"},"modified":"2026-03-11T19:06:26","modified_gmt":"2026-03-11T19:06:26","slug":"perfume-masculino-beautik-london-unique-edt-95ml","status":"publish","type":"product","link":"https:\/\/brandss.com.py\/index\/producto\/perfume-masculino-beautik-london-unique-edt-95ml\/","title":{"rendered":"PERFUME MASCULINO BEAUT\u00ccK LONDON UNIQUE EDT 95ML"},"content":{"rendered":"<p><img loading=\"lazy\" decoding=\"async\" class=\"\" src=\"https:\/\/scontent.fagt1-1.fna.fbcdn.net\/v\/t39.30808-6\/490013598_1210163154452231_2790485620086521297_n.jpg?_nc_cat=111&amp;ccb=1-7&amp;_nc_sid=1d70fc&amp;_nc_ohc=WrJ1qPGyw-YQ7kNvwERC7JU&amp;_nc_oc=AdkJlCVf8Q7-TTeBMlGn9IFEOQS-XCf_nvVGz8OvSogHseb7Rdz_UKJd0rMfng1Xj38&amp;_nc_zt=23&amp;_nc_ht=scontent.fagt1-1.fna&amp;_nc_gid=iZvpRBD9wpMzAeY5iEJ5Bg&amp;_nc_ss=8&amp;oh=00_AfxSnIBSnmJECexyBBkyVhLpoA_SJITNd9JypGYvJSaRRw&amp;oe=69B77B9E\" width=\"98\" height=\"98\" \/><\/p>\n<h1>UNIQUE<\/h1>\n<p>Es una fragancia masculina moderna y atractiva que combina notas c\u00edtricas, arom\u00e1ticas y amaderadas, creando un aroma fresco pero con un fondo c\u00e1lido y elegante. Est\u00e1 dise\u00f1ada para hombres seguros, con estilo contempor\u00e1neo y personalidad cautivadora. Una fragancia de intenso aroma, ideal para acompa\u00f1arte en tus actividades. Elige el nuevo Eau de Toilette Unique for Men\u00a0de la marca Beautik London, una propuesta perfecta para formar parte de tu rutina.<\/p>\n<h3>Notas Olfativas<\/h3>\n<p><strong>Notas de salida:<\/strong> bergamota, naranja.<\/p>\n<p><strong>Notas de coraz\u00f3n:<\/strong> lavanda, geranio.<\/p>\n<p><strong>Notas de fondo:<\/strong> notas amaderadas, \u00e1mbar.<\/p>\n","protected":false},"excerpt":{"rendered":"<p>UNIQUE Es una fragancia masculina moderna y atractiva que combina notas c\u00edtricas, arom\u00e1ticas y amaderadas, creando un aroma fresco pero<\/p>\n","protected":false},"featured_media":100036,"comment_status":"open","ping_status":"closed","template":"","meta":{"nf_dc_page":""},"product_brand":[3079],"product_cat":[84],"product_tag":[3084],"class_list":{"0":"post-100035","1":"product","2":"type-product","3":"status-publish","4":"has-post-thumbnail","6":"product_brand-beautik-london","7":"product_cat-perfumeria","8":"product_tag-3084","10":"first","11":"instock","12":"shipping-taxable","13":"purchasable","14":"product-type-simple"},"_links":{"self":[{"href":"https:\/\/brandss.com.py\/index\/wp-json\/wp\/v2\/product\/100035","targetHints":{"allow":["GET"]}}],"collection":[{"href":"https:\/\/brandss.com.py\/index\/wp-json\/wp\/v2\/product"}],"about":[{"href":"https:\/\/brandss.com.py\/index\/wp-json\/wp\/v2\/types\/product"}],"replies":[{"embeddable":true,"href":"https:\/\/brandss.com.py\/index\/wp-json\/wp\/v2\/comments?post=100035"}],"version-history":[{"count":1,"href":"https:\/\/brandss.com.py\/index\/wp-json\/wp\/v2\/product\/100035\/revisions"}],"predecessor-version":[{"id":100038,"href":"https:\/\/brandss.com.py\/index\/wp-json\/wp\/v2\/product\/100035\/revisions\/100038"}],"wp:featuredmedia":[{"embeddable":true,"href":"https:\/\/brandss.com.py\/index\/wp-json\/wp\/v2\/media\/100036"}],"wp:attachment":[{"href":"https:\/\/brandss.com.py\/index\/wp-json\/wp\/v2\/media?parent=100035"}],"wp:term":[{"taxonomy":"product_brand","embeddable":true,"href":"https:\/\/brandss.com.py\/index\/wp-json\/wp\/v2\/product_brand?post=100035"},{"taxonomy":"product_cat","embeddable":true,"href":"https:\/\/brandss.com.py\/index\/wp-json\/wp\/v2\/product_cat?post=100035"},{"taxonomy":"product_tag","embeddable":true,"href":"https:\/\/brandss.com.py\/index\/wp-json\/wp\/v2\/product_tag?post=100035"}],"curies":[{"name":"wp","href":"https:\/\/api.w.org\/{rel}","templated":true}]}}