{"id":100039,"date":"2026-03-12T10:52:43","date_gmt":"2026-03-12T10:52:43","guid":{"rendered":"https:\/\/brandss.com.py\/index\/?post_type=product&#038;p=100039"},"modified":"2026-03-12T10:53:18","modified_gmt":"2026-03-12T10:53:18","slug":"perfume-masculino-beautik-london-red-edt-100ml","status":"publish","type":"product","link":"https:\/\/brandss.com.py\/index\/producto\/perfume-masculino-beautik-london-red-edt-100ml\/","title":{"rendered":"PERFUME MASCULINO BEAUT\u00ccK LONDON RED EDT 100ML"},"content":{"rendered":"<p><img loading=\"lazy\" decoding=\"async\" class=\"\" src=\"https:\/\/scontent.fagt1-1.fna.fbcdn.net\/v\/t39.30808-6\/490013598_1210163154452231_2790485620086521297_n.jpg?_nc_cat=111&amp;ccb=1-7&amp;_nc_sid=1d70fc&amp;_nc_ohc=WrJ1qPGyw-YQ7kNvwERC7JU&amp;_nc_oc=AdkJlCVf8Q7-TTeBMlGn9IFEOQS-XCf_nvVGz8OvSogHseb7Rdz_UKJd0rMfng1Xj38&amp;_nc_zt=23&amp;_nc_ht=scontent.fagt1-1.fna&amp;_nc_gid=KBcdcuik7lf3I2j-ohsuoQ&amp;_nc_ss=8&amp;oh=00_AfxWu6SAqVgcHqeUbPiDG1Ut6lciXYoKhWL3PIRPaGTcVw&amp;oe=69B85C9E\" width=\"61\" height=\"61\" \/><\/p>\n<h1>RED<\/h1>\n<p>\u00a1Un s\u00edmbolo de distinci\u00f3n y confianza para el hombre moderno! Elige el nuevo eau de toilette Red for men de la marca Beautik London, un producto con notas c\u00edtricas que te encantar\u00e1 usar en cada uno de tus eventos casuales.<\/p>\n<p>Red es un aroma audaz y sofisticado, perfecto para el hombre moderno que busca dejar huella. Su fragancia fresca y envolvente realza la personalidad masculina en cualquier ocasi\u00f3n. Ideal para el d\u00eda o la noche, brinda confianza y estilo.<\/p>\n<h3>Notas Olfativas<\/h3>\n<p>Red for Men de Beautik es una fragancia masculina de familia olfativa arom\u00e1tica-foug\u00e8re, que combina elegancia y energ\u00eda. Las notas de la fragancia se abren con una salida c\u00edtrica fresca, protagonizada por lim\u00f3n y bergamota, que despierta los sentidos desde el primer momento. En su coraz\u00f3n fluye una combinaci\u00f3n arom\u00e1tica y equilibrada de lavanda con matices verdes y especiados, aportando profundidad y sofisticaci\u00f3n. La base se apoya en una c\u00e1lida estela amaderada, donde el \u00e1mbar, el almizcle y un sutil toque de vainilla entregan un final envolvente y refinado. Ideal para el hombre moderno que desea una fragancia vers\u00e1til y afable, memorable pero sin exageraciones.<\/p>\n<p><strong>Notas de salida:<\/strong> lim\u00f3n, bergamota.<\/p>\n<p><strong>Notas de coraz\u00f3n:<\/strong> lavanda, notas arom\u00e1ticas.<\/p>\n<p><strong>Notas de fondo:<\/strong> \u00e1mbar, almizcle, vainilla.<\/p>\n","protected":false},"excerpt":{"rendered":"<p>RED \u00a1Un s\u00edmbolo de distinci\u00f3n y confianza para el hombre moderno! Elige el nuevo eau de toilette Red for men<\/p>\n","protected":false},"featured_media":100041,"comment_status":"open","ping_status":"closed","template":"","meta":{"nf_dc_page":""},"product_brand":[3079],"product_cat":[84],"product_tag":[3085],"class_list":{"0":"post-100039","1":"product","2":"type-product","3":"status-publish","4":"has-post-thumbnail","6":"product_brand-beautik-london","7":"product_cat-perfumeria","8":"product_tag-3085","10":"first","11":"instock","12":"shipping-taxable","13":"purchasable","14":"product-type-simple"},"_links":{"self":[{"href":"https:\/\/brandss.com.py\/index\/wp-json\/wp\/v2\/product\/100039","targetHints":{"allow":["GET"]}}],"collection":[{"href":"https:\/\/brandss.com.py\/index\/wp-json\/wp\/v2\/product"}],"about":[{"href":"https:\/\/brandss.com.py\/index\/wp-json\/wp\/v2\/types\/product"}],"replies":[{"embeddable":true,"href":"https:\/\/brandss.com.py\/index\/wp-json\/wp\/v2\/comments?post=100039"}],"version-history":[{"count":1,"href":"https:\/\/brandss.com.py\/index\/wp-json\/wp\/v2\/product\/100039\/revisions"}],"predecessor-version":[{"id":100042,"href":"https:\/\/brandss.com.py\/index\/wp-json\/wp\/v2\/product\/100039\/revisions\/100042"}],"wp:featuredmedia":[{"embeddable":true,"href":"https:\/\/brandss.com.py\/index\/wp-json\/wp\/v2\/media\/100041"}],"wp:attachment":[{"href":"https:\/\/brandss.com.py\/index\/wp-json\/wp\/v2\/media?parent=100039"}],"wp:term":[{"taxonomy":"product_brand","embeddable":true,"href":"https:\/\/brandss.com.py\/index\/wp-json\/wp\/v2\/product_brand?post=100039"},{"taxonomy":"product_cat","embeddable":true,"href":"https:\/\/brandss.com.py\/index\/wp-json\/wp\/v2\/product_cat?post=100039"},{"taxonomy":"product_tag","embeddable":true,"href":"https:\/\/brandss.com.py\/index\/wp-json\/wp\/v2\/product_tag?post=100039"}],"curies":[{"name":"wp","href":"https:\/\/api.w.org\/{rel}","templated":true}]}}