{"id":100043,"date":"2026-03-12T12:06:18","date_gmt":"2026-03-12T12:06:18","guid":{"rendered":"https:\/\/brandss.com.py\/index\/?post_type=product&#038;p=100043"},"modified":"2026-03-12T12:06:50","modified_gmt":"2026-03-12T12:06:50","slug":"perfume-masculino-police-to-be-bad-guy-edt-125ml","status":"publish","type":"product","link":"https:\/\/brandss.com.py\/index\/producto\/perfume-masculino-police-to-be-bad-guy-edt-125ml\/","title":{"rendered":"PERFUME MASCULINO POLICE TO BE BAD GUY EDT 125ML"},"content":{"rendered":"<p><img loading=\"lazy\" decoding=\"async\" class=\"\" src=\"https:\/\/1000marcas.net\/wp-content\/uploads\/2020\/03\/logo-Police.png\" alt=\"Police Logo - s\u00edmbolo, significado logotipo, historia, PNG\" width=\"149\" height=\"84\" \/><\/p>\n<h1>TO BE BAD GUY<\/h1>\n<p><em><strong>\u00a1Cuidado, fragancia muy seductora! \u00a1Porque los malos se divierten m\u00e1s!<\/strong><\/em><\/p>\n<p>La ic\u00f3nica calavera de Police adquiere un nuevo look: TO BE BAD GUY. Atrevida, reconocible y moderna. Para adaptarse a la personalidad atrevida y exc\u00e9ntrica del hombre que sabe lo que quiere: disfrutar de todos los placeres de la vida.<img decoding=\"async\" class=\"alignleft\" src=\"https:\/\/media.superdrug.com\/\/medias\/sys_master\/prd-images\/h64\/h6c\/10937916260382\/prd-side-791182_600x600\/prd-side-791182-600x600.jpg\" \/><\/p>\n<p>Est\u00e1 impregnado de la energ\u00eda de una megal\u00f3polis y te impulsa a avanzar hacia la meta, porque la vida en la gran ciudad no admite otro enfoque. Su exquisita composici\u00f3n es perfecta para un hombre seguro de s\u00ed mismo y complementa su estilo diario. Su original dise\u00f1o puede convertir este perfume en la joya de tu colecci\u00f3n.<\/p>\n<p>&nbsp;<\/p>\n<h3>Notas Olfativas<\/h3>\n<p><span dir=\"auto\">Dile adi\u00f3s al chico dulce, \u00a1porque los malos se divierten m\u00e1s!<\/span><\/p>\n<p><span dir=\"auto\">Audaz. Atrevida. Irresistible. La fragancia Police To Be Bad Guy es una fragancia verde, chispeante y ultramoderna con notas principales de c\u00edtricos, lavanda y pachul\u00ed. \u00a1Una aut\u00e9ntica inyecci\u00f3n de frescura, perfecta para el d\u00eda y la noche!<\/span><\/p>\n<p><span dir=\"auto\">En contraste, la salida se abre con notas efervescentes de bergamota y lavanda para suavizarse en el coraz\u00f3n con un dulce acorde de sorbete de manzana. Las notas de fondo terminan con notas duraderas y masculinas de musgo, vainilla, pachul\u00ed y toques de caramelo caliente que perduran toda la noche.<\/span><\/p>\n<p>Una fragancia embriagadora llena de contrastes. Comienza con una brillante nota de salida de naranja sanguina. Un fresco y suave sorbete de manzana verde se funde con una intensa mousse de vainilla y haba tonka, con notas de vetiver y almizcle, y gotas de caramelo envolvente en una f\u00f3rmula s\u00faper seductora.<\/p>\n<p>&nbsp;<\/p>\n<div id=\"product-piramid\" class=\"col-lg-5 offset-lg-1\">\n<div class=\"section-content\">\n<div id=\"product-details\" class=\"clearfix\" data-product=\"{&quot;id_shop_default&quot;:&quot;1&quot;,&quot;id_manufacturer&quot;:&quot;0&quot;,&quot;id_supplier&quot;:&quot;0&quot;,&quot;reference&quot;:&quot;1801121&quot;,&quot;is_virtual&quot;:&quot;0&quot;,&quot;delivery_in_stock&quot;:&quot;&quot;,&quot;delivery_out_stock&quot;:&quot;&quot;,&quot;id_category_default&quot;:&quot;193&quot;,&quot;on_sale&quot;:&quot;0&quot;,&quot;online_only&quot;:&quot;0&quot;,&quot;ecotax&quot;:0,&quot;minimal_quantity&quot;:&quot;1&quot;,&quot;low_stock_threshold&quot;:null,&quot;low_stock_alert&quot;:&quot;0&quot;,&quot;price&quot;:&quot;\\u20ac0.00&quot;,&quot;unity&quot;:&quot;&quot;,&quot;unit_price_ratio&quot;:&quot;0.000000&quot;,&quot;additional_shipping_cost&quot;:&quot;0.00&quot;,&quot;customizable&quot;:&quot;0&quot;,&quot;text_fields&quot;:&quot;0&quot;,&quot;uploadable_files&quot;:&quot;0&quot;,&quot;redirect_type&quot;:&quot;301-category&quot;,&quot;id_type_redirected&quot;:&quot;0&quot;,&quot;available_for_order&quot;:&quot;1&quot;,&quot;available_date&quot;:&quot;0000-00-00&quot;,&quot;show_condition&quot;:&quot;0&quot;,&quot;condition&quot;:&quot;new&quot;,&quot;show_price&quot;:&quot;1&quot;,&quot;indexed&quot;:&quot;1&quot;,&quot;visibility&quot;:&quot;both&quot;,&quot;cache_default_attribute&quot;:&quot;0&quot;,&quot;advanced_stock_management&quot;:&quot;0&quot;,&quot;date_add&quot;:&quot;2021-01-20 09:43:24&quot;,&quot;date_upd&quot;:&quot;2026-03-12 09:31:42&quot;,&quot;pack_stock_type&quot;:&quot;3&quot;,&quot;meta_description&quot;:&quot;&quot;,&quot;meta_keywords&quot;:&quot;&quot;,&quot;meta_title&quot;:&quot;&quot;,&quot;link_rewrite&quot;:&quot;to-be-bad-guy-edt-125ml&quot;,&quot;name&quot;:&quot;To Be Bad Guy EDT 125ml&quot;,&quot;description&quot;:&quot;&lt;dl id=\\&quot;collateral-tabs\\&quot; class=\\&quot;collateral-tabs\\&quot;&gt;&lt;dd class=\\&quot;tab-container current\\&quot;&gt;\\n&lt;div class=\\&quot;tab-content fragranza\\&quot;&gt;An inebriating fragrance abounding in contrasts. Starting with a sparkling top note of blood orange. Fresh, smooth green apple sorbet trails off into a bold vanilla and tonka bean mousse, with notes of vetiver and musk and drops of enveloping caramel in a super-seductive formula. Olfactory family: Woody - Aromatic - Spicy&lt;\\\/div&gt;\\n&lt;\\\/dd&gt;&lt;\\\/dl&gt;&quot;,&quot;description_short&quot;:&quot;&lt;p&gt;The iconic Police skull takes on a new look: TO BE BAD GUY. Bold, recognisable and trendy. To suit the bold, eccentric personality of the guy who knows what he wants: to enjoy all the pleasures life has to offer.&lt;\\\/p&gt;&quot;,&quot;available_now&quot;:&quot;&quot;,&quot;available_later&quot;:&quot;&quot;,&quot;id&quot;:287,&quot;id_product&quot;:287,&quot;out_of_stock&quot;:2,&quot;new&quot;:0,&quot;id_product_attribute&quot;:&quot;0&quot;,&quot;quantity_wanted&quot;:1,&quot;extraContent&quot;:[{&quot;title&quot;:&quot;Product tab title&quot;,&quot;content&quot;:&quot;&quot;,&quot;attr&quot;:{&quot;id&quot;:&quot;&quot;,&quot;class&quot;:&quot;&quot;},&quot;moduleName&quot;:&quot;totcustomfields&quot;}],&quot;allow_oosp&quot;:0,&quot;category&quot;:&quot;to-be-bad-guy-sweet-girl&quot;,&quot;category_name&quot;:&quot;TO BE BAD GUY-SWEET GIRL&quot;,&quot;link&quot;:&quot;https:\\\/\\\/www.mavive.com\\\/en\\\/to-be-bad-guy-sweet-girl\\\/287-to-be-bad-guy-edt-125ml-1903.html&quot;,&quot;attribute_price&quot;:0,&quot;price_tax_exc&quot;:0,&quot;price_without_reduction&quot;:0,&quot;reduction&quot;:0,&quot;specific_prices&quot;:false,&quot;quantity&quot;:5,&quot;quantity_all_versions&quot;:5,&quot;id_image&quot;:&quot;en-default&quot;,&quot;features&quot;:[{&quot;name&quot;:&quot;Head Notes&quot;,&quot;value&quot;:&quot;Nutmeg&quot;,&quot;id_feature&quot;:&quot;5&quot;,&quot;position&quot;:&quot;2&quot;},{&quot;name&quot;:&quot;Head Notes&quot;,&quot;value&quot;:&quot;Peppermint&quot;,&quot;id_feature&quot;:&quot;5&quot;,&quot;position&quot;:&quot;2&quot;},{&quot;name&quot;:&quot;Head Notes&quot;,&quot;value&quot;:&quot;Orange&quot;,&quot;id_feature&quot;:&quot;5&quot;,&quot;position&quot;:&quot;2&quot;},{&quot;name&quot;:&quot;Head Notes&quot;,&quot;value&quot;:&quot;red thyme oil&quot;,&quot;id_feature&quot;:&quot;5&quot;,&quot;position&quot;:&quot;2&quot;},{&quot;name&quot;:&quot;Head Notes&quot;,&quot;value&quot;:&quot;green notes&quot;,&quot;id_feature&quot;:&quot;5&quot;,&quot;position&quot;:&quot;2&quot;},{&quot;name&quot;:&quot;Heart Notes&quot;,&quot;value&quot;:&quot;Silky geranium&quot;,&quot;id_feature&quot;:&quot;6&quot;,&quot;position&quot;:&quot;3&quot;},{&quot;name&quot;:&quot;Heart Notes&quot;,&quot;value&quot;:&quot;white flower petals&quot;,&quot;id_feature&quot;:&quot;6&quot;,&quot;position&quot;:&quot;3&quot;},{&quot;name&quot;:&quot;Heart Notes&quot;,&quot;value&quot;:&quot;green apple sorbet&quot;,&quot;id_feature&quot;:&quot;6&quot;,&quot;position&quot;:&quot;3&quot;},{&quot;name&quot;:&quot;Foot Notes&quot;,&quot;value&quot;:&quot;Musk&quot;,&quot;id_feature&quot;:&quot;7&quot;,&quot;position&quot;:&quot;4&quot;},{&quot;name&quot;:&quot;Foot Notes&quot;,&quot;value&quot;:&quot;Vanilla&quot;,&quot;id_feature&quot;:&quot;7&quot;,&quot;position&quot;:&quot;4&quot;},{&quot;name&quot;:&quot;Foot Notes&quot;,&quot;value&quot;:&quot;Vetiver&quot;,&quot;id_feature&quot;:&quot;7&quot;,&quot;position&quot;:&quot;4&quot;},{&quot;name&quot;:&quot;Foot Notes&quot;,&quot;value&quot;:&quot;Tonka Bean&quot;,&quot;id_feature&quot;:&quot;7&quot;,&quot;position&quot;:&quot;4&quot;},{&quot;name&quot;:&quot;Foot Notes&quot;,&quot;value&quot;:&quot;caramel&quot;,&quot;id_feature&quot;:&quot;7&quot;,&quot;position&quot;:&quot;4&quot;}],&quot;attachments&quot;:[],&quot;virtual&quot;:0,&quot;pack&quot;:0,&quot;packItems&quot;:[],&quot;nopackprice&quot;:0,&quot;customization_required&quot;:false,&quot;rate&quot;:0,&quot;tax_name&quot;:&quot;&quot;,&quot;ecotax_rate&quot;:0,&quot;unit_price&quot;:&quot;&quot;,&quot;customizations&quot;:{&quot;fields&quot;:[]},&quot;id_customization&quot;:0,&quot;is_customizable&quot;:false,&quot;show_quantities&quot;:false,&quot;quantity_label&quot;:&quot;Items&quot;,&quot;quantity_discounts&quot;:[],&quot;customer_group_discount&quot;:0,&quot;images&quot;:[{&quot;bySize&quot;:{&quot;image-note&quot;:{&quot;url&quot;:&quot;https:\\\/\\\/www.mavive.com\\\/788-image-note\\\/to-be-bad-guy-edt-125ml.jpg&quot;,&quot;width&quot;:90,&quot;height&quot;:90},&quot;small_default&quot;:{&quot;url&quot;:&quot;https:\\\/\\\/www.mavive.com\\\/788-small_default\\\/to-be-bad-guy-edt-125ml.jpg&quot;,&quot;width&quot;:98,&quot;height&quot;:127},&quot;cart_default&quot;:{&quot;url&quot;:&quot;https:\\\/\\\/www.mavive.com\\\/788-cart_default\\\/to-be-bad-guy-edt-125ml.jpg&quot;,&quot;width&quot;:125,&quot;height&quot;:162},&quot;home_default&quot;:{&quot;url&quot;:&quot;https:\\\/\\\/www.mavive.com\\\/788-home_default\\\/to-be-bad-guy-edt-125ml.jpg&quot;,&quot;width&quot;:500,&quot;height&quot;:600},&quot;medium_default&quot;:{&quot;url&quot;:&quot;https:\\\/\\\/www.mavive.com\\\/788-medium_default\\\/to-be-bad-guy-edt-125ml.jpg&quot;,&quot;width&quot;:500,&quot;height&quot;:600},&quot;large_default&quot;:{&quot;url&quot;:&quot;https:\\\/\\\/www.mavive.com\\\/788-large_default\\\/to-be-bad-guy-edt-125ml.jpg&quot;,&quot;width&quot;:1000,&quot;height&quot;:1200},&quot;thickbox_default&quot;:{&quot;url&quot;:&quot;https:\\\/\\\/www.mavive.com\\\/788-thickbox_default\\\/to-be-bad-guy-edt-125ml.jpg&quot;,&quot;width&quot;:1000,&quot;height&quot;:1200}},&quot;small&quot;:{&quot;url&quot;:&quot;https:\\\/\\\/www.mavive.com\\\/788-image-note\\\/to-be-bad-guy-edt-125ml.jpg&quot;,&quot;width&quot;:90,&quot;height&quot;:90},&quot;medium&quot;:{&quot;url&quot;:&quot;https:\\\/\\\/www.mavive.com\\\/788-home_default\\\/to-be-bad-guy-edt-125ml.jpg&quot;,&quot;width&quot;:500,&quot;height&quot;:600},&quot;large&quot;:{&quot;url&quot;:&quot;https:\\\/\\\/www.mavive.com\\\/788-thickbox_default\\\/to-be-bad-guy-edt-125ml.jpg&quot;,&quot;width&quot;:1000,&quot;height&quot;:1200},&quot;legend&quot;:&quot;&quot;,&quot;cover&quot;:&quot;1&quot;,&quot;id_image&quot;:&quot;788&quot;,&quot;position&quot;:&quot;1&quot;,&quot;associatedVariants&quot;:[]},{&quot;bySize&quot;:{&quot;image-note&quot;:{&quot;url&quot;:&quot;https:\\\/\\\/www.mavive.com\\\/787-image-note\\\/to-be-bad-guy-edt-125ml.jpg&quot;,&quot;width&quot;:90,&quot;height&quot;:90},&quot;small_default&quot;:{&quot;url&quot;:&quot;https:\\\/\\\/www.mavive.com\\\/787-small_default\\\/to-be-bad-guy-edt-125ml.jpg&quot;,&quot;width&quot;:98,&quot;height&quot;:127},&quot;cart_default&quot;:{&quot;url&quot;:&quot;https:\\\/\\\/www.mavive.com\\\/787-cart_default\\\/to-be-bad-guy-edt-125ml.jpg&quot;,&quot;width&quot;:125,&quot;height&quot;:162},&quot;home_default&quot;:{&quot;url&quot;:&quot;https:\\\/\\\/www.mavive.com\\\/787-home_default\\\/to-be-bad-guy-edt-125ml.jpg&quot;,&quot;width&quot;:500,&quot;height&quot;:600},&quot;medium_default&quot;:{&quot;url&quot;:&quot;https:\\\/\\\/www.mavive.com\\\/787-medium_default\\\/to-be-bad-guy-edt-125ml.jpg&quot;,&quot;width&quot;:500,&quot;height&quot;:600},&quot;large_default&quot;:{&quot;url&quot;:&quot;https:\\\/\\\/www.mavive.com\\\/787-large_default\\\/to-be-bad-guy-edt-125ml.jpg&quot;,&quot;width&quot;:1000,&quot;height&quot;:1200},&quot;thickbox_default&quot;:{&quot;url&quot;:&quot;https:\\\/\\\/www.mavive.com\\\/787-thickbox_default\\\/to-be-bad-guy-edt-125ml.jpg&quot;,&quot;width&quot;:1000,&quot;height&quot;:1200}},&quot;small&quot;:{&quot;url&quot;:&quot;https:\\\/\\\/www.mavive.com\\\/787-image-note\\\/to-be-bad-guy-edt-125ml.jpg&quot;,&quot;width&quot;:90,&quot;height&quot;:90},&quot;medium&quot;:{&quot;url&quot;:&quot;https:\\\/\\\/www.mavive.com\\\/787-home_default\\\/to-be-bad-guy-edt-125ml.jpg&quot;,&quot;width&quot;:500,&quot;height&quot;:600},&quot;large&quot;:{&quot;url&quot;:&quot;https:\\\/\\\/www.mavive.com\\\/787-thickbox_default\\\/to-be-bad-guy-edt-125ml.jpg&quot;,&quot;width&quot;:1000,&quot;height&quot;:1200},&quot;legend&quot;:&quot;&quot;,&quot;cover&quot;:null,&quot;id_image&quot;:&quot;787&quot;,&quot;position&quot;:&quot;2&quot;,&quot;associatedVariants&quot;:[]}],&quot;cover&quot;:{&quot;bySize&quot;:{&quot;image-note&quot;:{&quot;url&quot;:&quot;https:\\\/\\\/www.mavive.com\\\/788-image-note\\\/to-be-bad-guy-edt-125ml.jpg&quot;,&quot;width&quot;:90,&quot;height&quot;:90},&quot;small_default&quot;:{&quot;url&quot;:&quot;https:\\\/\\\/www.mavive.com\\\/788-small_default\\\/to-be-bad-guy-edt-125ml.jpg&quot;,&quot;width&quot;:98,&quot;height&quot;:127},&quot;cart_default&quot;:{&quot;url&quot;:&quot;https:\\\/\\\/www.mavive.com\\\/788-cart_default\\\/to-be-bad-guy-edt-125ml.jpg&quot;,&quot;width&quot;:125,&quot;height&quot;:162},&quot;home_default&quot;:{&quot;url&quot;:&quot;https:\\\/\\\/www.mavive.com\\\/788-home_default\\\/to-be-bad-guy-edt-125ml.jpg&quot;,&quot;width&quot;:500,&quot;height&quot;:600},&quot;medium_default&quot;:{&quot;url&quot;:&quot;https:\\\/\\\/www.mavive.com\\\/788-medium_default\\\/to-be-bad-guy-edt-125ml.jpg&quot;,&quot;width&quot;:500,&quot;height&quot;:600},&quot;large_default&quot;:{&quot;url&quot;:&quot;https:\\\/\\\/www.mavive.com\\\/788-large_default\\\/to-be-bad-guy-edt-125ml.jpg&quot;,&quot;width&quot;:1000,&quot;height&quot;:1200},&quot;thickbox_default&quot;:{&quot;url&quot;:&quot;https:\\\/\\\/www.mavive.com\\\/788-thickbox_default\\\/to-be-bad-guy-edt-125ml.jpg&quot;,&quot;width&quot;:1000,&quot;height&quot;:1200}},&quot;small&quot;:{&quot;url&quot;:&quot;https:\\\/\\\/www.mavive.com\\\/788-image-note\\\/to-be-bad-guy-edt-125ml.jpg&quot;,&quot;width&quot;:90,&quot;height&quot;:90},&quot;medium&quot;:{&quot;url&quot;:&quot;https:\\\/\\\/www.mavive.com\\\/788-home_default\\\/to-be-bad-guy-edt-125ml.jpg&quot;,&quot;width&quot;:500,&quot;height&quot;:600},&quot;large&quot;:{&quot;url&quot;:&quot;https:\\\/\\\/www.mavive.com\\\/788-thickbox_default\\\/to-be-bad-guy-edt-125ml.jpg&quot;,&quot;width&quot;:1000,&quot;height&quot;:1200},&quot;legend&quot;:&quot;&quot;,&quot;cover&quot;:&quot;1&quot;,&quot;id_image&quot;:&quot;788&quot;,&quot;position&quot;:&quot;1&quot;,&quot;associatedVariants&quot;:[]},&quot;has_discount&quot;:false,&quot;discount_type&quot;:null,&quot;discount_percentage&quot;:null,&quot;discount_percentage_absolute&quot;:null,&quot;discount_amount&quot;:null,&quot;discount_amount_to_display&quot;:null,&quot;price_amount&quot;:0,&quot;unit_price_full&quot;:&quot;&quot;,&quot;show_availability&quot;:true,&quot;availability_date&quot;:null,&quot;availability_message&quot;:&quot;&quot;,&quot;availability&quot;:&quot;available&quot;}\">\n<section class=\"product-features\">\n<div class=\"row \">\n<div class=\"col-4 mb-20\"><strong class=\"name\"><span dir=\"auto\">Notas de salida: <\/span><\/strong>nuez moscada, naranja, menta, notas verdes, aceite de tomillo rojo.<\/div>\n<div class=\"col-4 mb-20\"><strong class=\"name\"><span dir=\"auto\">Notas de coraz\u00f3n: <\/span><\/strong>geranio, sorbete de manzana verde, p\u00e9talos de flores blancas.<\/div>\n<div class=\"col-4 mb-20\"><strong class=\"name\"><span dir=\"auto\">Notas de fondo: <\/span><\/strong>almizcle, haba tonka, vainilla, vetiver, caramelo.<\/div>\n<\/div>\n<\/section>\n<\/div>\n<\/div>\n<\/div>\n<p>&nbsp;<\/p>\n","protected":false},"excerpt":{"rendered":"<p>TO BE BAD GUY \u00a1Cuidado, fragancia muy seductora! \u00a1Porque los malos se divierten m\u00e1s! La ic\u00f3nica calavera de Police adquiere<\/p>\n","protected":false},"featured_media":100044,"comment_status":"open","ping_status":"closed","template":"","meta":{"nf_dc_page":""},"product_brand":[2029],"product_cat":[84],"product_tag":[3089],"class_list":{"0":"post-100043","1":"product","2":"type-product","3":"status-publish","4":"has-post-thumbnail","6":"product_brand-police","7":"product_cat-perfumeria","8":"product_tag-3089","10":"first","11":"instock","12":"shipping-taxable","13":"purchasable","14":"product-type-simple"},"_links":{"self":[{"href":"https:\/\/brandss.com.py\/index\/wp-json\/wp\/v2\/product\/100043","targetHints":{"allow":["GET"]}}],"collection":[{"href":"https:\/\/brandss.com.py\/index\/wp-json\/wp\/v2\/product"}],"about":[{"href":"https:\/\/brandss.com.py\/index\/wp-json\/wp\/v2\/types\/product"}],"replies":[{"embeddable":true,"href":"https:\/\/brandss.com.py\/index\/wp-json\/wp\/v2\/comments?post=100043"}],"version-history":[{"count":1,"href":"https:\/\/brandss.com.py\/index\/wp-json\/wp\/v2\/product\/100043\/revisions"}],"predecessor-version":[{"id":100051,"href":"https:\/\/brandss.com.py\/index\/wp-json\/wp\/v2\/product\/100043\/revisions\/100051"}],"wp:featuredmedia":[{"embeddable":true,"href":"https:\/\/brandss.com.py\/index\/wp-json\/wp\/v2\/media\/100044"}],"wp:attachment":[{"href":"https:\/\/brandss.com.py\/index\/wp-json\/wp\/v2\/media?parent=100043"}],"wp:term":[{"taxonomy":"product_brand","embeddable":true,"href":"https:\/\/brandss.com.py\/index\/wp-json\/wp\/v2\/product_brand?post=100043"},{"taxonomy":"product_cat","embeddable":true,"href":"https:\/\/brandss.com.py\/index\/wp-json\/wp\/v2\/product_cat?post=100043"},{"taxonomy":"product_tag","embeddable":true,"href":"https:\/\/brandss.com.py\/index\/wp-json\/wp\/v2\/product_tag?post=100043"}],"curies":[{"name":"wp","href":"https:\/\/api.w.org\/{rel}","templated":true}]}}