{"id":100052,"date":"2026-03-12T12:41:03","date_gmt":"2026-03-12T12:41:03","guid":{"rendered":"https:\/\/brandss.com.py\/index\/?post_type=product&#038;p=100052"},"modified":"2026-03-12T12:41:24","modified_gmt":"2026-03-12T12:41:24","slug":"perfume-femenino-maxco-good-vibes-dont-lie-edp-100ml","status":"publish","type":"product","link":"https:\/\/brandss.com.py\/index\/producto\/perfume-femenino-maxco-good-vibes-dont-lie-edp-100ml\/","title":{"rendered":"PERFUME FEMENINO MAX&amp;CO. GOOD VIBES DON\u2019T LIE EDP 100ML"},"content":{"rendered":"<p><img loading=\"lazy\" decoding=\"async\" class=\"\" src=\"https:\/\/1000logos.net\/wp-content\/uploads\/2021\/05\/MAXCo-logo.png\" alt=\"MAX&amp;Co Logo and symbol, meaning, history, PNG, brand\" width=\"111\" height=\"61\" \/><\/p>\n<h1>GOOD VIBES DON\u2019T LIE<\/h1>\n<p><span dir=\"auto\">Hay d\u00edas en los que apetece vestirse con un toque ligero, incluso si todo fuera (y dentro) es un poco mediocre. Aqu\u00ed:\u00a0<\/span><span dir=\"auto\">Max&amp;Co Good Vibes Don&#8217;t Lie<\/span><span dir=\"auto\"> es justo eso para m\u00ed. No es un perfume que se tome demasiado en serio, sino uno que\u00a0<\/span><span dir=\"auto\">te devuelve el buen humor<\/span><span dir=\"auto\"> sin ser empalagoso ni un caramelo gigante. <img decoding=\"async\" class=\"alignleft\" src=\"https:\/\/www.deirdredixit.it\/wp-content\/uploads\/2026\/01\/B7A0D0DC-E023-42DA-A194-156588B8B070-e1767295055819.png\" \/><\/span><\/p>\n<p>Una fragancia que vibra con optimismo, frescura y estilo.\u00a0Good Vibes Don\u2019t Lie\u00a0celebra la feminidad moderna con un aroma que combina la energ\u00eda de la juventud con una elegancia natural. Perfecta para mujeres seguras, alegres y aut\u00e9nticas, que iluminan cada lugar al que van.<\/p>\n<p>&nbsp;<\/p>\n<h3>Notas Olfativas<\/h3>\n<p>&nbsp;<\/p>\n<p><span dir=\"auto\">Sum\u00e9rgete en un mundo de elegancia con esta cautivadora fragancia, donde la alegr\u00eda y la sofisticaci\u00f3n se entrelazan armoniosamente. <\/span><span dir=\"auto\">La fragancia se abre con una explosi\u00f3n de energ\u00eda positiva gracias a los aromas c\u00edtricos de la bergamota italiana, mientras que las notas verdes de las hojas de violeta aportan un toque alegre. El coraz\u00f3n revela un luminoso bouquet de frangipani, osmanto y Red Champaca Jungle Essence\u2122, que irradia una suave feminidad floral. La fragancia finalmente se asienta sobre una c\u00e1lida y envolvente base de cremosa haba tonka y sensual Orcanox\u2122, dejando una estela inolvidable.<\/span><br \/>\n<span dir=\"auto\">GOOD VIBES DON&#8217;T LIE no decepciona, irradiando confianza y gracia, al igual que la mujer MAX&amp;Co.<\/span><\/p>\n<p><span dir=\"auto\"><strong>Notas de salida:<\/strong> bergamota, hojas de violeta.<\/span><br \/>\n<span dir=\"auto\"><strong>Notas de coraz\u00f3n:<\/strong> frangipani, osmanto, red champaca jungle essence\u2122.<\/span><br \/>\n<span dir=\"auto\"><strong>Notas de fondo:<\/strong> haba tonka, Orcanox\u2122.<\/span><\/p>\n","protected":false},"excerpt":{"rendered":"<p>GOOD VIBES DON\u2019T LIE Hay d\u00edas en los que apetece vestirse con un toque ligero, incluso si todo fuera (y<\/p>\n","protected":false},"featured_media":100053,"comment_status":"open","ping_status":"closed","template":"","meta":{"nf_dc_page":""},"product_brand":[3091],"product_cat":[84],"product_tag":[3092],"class_list":{"0":"post-100052","1":"product","2":"type-product","3":"status-publish","4":"has-post-thumbnail","6":"product_brand-maxco","7":"product_cat-perfumeria","8":"product_tag-3092","10":"first","11":"instock","12":"shipping-taxable","13":"purchasable","14":"product-type-simple"},"_links":{"self":[{"href":"https:\/\/brandss.com.py\/index\/wp-json\/wp\/v2\/product\/100052","targetHints":{"allow":["GET"]}}],"collection":[{"href":"https:\/\/brandss.com.py\/index\/wp-json\/wp\/v2\/product"}],"about":[{"href":"https:\/\/brandss.com.py\/index\/wp-json\/wp\/v2\/types\/product"}],"replies":[{"embeddable":true,"href":"https:\/\/brandss.com.py\/index\/wp-json\/wp\/v2\/comments?post=100052"}],"version-history":[{"count":1,"href":"https:\/\/brandss.com.py\/index\/wp-json\/wp\/v2\/product\/100052\/revisions"}],"predecessor-version":[{"id":100058,"href":"https:\/\/brandss.com.py\/index\/wp-json\/wp\/v2\/product\/100052\/revisions\/100058"}],"wp:featuredmedia":[{"embeddable":true,"href":"https:\/\/brandss.com.py\/index\/wp-json\/wp\/v2\/media\/100053"}],"wp:attachment":[{"href":"https:\/\/brandss.com.py\/index\/wp-json\/wp\/v2\/media?parent=100052"}],"wp:term":[{"taxonomy":"product_brand","embeddable":true,"href":"https:\/\/brandss.com.py\/index\/wp-json\/wp\/v2\/product_brand?post=100052"},{"taxonomy":"product_cat","embeddable":true,"href":"https:\/\/brandss.com.py\/index\/wp-json\/wp\/v2\/product_cat?post=100052"},{"taxonomy":"product_tag","embeddable":true,"href":"https:\/\/brandss.com.py\/index\/wp-json\/wp\/v2\/product_tag?post=100052"}],"curies":[{"name":"wp","href":"https:\/\/api.w.org\/{rel}","templated":true}]}}