{"id":100059,"date":"2026-03-12T13:27:56","date_gmt":"2026-03-12T13:27:56","guid":{"rendered":"https:\/\/brandss.com.py\/index\/?post_type=product&#038;p=100059"},"modified":"2026-03-12T13:28:28","modified_gmt":"2026-03-12T13:28:28","slug":"perfume-femenino-maxco-morning-can-wait-edp-100ml","status":"publish","type":"product","link":"https:\/\/brandss.com.py\/index\/producto\/perfume-femenino-maxco-morning-can-wait-edp-100ml\/","title":{"rendered":"PERFUME FEMENINO MAX&amp;CO. MORNING CAN WAIT EDP 100ML"},"content":{"rendered":"<p><img loading=\"lazy\" decoding=\"async\" class=\"\" src=\"https:\/\/1000logos.net\/wp-content\/uploads\/2021\/05\/MAXCo-logo.png\" alt=\"MAX&amp;Co Logo and symbol, meaning, history, PNG, brand\" width=\"98\" height=\"54\" \/><\/p>\n<h1>MORNING CAN WAIT<\/h1>\n<p>Un perfume para las que viven a su propio ritmo.\u00a0Morning Can Wait\u00a0encarna la esencia de la mujer joven, libre y audaz, que no sigue las reglas, las reinventa. Misteriosa, sensual y con un toque de irreverencia, esta fragancia es una invitaci\u00f3n a disfrutar cada instante sin prisa.<\/p>\n<p><img loading=\"lazy\" decoding=\"async\" class=\"alignleft\" src=\"https:\/\/cdn2.primor.eu\/media\/catalog\/product\/cache\/f3020b7489dcfc4d1d147cf4dad07b7f\/6\/7\/679602001946_3_4de8.jpg\" width=\"367\" height=\"367\" \/><\/p>\n<h3>Notas Olfativas<\/h3>\n<p>&nbsp;<\/p>\n<p><span dir=\"auto\">Descubre el encanto del misterio con esta enigm\u00e1tica fragancia, que se abre con una cautivadora mezcla de aceite esencial de naranja y aceite esencial de mandarina. En el coraz\u00f3n, la delicada esencia de selva de jazm\u00edn sambac\u2122 se entrelaza con la inesperada riqueza y calidez del elixir de cacao, creando una armon\u00eda \u00fanica y original. En el fondo, la fragancia se sumerge en la suave sensualidad de Sublimolide, envuelta en el car\u00e1cter audaz y atemporal de la madera de cedro.<\/span><br \/>\n<span dir=\"auto\">MORNING CAN WAIT expresa el esp\u00edritu libre de la mujer MAX&amp;Co. que se atreve a ser diferente.<\/span><\/p>\n<p><span dir=\"auto\"><strong>Notas de salida:<\/strong> naranja, mandarina.<\/span><br \/>\n<span dir=\"auto\"><strong>Notas de coraz\u00f3n:<\/strong> elixir de cacao, esencia de selva de jazm\u00edn sambac\u2122.<\/span><br \/>\n<span dir=\"auto\"><strong>Notas de fondo:<\/strong> Sublimolide, madera de cedro.<\/span><\/p>\n","protected":false},"excerpt":{"rendered":"<p>MORNING CAN WAIT Un perfume para las que viven a su propio ritmo.\u00a0Morning Can Wait\u00a0encarna la esencia de la mujer<\/p>\n","protected":false},"featured_media":100060,"comment_status":"open","ping_status":"closed","template":"","meta":{"nf_dc_page":""},"product_brand":[3091],"product_cat":[84],"product_tag":[3093],"class_list":{"0":"post-100059","1":"product","2":"type-product","3":"status-publish","4":"has-post-thumbnail","6":"product_brand-maxco","7":"product_cat-perfumeria","8":"product_tag-3093","10":"first","11":"instock","12":"shipping-taxable","13":"purchasable","14":"product-type-simple"},"_links":{"self":[{"href":"https:\/\/brandss.com.py\/index\/wp-json\/wp\/v2\/product\/100059","targetHints":{"allow":["GET"]}}],"collection":[{"href":"https:\/\/brandss.com.py\/index\/wp-json\/wp\/v2\/product"}],"about":[{"href":"https:\/\/brandss.com.py\/index\/wp-json\/wp\/v2\/types\/product"}],"replies":[{"embeddable":true,"href":"https:\/\/brandss.com.py\/index\/wp-json\/wp\/v2\/comments?post=100059"}],"version-history":[{"count":1,"href":"https:\/\/brandss.com.py\/index\/wp-json\/wp\/v2\/product\/100059\/revisions"}],"predecessor-version":[{"id":100065,"href":"https:\/\/brandss.com.py\/index\/wp-json\/wp\/v2\/product\/100059\/revisions\/100065"}],"wp:featuredmedia":[{"embeddable":true,"href":"https:\/\/brandss.com.py\/index\/wp-json\/wp\/v2\/media\/100060"}],"wp:attachment":[{"href":"https:\/\/brandss.com.py\/index\/wp-json\/wp\/v2\/media?parent=100059"}],"wp:term":[{"taxonomy":"product_brand","embeddable":true,"href":"https:\/\/brandss.com.py\/index\/wp-json\/wp\/v2\/product_brand?post=100059"},{"taxonomy":"product_cat","embeddable":true,"href":"https:\/\/brandss.com.py\/index\/wp-json\/wp\/v2\/product_cat?post=100059"},{"taxonomy":"product_tag","embeddable":true,"href":"https:\/\/brandss.com.py\/index\/wp-json\/wp\/v2\/product_tag?post=100059"}],"curies":[{"name":"wp","href":"https:\/\/api.w.org\/{rel}","templated":true}]}}