{"id":100066,"date":"2026-03-12T16:22:48","date_gmt":"2026-03-12T16:22:48","guid":{"rendered":"https:\/\/brandss.com.py\/index\/?post_type=product&#038;p=100066"},"modified":"2026-03-12T16:23:07","modified_gmt":"2026-03-12T16:23:07","slug":"perfume-femenino-maxco-she-is-a-10-edp-100ml","status":"publish","type":"product","link":"https:\/\/brandss.com.py\/index\/producto\/perfume-femenino-maxco-she-is-a-10-edp-100ml\/","title":{"rendered":"PERFUME FEMENINO MAX&amp;CO. SHE IS A 10 EDP 100ML"},"content":{"rendered":"<p><img loading=\"lazy\" decoding=\"async\" class=\"\" src=\"https:\/\/1000logos.net\/wp-content\/uploads\/2021\/05\/MAXCo-logo.png\" alt=\"MAX&amp;Co Logo and symbol, meaning, history, PNG, brand\" width=\"118\" height=\"65\" \/><\/p>\n<h1>SHE IS A 10<\/h1>\n<p>D\u00e9jate llevar por la energ\u00eda vibrante y el encanto moderno de She Is A 10, la fragancia floral afrutada que celebra la feminidad en su m\u00e1xima expresi\u00f3n. Fresca, luminosa y llena de car\u00e1cter, es el complemento perfecto para una mujer segura, divertida y elegante. Entra en el mundo de la feminidad moderna con esta encantadora fragancia, una exploraci\u00f3n vibrante de matices florales-frutales envueltos en tonos rosas.<\/p>\n<p><img loading=\"lazy\" decoding=\"async\" class=\"alignleft\" src=\"https:\/\/media.douglas.it\/medias\/cjCJeG1253912-2-dgl-IT.jpg?context=bWFzdGVyfGltYWdlc3w2MzQ2ODl8aW1hZ2UvanBlZ3xhRGN6TDJoak1pODJOekV4TmpBek1UWTNNak0xTUM5amFrTktaVWN4TWpVek9URXlYekpmWkdkc0xVbFVMbXB3Wnd8NjZkYjA0NDFmMWQwYjFiNWRlNjE4YzRjZDQxYmY0YzAwMmI5OWIzODk5ZTNiOTdmMTU3M2ViZDk2YjJmZWVkNw&amp;grid=true&amp;imdensity=1&amp;imwidth=775\" width=\"661\" height=\"661\" \/><\/p>\n<h3>Notas Olfativas<\/h3>\n<p>&nbsp;<\/p>\n<p><span dir=\"auto\">Sum\u00e9rgete en un mundo de feminidad moderna con esta incre\u00edble fragancia, una vibrante exploraci\u00f3n de matices frutales y florales donde los opuestos se alternan creando una mezcla armoniosa y sorprendente.<\/span><\/p>\n<p><span dir=\"auto\">El viaje comienza con una luminosa explosi\u00f3n c\u00edtrica, gracias a la frescura chispeante de los aceites esenciales de bergamota y naranja italiana. <\/span><\/p>\n<p><span dir=\"auto\">En el coraz\u00f3n, el perfume despliega el delicado encanto de Strawberry Jungle Essence\u2122, que se funde armoniosamente con el toque et\u00e9reo del jazm\u00edn. En el fondo, la creaci\u00f3n revela una nota suave y sensual, envuelta en una calidez envolvente y persistente.<\/span><\/p>\n<p><span dir=\"auto\">SHE IS A 10 captura la energ\u00eda de la mujer MAX&amp;Co. con elegancia, encanto y un toque de extravagancia.<\/span><\/p>\n<p><span dir=\"auto\"><strong>Notas de salida:<\/strong> bergamota, naranja.<\/span><br \/>\n<span dir=\"auto\"><strong>Notas de coraz\u00f3n:<\/strong> jazm\u00edn, strawberry jungle essence\u2122.<\/span><br \/>\n<span dir=\"auto\"><strong>Notas de fondo:<\/strong> sublimolide, orcanox\u2122.<\/span><\/p>\n","protected":false},"excerpt":{"rendered":"<p>SHE IS A 10 D\u00e9jate llevar por la energ\u00eda vibrante y el encanto moderno de She Is A 10, la<\/p>\n","protected":false},"featured_media":100067,"comment_status":"open","ping_status":"closed","template":"","meta":{"nf_dc_page":""},"product_brand":[3091],"product_cat":[84],"product_tag":[3094],"class_list":{"0":"post-100066","1":"product","2":"type-product","3":"status-publish","4":"has-post-thumbnail","6":"product_brand-maxco","7":"product_cat-perfumeria","8":"product_tag-3094","10":"first","11":"instock","12":"shipping-taxable","13":"purchasable","14":"product-type-simple"},"_links":{"self":[{"href":"https:\/\/brandss.com.py\/index\/wp-json\/wp\/v2\/product\/100066","targetHints":{"allow":["GET"]}}],"collection":[{"href":"https:\/\/brandss.com.py\/index\/wp-json\/wp\/v2\/product"}],"about":[{"href":"https:\/\/brandss.com.py\/index\/wp-json\/wp\/v2\/types\/product"}],"replies":[{"embeddable":true,"href":"https:\/\/brandss.com.py\/index\/wp-json\/wp\/v2\/comments?post=100066"}],"version-history":[{"count":1,"href":"https:\/\/brandss.com.py\/index\/wp-json\/wp\/v2\/product\/100066\/revisions"}],"predecessor-version":[{"id":100072,"href":"https:\/\/brandss.com.py\/index\/wp-json\/wp\/v2\/product\/100066\/revisions\/100072"}],"wp:featuredmedia":[{"embeddable":true,"href":"https:\/\/brandss.com.py\/index\/wp-json\/wp\/v2\/media\/100067"}],"wp:attachment":[{"href":"https:\/\/brandss.com.py\/index\/wp-json\/wp\/v2\/media?parent=100066"}],"wp:term":[{"taxonomy":"product_brand","embeddable":true,"href":"https:\/\/brandss.com.py\/index\/wp-json\/wp\/v2\/product_brand?post=100066"},{"taxonomy":"product_cat","embeddable":true,"href":"https:\/\/brandss.com.py\/index\/wp-json\/wp\/v2\/product_cat?post=100066"},{"taxonomy":"product_tag","embeddable":true,"href":"https:\/\/brandss.com.py\/index\/wp-json\/wp\/v2\/product_tag?post=100066"}],"curies":[{"name":"wp","href":"https:\/\/api.w.org\/{rel}","templated":true}]}}