{"id":100079,"date":"2026-03-12T18:29:10","date_gmt":"2026-03-12T18:29:10","guid":{"rendered":"https:\/\/brandss.com.py\/index\/?post_type=product&#038;p=100079"},"modified":"2026-03-12T18:29:46","modified_gmt":"2026-03-12T18:29:46","slug":"perfume-masculino-mauboussin-private-club-edp-100ml","status":"publish","type":"product","link":"https:\/\/brandss.com.py\/index\/producto\/perfume-masculino-mauboussin-private-club-edp-100ml\/","title":{"rendered":"PERFUME MASCULINO MAUBOUSSIN PRIVATE CLUB EDP 100ML"},"content":{"rendered":"<p><img loading=\"lazy\" decoding=\"async\" class=\"\" src=\"https:\/\/www.follut.com\/uploaded\/91875\/untitled-3.png\" alt=\"Mauboussin - Follut\" width=\"104\" height=\"55\" \/><\/p>\n<h1>PRIVATE CLUB<\/h1>\n<p><strong><em>Fragancia intensa, misteriosa y sensual<\/em><\/strong><\/p>\n<p>Accede al mundo privado de Mauboussin Parfums. Un Club Privado de ambiente sobrio&#8230; Entre el misterio y la adicci\u00f3n. Goteando gotas sobre un bourbon turbado. Nubes bajas y polvorientas de un cigarro con capa de color \u00e1mbar.<img loading=\"lazy\" decoding=\"async\" class=\"alignleft\" src=\"https:\/\/www.myperfumeshop.qa\/cdn\/shop\/files\/gvjgy.png?v=1741010396&amp;width=1000\" width=\"543\" height=\"543\" \/><\/p>\n<p>Aromas golosos de cacahuetes tostados&#8230; depositados aqu\u00ed y all\u00e1, sobre un majestuoso zinc azul fr\u00edo que acoge a los m\u00e1s curiosos, a los atrevidos. Los reyes de corazones fanfarronean sobre \u201cal-ins\u201d exclusivos cuando no intercambian miradas traviesas y c\u00f3mplices. \u00a1G\u00e1nelo todo!<\/p>\n<h1><\/h1>\n<h1>Notas Olfativas<\/h1>\n<p>&nbsp;<\/p>\n<p><span dir=\"auto\">Private Club for Men de Mauboussin es una fragancia masculina ambarada y amaderada. Private Club for Men se lanz\u00f3 en 2018. La fragancia est\u00e1 a cargo de Alexandra Carlin. Private Club ofrece una mezcla \u00fanica de especias en sus acordes. La fragancia se abre con bergamota c\u00edtrica y una fusi\u00f3n de especias fr\u00edas (pimienta negra congelada, cilantro y cardamomo) en la salida. El coraz\u00f3n endulza las especias con una mezcla de jugosa manzana roja y canela, y se asienta en la calidez del \u00e1mbar y el pachul\u00ed masculino en la base.<\/span><\/p>\n<p><span dir=\"auto\"><strong>Notas de salida:<\/strong> pimienta, cardamomo, bergamota, cilantro.<\/span><br \/>\n<span dir=\"auto\"><strong>Notas de coraz\u00f3n:<\/strong> canela, manzana roja.<\/span><br \/>\n<span dir=\"auto\"><strong>Notas de fondo:<\/strong> \u00e1mbar, pachul\u00ed.<\/span><\/p>\n<p>&nbsp;<\/p>\n","protected":false},"excerpt":{"rendered":"<p>PRIVATE CLUB Fragancia intensa, misteriosa y sensual Accede al mundo privado de Mauboussin Parfums. Un Club Privado de ambiente sobrio&#8230;<\/p>\n","protected":false},"featured_media":100080,"comment_status":"open","ping_status":"closed","template":"","meta":{"nf_dc_page":""},"product_brand":[2117],"product_cat":[84],"product_tag":[3096],"class_list":{"0":"post-100079","1":"product","2":"type-product","3":"status-publish","4":"has-post-thumbnail","6":"product_brand-mauboussin","7":"product_cat-perfumeria","8":"product_tag-3096","10":"first","11":"instock","12":"shipping-taxable","13":"purchasable","14":"product-type-simple"},"_links":{"self":[{"href":"https:\/\/brandss.com.py\/index\/wp-json\/wp\/v2\/product\/100079","targetHints":{"allow":["GET"]}}],"collection":[{"href":"https:\/\/brandss.com.py\/index\/wp-json\/wp\/v2\/product"}],"about":[{"href":"https:\/\/brandss.com.py\/index\/wp-json\/wp\/v2\/types\/product"}],"replies":[{"embeddable":true,"href":"https:\/\/brandss.com.py\/index\/wp-json\/wp\/v2\/comments?post=100079"}],"version-history":[{"count":1,"href":"https:\/\/brandss.com.py\/index\/wp-json\/wp\/v2\/product\/100079\/revisions"}],"predecessor-version":[{"id":100087,"href":"https:\/\/brandss.com.py\/index\/wp-json\/wp\/v2\/product\/100079\/revisions\/100087"}],"wp:featuredmedia":[{"embeddable":true,"href":"https:\/\/brandss.com.py\/index\/wp-json\/wp\/v2\/media\/100080"}],"wp:attachment":[{"href":"https:\/\/brandss.com.py\/index\/wp-json\/wp\/v2\/media?parent=100079"}],"wp:term":[{"taxonomy":"product_brand","embeddable":true,"href":"https:\/\/brandss.com.py\/index\/wp-json\/wp\/v2\/product_brand?post=100079"},{"taxonomy":"product_cat","embeddable":true,"href":"https:\/\/brandss.com.py\/index\/wp-json\/wp\/v2\/product_cat?post=100079"},{"taxonomy":"product_tag","embeddable":true,"href":"https:\/\/brandss.com.py\/index\/wp-json\/wp\/v2\/product_tag?post=100079"}],"curies":[{"name":"wp","href":"https:\/\/api.w.org\/{rel}","templated":true}]}}