{"id":100094,"date":"2026-03-13T10:57:58","date_gmt":"2026-03-13T10:57:58","guid":{"rendered":"https:\/\/brandss.com.py\/index\/?post_type=product&#038;p=100094"},"modified":"2026-04-09T10:44:09","modified_gmt":"2026-04-09T10:44:09","slug":"perfume-femenino-nazareno-gabrielli-giorgia-edt-100ml","status":"publish","type":"product","link":"https:\/\/brandss.com.py\/index\/producto\/perfume-femenino-nazareno-gabrielli-giorgia-edt-100ml\/","title":{"rendered":"PERFUME FEMENINO NAZARENO GABRIELLI GIORGIA EDT 100ML"},"content":{"rendered":"<p><img loading=\"lazy\" decoding=\"async\" class=\"\" src=\"https:\/\/cdn.freebiesupply.com\/logos\/large\/2x\/nazareno-gabrielli-logo-black-and-white.png\" alt=\"Nazareno Gabrielli Logo PNG Transparent &amp; SVG Vector - Freebie Supply\" width=\"80\" height=\"80\" \/><\/p>\n<h1>GIORGIA<\/h1>\n<p>Es una fragancia delicada y refinada, creada para mujeres que desean expresar su personalidad con elegancia y distinci\u00f3n. Este producto de lujo encarna la esencia de la elegancia italiana, ofreciendo una combinaci\u00f3n \u00fanica de notas olfativas que evocan feminidad, gracia y sensualidad.<img loading=\"lazy\" decoding=\"async\" class=\"alignleft\" src=\"https:\/\/www.extrafragrance.it\/wp-content\/uploads\/2024\/12\/nazareno-gabrielli-giorgia-EDT-03.jpg\" width=\"718\" height=\"359\" \/><\/p>\n<p>Giorgia encarna una belleza sofisticada y una personalidad encantadora. Es una figura de elegancia innata que logra captar la atenci\u00f3n con su sola presencia, sin esfuerzo aparente. Su aura es una mezcla de dulzura y determinaci\u00f3n, que refleja un equilibrio perfecto entre gracia y fortaleza interior.<\/p>\n<p>&nbsp;<\/p>\n<h3>Notas Olfativas<\/h3>\n<p>&nbsp;<\/p>\n<p>Giorgia es una fragancia sofisticada y envolvente que se abre con frescas notas de naranja amarga y jazm\u00edn indio. El coraz\u00f3n combina la dulzura de la rosa b\u00falgara con un toque delicioso de caramelo y maderas ambarinas. La intensa base de madera de cedro, musgo de roble y \u00e1mbar deja una estela c\u00e1lida y sensual.<\/p>\n<div class=\"fusion-title title fusion-title-9 fusion-sep-none fusion-title-text fusion-title-size-paragraph\">\n<p class=\"fusion-title-heading title-heading-left title-heading-tag\"><b><span dir=\"auto\">Notas de salida:<\/span><\/b><span dir=\"auto\"> naranja amarga, jazm\u00edn indio.<\/span><\/p>\n<\/div>\n<div class=\"fusion-title title fusion-title-10 fusion-sep-none fusion-title-text fusion-title-size-paragraph\">\n<p class=\"fusion-title-heading title-heading-left title-heading-tag\"><b><span dir=\"auto\">Notas de coraz\u00f3n:<\/span><\/b><span dir=\"auto\"> rosa b\u00falgara, acorde de caramelo, maderas de \u00e1mbar.<\/span><\/p>\n<\/div>\n<div class=\"fusion-title title fusion-title-11 fusion-sep-none fusion-title-text fusion-title-size-paragraph\">\n<p class=\"fusion-title-heading title-heading-left title-heading-tag\"><b><span dir=\"auto\">Notas de fondo:<\/span><\/b><span dir=\"auto\"> madera de cedro, acorde de musgo de roble, \u00e1mbar.<\/span><\/p>\n<\/div>\n","protected":false},"excerpt":{"rendered":"<p>GIORGIA Es una fragancia delicada y refinada, creada para mujeres que desean expresar su personalidad con elegancia y distinci\u00f3n. Este<\/p>\n","protected":false},"featured_media":100095,"comment_status":"open","ping_status":"closed","template":"","meta":{"nf_dc_page":""},"product_brand":[2032],"product_cat":[84],"product_tag":[3100],"class_list":{"0":"post-100094","1":"product","2":"type-product","3":"status-publish","4":"has-post-thumbnail","6":"product_brand-nazareno-gabrielli","7":"product_cat-perfumeria","8":"product_tag-3100","10":"first","11":"instock","12":"shipping-taxable","13":"purchasable","14":"product-type-simple"},"_links":{"self":[{"href":"https:\/\/brandss.com.py\/index\/wp-json\/wp\/v2\/product\/100094","targetHints":{"allow":["GET"]}}],"collection":[{"href":"https:\/\/brandss.com.py\/index\/wp-json\/wp\/v2\/product"}],"about":[{"href":"https:\/\/brandss.com.py\/index\/wp-json\/wp\/v2\/types\/product"}],"replies":[{"embeddable":true,"href":"https:\/\/brandss.com.py\/index\/wp-json\/wp\/v2\/comments?post=100094"}],"version-history":[{"count":1,"href":"https:\/\/brandss.com.py\/index\/wp-json\/wp\/v2\/product\/100094\/revisions"}],"predecessor-version":[{"id":100098,"href":"https:\/\/brandss.com.py\/index\/wp-json\/wp\/v2\/product\/100094\/revisions\/100098"}],"wp:featuredmedia":[{"embeddable":true,"href":"https:\/\/brandss.com.py\/index\/wp-json\/wp\/v2\/media\/100095"}],"wp:attachment":[{"href":"https:\/\/brandss.com.py\/index\/wp-json\/wp\/v2\/media?parent=100094"}],"wp:term":[{"taxonomy":"product_brand","embeddable":true,"href":"https:\/\/brandss.com.py\/index\/wp-json\/wp\/v2\/product_brand?post=100094"},{"taxonomy":"product_cat","embeddable":true,"href":"https:\/\/brandss.com.py\/index\/wp-json\/wp\/v2\/product_cat?post=100094"},{"taxonomy":"product_tag","embeddable":true,"href":"https:\/\/brandss.com.py\/index\/wp-json\/wp\/v2\/product_tag?post=100094"}],"curies":[{"name":"wp","href":"https:\/\/api.w.org\/{rel}","templated":true}]}}