{"id":100100,"date":"2026-03-13T11:26:44","date_gmt":"2026-03-13T11:26:44","guid":{"rendered":"https:\/\/brandss.com.py\/index\/?post_type=product&#038;p=100100"},"modified":"2026-03-20T10:46:00","modified_gmt":"2026-03-20T10:46:00","slug":"perfume-masculino-blauer-usa-the-journey-collection-washington-d-c-1963-edp-80ml","status":"publish","type":"product","link":"https:\/\/brandss.com.py\/index\/producto\/perfume-masculino-blauer-usa-the-journey-collection-washington-d-c-1963-edp-80ml\/","title":{"rendered":"PERFUME MASCULINO BLAUER USA THE JOURNEY COLLECTION WASHINGTON D.C. 1963 EDP 80ML"},"content":{"rendered":"<p><img loading=\"lazy\" decoding=\"async\" class=\"\" src=\"https:\/\/1000marcas.net\/wp-content\/uploads\/2021\/05\/Blauer-logo.png\" alt=\"Blauer logo - s\u00edmbolo, significado logotipo, historia, PNG\" width=\"134\" height=\"86\" \/><\/p>\n<h1>THE JOURNEY COLLECTION WASHINGTON D.C. 1963<\/h1>\n<p>Descubre la esencia de Blauer Journey Man Washington 1963, un perfume masculino que captura el esp\u00edritu de aventura y elegancia. Un perfume profundo y embriagador que celebra la capital de Estados Unidos y los famosos a\u00f1os de la marcha y el discurso de Martin Luther King Jr. a la naci\u00f3n por los derechos civiles.<\/p>\n<p>Washington 1963 es una fragancia sofisticada e intensa, dise\u00f1ada para el hombre que aprecia la elegancia atemporal. La composici\u00f3n de Washington 1963 fue creada para garantizar una larga duraci\u00f3n y sofisticaci\u00f3n, y es ideal para quienes desean expresar poder y estilo en cualquier ocasi\u00f3n.<\/p>\n<p>Perfecto para el hombre que busca una fragancia que complemente su estilo de vida din\u00e1mico y su pasi\u00f3n por el viaje, este perfume es una excelente adici\u00f3n a cualquier colecci\u00f3n de fragancias.<\/p>\n<h3><\/h3>\n<h3>Notas Olfativas<\/h3>\n<p>&nbsp;<\/p>\n<p>Blauer Journey Man Washington 1963 Eau de Parfum es un tributo a la masculinidad y la aventura. Este perfume para hombre de 80ml evoca la esencia de una era de descubrimientos y elegancia. Con una composici\u00f3n olfativa refinada, encapsula el esp\u00edritu del hombre moderno que valora tanto la tradici\u00f3n como la innovaci\u00f3n.<\/p>\n<div class=\"\">\n<div class=\"\">\n<div class=\"\">\n<div class=\"hD5J5m\"><span class=\"voFjEy _3ObVF2 m3OCL3 HlZ_Tf\">Al principio, la luminosidad agrum\u00e1tica de la bergamota se mezcla con tonos juguetones de manzana verde, animados por la frescura especiada de elemi y cardamomo. El coraz\u00f3n se realza con el aroma embriagador del pittosporum, rodeado de incienso y cuero. El fondo amaderado combina la firmeza del cedro con la profundidad del pachul\u00ed y el musgo de roble, sombreando sobre una base suave de \u00e1mbar y almizcle.<\/span><\/div>\n<div><\/div>\n<\/div>\n<\/div>\n<\/div>\n<div id=\"\u00abR16cart1hb5\u00bb\" class=\"abTEo1\" role=\"region\" aria-labelledby=\"\u00abR16cart1hb5H1\u00bb\">\n<div class=\"_3oRTm8\">\n<div class=\"\">\n<div class=\"qMOFyE\"><strong>Notas de salida:<\/strong> bergamota, elem\u00ed, manzana verde, cardamomo.<\/div>\n<div class=\"qMOFyE\"><strong>Notas de coraz\u00f3n:<\/strong> incienso, cuero, pittosporum.<\/div>\n<div class=\"qMOFyE\"><strong>Notas de fondo: <\/strong>pachul\u00ed, cuero, musgo de roble, \u00e1mbar, almizcle.<\/div>\n<\/div>\n<\/div>\n<\/div>\n","protected":false},"excerpt":{"rendered":"<p>THE JOURNEY COLLECTION WASHINGTON D.C. 1963 Descubre la esencia de Blauer Journey Man Washington 1963, un perfume masculino que captura<\/p>\n","protected":false},"featured_media":100101,"comment_status":"open","ping_status":"closed","template":"","meta":{"nf_dc_page":""},"product_brand":[2159],"product_cat":[84],"product_tag":[3101],"class_list":{"0":"post-100100","1":"product","2":"type-product","3":"status-publish","4":"has-post-thumbnail","6":"product_brand-blauer-usa","7":"product_cat-perfumeria","8":"product_tag-3101","10":"first","11":"instock","12":"shipping-taxable","13":"purchasable","14":"product-type-simple"},"_links":{"self":[{"href":"https:\/\/brandss.com.py\/index\/wp-json\/wp\/v2\/product\/100100","targetHints":{"allow":["GET"]}}],"collection":[{"href":"https:\/\/brandss.com.py\/index\/wp-json\/wp\/v2\/product"}],"about":[{"href":"https:\/\/brandss.com.py\/index\/wp-json\/wp\/v2\/types\/product"}],"replies":[{"embeddable":true,"href":"https:\/\/brandss.com.py\/index\/wp-json\/wp\/v2\/comments?post=100100"}],"version-history":[{"count":1,"href":"https:\/\/brandss.com.py\/index\/wp-json\/wp\/v2\/product\/100100\/revisions"}],"predecessor-version":[{"id":100103,"href":"https:\/\/brandss.com.py\/index\/wp-json\/wp\/v2\/product\/100100\/revisions\/100103"}],"wp:featuredmedia":[{"embeddable":true,"href":"https:\/\/brandss.com.py\/index\/wp-json\/wp\/v2\/media\/100101"}],"wp:attachment":[{"href":"https:\/\/brandss.com.py\/index\/wp-json\/wp\/v2\/media?parent=100100"}],"wp:term":[{"taxonomy":"product_brand","embeddable":true,"href":"https:\/\/brandss.com.py\/index\/wp-json\/wp\/v2\/product_brand?post=100100"},{"taxonomy":"product_cat","embeddable":true,"href":"https:\/\/brandss.com.py\/index\/wp-json\/wp\/v2\/product_cat?post=100100"},{"taxonomy":"product_tag","embeddable":true,"href":"https:\/\/brandss.com.py\/index\/wp-json\/wp\/v2\/product_tag?post=100100"}],"curies":[{"name":"wp","href":"https:\/\/api.w.org\/{rel}","templated":true}]}}