{"id":100104,"date":"2026-03-13T11:51:12","date_gmt":"2026-03-13T11:51:12","guid":{"rendered":"https:\/\/brandss.com.py\/index\/?post_type=product&#038;p=100104"},"modified":"2026-03-13T11:51:27","modified_gmt":"2026-03-13T11:51:27","slug":"perfume-femenino-gian-marco-venturi-girl-edp-100ml","status":"publish","type":"product","link":"https:\/\/brandss.com.py\/index\/producto\/perfume-femenino-gian-marco-venturi-girl-edp-100ml\/","title":{"rendered":"PERFUME FEMENINO GIAN MARCO VENTURI GIRL EDP 100ML"},"content":{"rendered":"<p><img loading=\"lazy\" decoding=\"async\" class=\"\" src=\"https:\/\/brandoasi.com\/storage\/brands\/YQeSr-gian-marco-venturi.jpg\" alt=\"Gian Marco Venturi is available under license - Brand Oasi Srl\" width=\"67\" height=\"84\" \/><\/p>\n<h1>GIRL<\/h1>\n<p><span dir=\"auto\">Los matices juveniles de la fragancia cobran vida en Gian Marco Venturi Girl Eau de Parfum. Este perfume es para la joven que abraza la vida en todas sus facetas. Es elegante, un poco atrevida, segura de s\u00ed misma y ambiciosa, con una clara idea de lo que quiere. Su buen gusto y estilo son innegables, ya que sigue las \u00faltimas tendencias de la moda y mantiene la compostura. Como cualquier otra joven, anhela amar y experimentar la intensidad de la pasi\u00f3n y el impulso, una oportunidad que la juventud le brinda, dot\u00e1ndola de un encanto natural y un coraz\u00f3n bondadoso.<\/span><\/p>\n<h3>Notas Olfativas<\/h3>\n<p>El embriagador aroma de este perfume es capaz de despertar un amplio abanico de emociones y sentimientos en su pareja. Su aura juguetona y chispeante cautiva a todo a su alrededor, atrayendo la atenci\u00f3n de forma involuntaria, pero, sobre todo, \u00a1\u00e9l no soporta estar lejos de ella ni un instante! Al primer contacto con la fragancia, se perciben claramente las notas frutales de lim\u00f3n, pomelo y naranja, entrelazadas con delicados aromas florales de fresia, flor de loto, jengibre y canela, culminando en suaves matices amaderados que le otorgan una gran duraci\u00f3n y una profunda percepci\u00f3n.<\/p>\n<p><strong><span dir=\"auto\">Notas de salida:<\/span><\/strong><span dir=\"auto\"> pomelo, lim\u00f3n, naranja.<\/span><br \/>\n<strong><span dir=\"auto\">Notas de coraz\u00f3n:<\/span><\/strong><span dir=\"auto\"> canela, fresia, jengibre, flor de loto.<\/span><br \/>\n<strong><span dir=\"auto\">Notas de fondo:<\/span><\/strong><span dir=\"auto\"> cedro, almizcle.<\/span><\/p>\n","protected":false},"excerpt":{"rendered":"<p>GIRL Los matices juveniles de la fragancia cobran vida en Gian Marco Venturi Girl Eau de Parfum. Este perfume es<\/p>\n","protected":false},"featured_media":100105,"comment_status":"open","ping_status":"closed","template":"","meta":{"nf_dc_page":""},"product_brand":[2047],"product_cat":[84],"product_tag":[3102],"class_list":{"0":"post-100104","1":"product","2":"type-product","3":"status-publish","4":"has-post-thumbnail","6":"product_brand-gian-marco-venturi","7":"product_cat-perfumeria","8":"product_tag-3102","10":"first","11":"instock","12":"shipping-taxable","13":"purchasable","14":"product-type-simple"},"_links":{"self":[{"href":"https:\/\/brandss.com.py\/index\/wp-json\/wp\/v2\/product\/100104","targetHints":{"allow":["GET"]}}],"collection":[{"href":"https:\/\/brandss.com.py\/index\/wp-json\/wp\/v2\/product"}],"about":[{"href":"https:\/\/brandss.com.py\/index\/wp-json\/wp\/v2\/types\/product"}],"replies":[{"embeddable":true,"href":"https:\/\/brandss.com.py\/index\/wp-json\/wp\/v2\/comments?post=100104"}],"version-history":[{"count":1,"href":"https:\/\/brandss.com.py\/index\/wp-json\/wp\/v2\/product\/100104\/revisions"}],"predecessor-version":[{"id":100108,"href":"https:\/\/brandss.com.py\/index\/wp-json\/wp\/v2\/product\/100104\/revisions\/100108"}],"wp:featuredmedia":[{"embeddable":true,"href":"https:\/\/brandss.com.py\/index\/wp-json\/wp\/v2\/media\/100105"}],"wp:attachment":[{"href":"https:\/\/brandss.com.py\/index\/wp-json\/wp\/v2\/media?parent=100104"}],"wp:term":[{"taxonomy":"product_brand","embeddable":true,"href":"https:\/\/brandss.com.py\/index\/wp-json\/wp\/v2\/product_brand?post=100104"},{"taxonomy":"product_cat","embeddable":true,"href":"https:\/\/brandss.com.py\/index\/wp-json\/wp\/v2\/product_cat?post=100104"},{"taxonomy":"product_tag","embeddable":true,"href":"https:\/\/brandss.com.py\/index\/wp-json\/wp\/v2\/product_tag?post=100104"}],"curies":[{"name":"wp","href":"https:\/\/api.w.org\/{rel}","templated":true}]}}