{"id":100109,"date":"2026-03-13T12:33:19","date_gmt":"2026-03-13T12:33:19","guid":{"rendered":"https:\/\/brandss.com.py\/index\/?post_type=product&#038;p=100109"},"modified":"2026-03-13T12:33:36","modified_gmt":"2026-03-13T12:33:36","slug":"perfume-masculino-roccobarocco-last-king-edt-100ml","status":"publish","type":"product","link":"https:\/\/brandss.com.py\/index\/producto\/perfume-masculino-roccobarocco-last-king-edt-100ml\/","title":{"rendered":"PERFUME MASCULINO ROCCOBAROCCO LAST KING EDT 100ML"},"content":{"rendered":"<p><img loading=\"lazy\" decoding=\"async\" class=\"\" src=\"https:\/\/scontent.fagt2-1.fna.fbcdn.net\/v\/t39.30808-6\/307012894_408152504818797_5976726426553828775_n.png?_nc_cat=108&amp;ccb=1-7&amp;_nc_sid=1d70fc&amp;_nc_ohc=PFT9oWAIuUgQ7kNvwF_6_er&amp;_nc_oc=AdnEILKAdWlSVqaPSNNdhysAtjbjXdAghdwIs7giWWtOLJeJddm29xoXAXBTPHSM-fs&amp;_nc_zt=23&amp;_nc_ht=scontent.fagt2-1.fna&amp;_nc_gid=YXpwmYC_7YdJCSw7tJ3b1g&amp;_nc_ss=8&amp;oh=00_Afz6uwQPL-lGVAfQ47G-tHSGjEkrWKy5v7f5eDEqw0ivjA&amp;oe=69B9DDF9\" width=\"103\" height=\"103\" \/><\/p>\n<h1>LAST KING<\/h1>\n<p><span dir=\"auto\">Experimenta la esencia regia con Last King, una fragancia verdaderamente digna de un rey. Last King encarna la esencia del lujo y la elegancia, convirti\u00e9ndose en un complemento perfecto para la colecci\u00f3n de cualquier caballero. Descubre una fragancia que evoca realeza y sofisticaci\u00f3n. Sum\u00e9rgete en la opulencia y el carisma de LAST KING, una fragancia masculina intensa y sofisticada, creada para el hombre moderno que no teme expresar su personalidad. <\/span><\/p>\n<p><span dir=\"auto\">Esta\u00a0fragancia\u00a0es una oda a la realeza y la seducci\u00f3n, una experiencia olfativa inolvidable que te acompa\u00f1ar\u00e1 durante todo el d\u00eda.<img decoding=\"async\" class=\"alignleft\" src=\"https:\/\/www.myperfumeshop.com.au\/cdn\/shop\/files\/roccobarocco-last-king-edt-perfume-cologne-838238.png?v=1722723026&amp;width=500\" \/><\/span><\/p>\n<p>&nbsp;<\/p>\n<h3>Notas Olfativas<\/h3>\n<p>&nbsp;<\/p>\n<p>Last King de Roccobarocco es una fragancia para hombres. Last King se lanz\u00f3 en 2021. Una nueva adicci\u00f3n de la que no querr\u00e1s prescindir es el agua de tocador Roccobarocco Last King para hombre. Desde el primer aroma te convencer\u00e1 de que se convertir\u00e1 en un imprescindible de tu d\u00eda a d\u00eda.<\/p>\n<p><span dir=\"auto\">LAST KING<\/span><span dir=\"auto\">\u00a0se abre con notas de salida vibrantes y chispeantes, una explosi\u00f3n de frescura que capta la atenci\u00f3n de inmediato. El coraz\u00f3n de la fragancia revela un bouquet arom\u00e1tico y especiado, una mezcla de notas amaderadas y masculinas que le aportan profundidad y car\u00e1cter. Finalmente, las c\u00e1lidas y sensuales notas de fondo envuelven la piel en un abrazo duradero, dejando una estela inolvidable.<\/span><\/p>\n<p><strong>Notas de salida:<\/strong> cardamomo, pimienta negra, pomelo rosado, lavanda.<br \/>\n<strong>Notas de coraz\u00f3n:<\/strong> cedro, s\u00e1ndalo.<br \/>\n<strong>Notas de fondo:<\/strong> almizcle, vainilla, vetiver, crema batida.<\/p>\n<p>&nbsp;<\/p>\n","protected":false},"excerpt":{"rendered":"<p>LAST KING Experimenta la esencia regia con Last King, una fragancia verdaderamente digna de un rey. Last King encarna la<\/p>\n","protected":false},"featured_media":100110,"comment_status":"open","ping_status":"closed","template":"","meta":{"nf_dc_page":""},"product_brand":[3103],"product_cat":[84],"product_tag":[3104],"class_list":{"0":"post-100109","1":"product","2":"type-product","3":"status-publish","4":"has-post-thumbnail","6":"product_brand-roccobarocco","7":"product_cat-perfumeria","8":"product_tag-3104","10":"first","11":"instock","12":"shipping-taxable","13":"purchasable","14":"product-type-simple"},"_links":{"self":[{"href":"https:\/\/brandss.com.py\/index\/wp-json\/wp\/v2\/product\/100109","targetHints":{"allow":["GET"]}}],"collection":[{"href":"https:\/\/brandss.com.py\/index\/wp-json\/wp\/v2\/product"}],"about":[{"href":"https:\/\/brandss.com.py\/index\/wp-json\/wp\/v2\/types\/product"}],"replies":[{"embeddable":true,"href":"https:\/\/brandss.com.py\/index\/wp-json\/wp\/v2\/comments?post=100109"}],"version-history":[{"count":1,"href":"https:\/\/brandss.com.py\/index\/wp-json\/wp\/v2\/product\/100109\/revisions"}],"predecessor-version":[{"id":100114,"href":"https:\/\/brandss.com.py\/index\/wp-json\/wp\/v2\/product\/100109\/revisions\/100114"}],"wp:featuredmedia":[{"embeddable":true,"href":"https:\/\/brandss.com.py\/index\/wp-json\/wp\/v2\/media\/100110"}],"wp:attachment":[{"href":"https:\/\/brandss.com.py\/index\/wp-json\/wp\/v2\/media?parent=100109"}],"wp:term":[{"taxonomy":"product_brand","embeddable":true,"href":"https:\/\/brandss.com.py\/index\/wp-json\/wp\/v2\/product_brand?post=100109"},{"taxonomy":"product_cat","embeddable":true,"href":"https:\/\/brandss.com.py\/index\/wp-json\/wp\/v2\/product_cat?post=100109"},{"taxonomy":"product_tag","embeddable":true,"href":"https:\/\/brandss.com.py\/index\/wp-json\/wp\/v2\/product_tag?post=100109"}],"curies":[{"name":"wp","href":"https:\/\/api.w.org\/{rel}","templated":true}]}}