{"id":100124,"date":"2026-03-13T13:51:32","date_gmt":"2026-03-13T13:51:32","guid":{"rendered":"https:\/\/brandss.com.py\/index\/?post_type=product&#038;p=100124"},"modified":"2026-03-13T13:51:47","modified_gmt":"2026-03-13T13:51:47","slug":"perfume-femenino-agatha-alive-edt-100ml","status":"publish","type":"product","link":"https:\/\/brandss.com.py\/index\/producto\/perfume-femenino-agatha-alive-edt-100ml\/","title":{"rendered":"PERFUME FEMENINO AGATHA ALIVE EDT 100ML"},"content":{"rendered":"<p><img loading=\"lazy\" decoding=\"async\" class=\"\" src=\"https:\/\/mir-s3-cdn-cf.behance.net\/project_modules\/max_1200_webp\/f3b8b973241339.5c030751020ca.jpg\" alt=\"Agatha Paris :: Behance\" width=\"98\" height=\"69\" \/><\/p>\n<h1>ALIVE<\/h1>\n<p>Esta fragancia audaz, dulce y juguetona es una delicada composici\u00f3n que a\u00f1ade un toque de alegr\u00eda y encanto rom\u00e1ntico al look femenino moderno. Alive captura la vitalidad de la vida y la alegr\u00eda de cada momento. Evoca un c\u00f3ctel soleado de frutas jugosas y p\u00e9talos florales, impregnado de energ\u00eda y positividad. Esta fragancia est\u00e1 dise\u00f1ada para mujeres j\u00f3venes y activas que abrazan la vida en todas sus formas y se esfuerzan por mantenerse en el centro de atenci\u00f3n. Alive se presenta en un elegante frasco cil\u00edndrico de un tono verde claro soleado, adornado con un tap\u00f3n plateado.<\/p>\n<h3>Notas Olfativas<\/h3>\n<p>Alive es un lujoso eau de toilette frutal para mujer, lanzado en 2019. La primera impresi\u00f3n de este aroma es la dulce frescura de la pera. Su jugosidad parece difundirse en el aire, creando una sensaci\u00f3n de ligereza y despreocupaci\u00f3n. El matiz de pera evoca una ma\u00f1ana soleada, despertando una sensaci\u00f3n de vigor y optimismo. El coraz\u00f3n revela un acorde ex\u00f3tico de pi\u00f1a. Su tono tropical agridulce a\u00f1ade vitalidad a la composici\u00f3n olfativa, evocando una sensaci\u00f3n de celebraci\u00f3n, vacaciones de verano y despreocupaci\u00f3n. La base deja una estela duradera, tejida con un tono de almizcle terroso. Envuelve el cuerpo en un delicado velo, resaltando el encanto natural de quien lo lleva y fomentando la confianza.<\/p>\n<p><strong>Notas de salida:<\/strong> pera.<br \/>\n<strong>Notas de coraz\u00f3n:<\/strong> pi\u00f1a.<br \/>\n<strong>Notas de fondo:<\/strong> almizcle.<\/p>\n","protected":false},"excerpt":{"rendered":"<p>ALIVE Esta fragancia audaz, dulce y juguetona es una delicada composici\u00f3n que a\u00f1ade un toque de alegr\u00eda y encanto rom\u00e1ntico<\/p>\n","protected":false},"featured_media":100125,"comment_status":"open","ping_status":"closed","template":"","meta":{"nf_dc_page":""},"product_brand":[2034],"product_cat":[84],"product_tag":[3107],"class_list":{"0":"post-100124","1":"product","2":"type-product","3":"status-publish","4":"has-post-thumbnail","6":"product_brand-agatha","7":"product_cat-perfumeria","8":"product_tag-3107","10":"first","11":"instock","12":"shipping-taxable","13":"purchasable","14":"product-type-simple"},"_links":{"self":[{"href":"https:\/\/brandss.com.py\/index\/wp-json\/wp\/v2\/product\/100124","targetHints":{"allow":["GET"]}}],"collection":[{"href":"https:\/\/brandss.com.py\/index\/wp-json\/wp\/v2\/product"}],"about":[{"href":"https:\/\/brandss.com.py\/index\/wp-json\/wp\/v2\/types\/product"}],"replies":[{"embeddable":true,"href":"https:\/\/brandss.com.py\/index\/wp-json\/wp\/v2\/comments?post=100124"}],"version-history":[{"count":1,"href":"https:\/\/brandss.com.py\/index\/wp-json\/wp\/v2\/product\/100124\/revisions"}],"predecessor-version":[{"id":100127,"href":"https:\/\/brandss.com.py\/index\/wp-json\/wp\/v2\/product\/100124\/revisions\/100127"}],"wp:featuredmedia":[{"embeddable":true,"href":"https:\/\/brandss.com.py\/index\/wp-json\/wp\/v2\/media\/100125"}],"wp:attachment":[{"href":"https:\/\/brandss.com.py\/index\/wp-json\/wp\/v2\/media?parent=100124"}],"wp:term":[{"taxonomy":"product_brand","embeddable":true,"href":"https:\/\/brandss.com.py\/index\/wp-json\/wp\/v2\/product_brand?post=100124"},{"taxonomy":"product_cat","embeddable":true,"href":"https:\/\/brandss.com.py\/index\/wp-json\/wp\/v2\/product_cat?post=100124"},{"taxonomy":"product_tag","embeddable":true,"href":"https:\/\/brandss.com.py\/index\/wp-json\/wp\/v2\/product_tag?post=100124"}],"curies":[{"name":"wp","href":"https:\/\/api.w.org\/{rel}","templated":true}]}}