{"id":100128,"date":"2026-03-13T14:11:26","date_gmt":"2026-03-13T14:11:26","guid":{"rendered":"https:\/\/brandss.com.py\/index\/?post_type=product&#038;p=100128"},"modified":"2026-04-15T11:16:24","modified_gmt":"2026-04-15T11:16:24","slug":"perfume-masculino-arrogance-uomo-anniversary-edp-100ml","status":"publish","type":"product","link":"https:\/\/brandss.com.py\/index\/producto\/perfume-masculino-arrogance-uomo-anniversary-edp-100ml\/","title":{"rendered":"PERFUME MASCULINO ARROGANCE UOMO ANNIVERSARY EDP 100ML"},"content":{"rendered":"<p><img loading=\"lazy\" decoding=\"async\" class=\"\" src=\"https:\/\/www.lively.it\/media\/amasty\/shopby\/option_images\/slider\/ARROGANCE_Logo.png\" alt=\"ARROGANCE | LIVELY.IT\" width=\"99\" height=\"99\" \/><\/p>\n<h1>UOMO ANNIVERSARY<\/h1>\n<p><em><strong><span dir=\"auto\">Determinaci\u00f3n, carisma y esp\u00edritu pionero.<\/span><\/strong><\/em><\/p>\n<p><span dir=\"auto\">Celebra la historia de una leyenda con Arrogance Uomo Anniversary Eau de Parfum. Creada para honrar el \u00e9xito de una fragancia que marc\u00f3 una \u00e9poca, la versi\u00f3n Anniversary rinde homenaje al hombre carism\u00e1tico y decidido que no teme destacar. Es m\u00e1s que un perfume; es una declaraci\u00f3n de estilo que fusiona la tradici\u00f3n de la perfumer\u00eda cl\u00e1sica con un toque de audacia moderna.<\/span><\/p>\n<p><span dir=\"auto\">En un equilibrio perfecto entre pasado y futuro, Arrogance Uomo Anniversary Eau de Parfum celebra 40 a\u00f1os de historia con una nueva fragancia masculina que reinterpreta el icono original con una estela foug\u00e8re-\u00e1mbar intensa, carism\u00e1tica y multifac\u00e9tica.<img loading=\"lazy\" decoding=\"async\" class=\"alignleft\" src=\"https:\/\/www.shop.thefirst.it\/cdn\/shop\/files\/Uomo-Anniversary_3.jpg?v=1744812188\" width=\"728\" height=\"728\" \/><\/span><\/p>\n<p><span dir=\"auto\">Arrogance Uomo Anniversary Eau de Parfum rinde homenaje a una generaci\u00f3n de hombres que viven con pasi\u00f3n, exploran nuevos horizontes y no temen dejar su huella.<\/span><br \/>\n<span dir=\"auto\">Su intenso color verde azulado encapsula una fragancia sofisticada, dise\u00f1ada para quienes aprecian destacar con elegancia y fuerza.<\/span><\/p>\n<h3>Notas Olfativas<\/h3>\n<p><span dir=\"auto\">Experimenta la elegancia y la sofisticaci\u00f3n con el eau de parfum Arrogance Uomo Edici\u00f3n Limitada Aniversario para hombre. Creada para celebrar la verdadera masculinidad, esta fragancia cautiva con su sofisticaci\u00f3n y deja una impresi\u00f3n inolvidable all\u00e1 donde vayas. Su exquisita esencia olfativa combina notas que realzan la confianza y el estilo de quien la usa, convirtiendo cada ocasi\u00f3n en algo especial. Reg\u00e1late una sensaci\u00f3n de exclusividad con esta fragancia exclusiva de Arrogance. <\/span><span dir=\"auto\">La apertura<\/span><span dir=\"auto\"> comienza con una explosi\u00f3n vibrante de c\u00edtricos y matices especiados, que despiertan y energizan al instante. La naranja y el lim\u00f3n brasile\u00f1os crean una base fresca y jugosa, realzada por toques picantes de pimienta rosa y negra, que le dan a la apertura un aire din\u00e1mico.\u00a0<\/span><span dir=\"auto\">La nota de coraz\u00f3n<\/span><span dir=\"auto\">\u00a0revela una delicada composici\u00f3n floral, donde el geranio, el jazm\u00edn y la lavanda se fusionan armoniosamente para crear una fragancia sofisticada. Estos acordes le confieren calidez y tranquilidad, realzando su belleza natural y armon\u00eda.<\/span><\/p>\n<p><span dir=\"auto\">La nota de fondo<\/span><span dir=\"auto\">\u00a0aporta profundidad y perdurabilidad. El \u00e1mbar c\u00e1lido, el haba tonka caramelizada y el vetiver terroso se combinan con notas amaderadas de musgo de roble y cedro, creando un final rico y complejo que deja una impresi\u00f3n inolvidable.<\/span><\/p>\n<ul>\n<li><strong><span dir=\"auto\">Notas de salida:<\/span><\/strong><span dir=\"auto\"> naranja brasile\u00f1a, lim\u00f3n, pimienta rosa, pimienta negra.<\/span><\/li>\n<li><strong><span dir=\"auto\">Notas de coraz\u00f3n:<\/span><\/strong><span dir=\"auto\"> jazm\u00edn, geranio, lavanda.<\/span><\/li>\n<li><strong><span dir=\"auto\">Notas de fondo:<\/span><\/strong><span dir=\"auto\">\u00a0madera de cedro, musgo de roble, \u00e1mbar gris, haba tonka, vetiver.<\/span><\/li>\n<\/ul>\n","protected":false},"excerpt":{"rendered":"<p>UOMO ANNIVERSARY Determinaci\u00f3n, carisma y esp\u00edritu pionero. Celebra la historia de una leyenda con Arrogance Uomo Anniversary Eau de Parfum.<\/p>\n","protected":false},"featured_media":100129,"comment_status":"open","ping_status":"closed","template":"","meta":{"nf_dc_page":""},"product_brand":[3108],"product_cat":[84],"product_tag":[3109],"class_list":{"0":"post-100128","1":"product","2":"type-product","3":"status-publish","4":"has-post-thumbnail","6":"product_brand-arrogance-milano","7":"product_cat-perfumeria","8":"product_tag-3109","10":"first","11":"instock","12":"shipping-taxable","13":"purchasable","14":"product-type-simple"},"_links":{"self":[{"href":"https:\/\/brandss.com.py\/index\/wp-json\/wp\/v2\/product\/100128","targetHints":{"allow":["GET"]}}],"collection":[{"href":"https:\/\/brandss.com.py\/index\/wp-json\/wp\/v2\/product"}],"about":[{"href":"https:\/\/brandss.com.py\/index\/wp-json\/wp\/v2\/types\/product"}],"replies":[{"embeddable":true,"href":"https:\/\/brandss.com.py\/index\/wp-json\/wp\/v2\/comments?post=100128"}],"version-history":[{"count":1,"href":"https:\/\/brandss.com.py\/index\/wp-json\/wp\/v2\/product\/100128\/revisions"}],"predecessor-version":[{"id":100133,"href":"https:\/\/brandss.com.py\/index\/wp-json\/wp\/v2\/product\/100128\/revisions\/100133"}],"wp:featuredmedia":[{"embeddable":true,"href":"https:\/\/brandss.com.py\/index\/wp-json\/wp\/v2\/media\/100129"}],"wp:attachment":[{"href":"https:\/\/brandss.com.py\/index\/wp-json\/wp\/v2\/media?parent=100128"}],"wp:term":[{"taxonomy":"product_brand","embeddable":true,"href":"https:\/\/brandss.com.py\/index\/wp-json\/wp\/v2\/product_brand?post=100128"},{"taxonomy":"product_cat","embeddable":true,"href":"https:\/\/brandss.com.py\/index\/wp-json\/wp\/v2\/product_cat?post=100128"},{"taxonomy":"product_tag","embeddable":true,"href":"https:\/\/brandss.com.py\/index\/wp-json\/wp\/v2\/product_tag?post=100128"}],"curies":[{"name":"wp","href":"https:\/\/api.w.org\/{rel}","templated":true}]}}