{"id":100134,"date":"2026-03-13T14:34:18","date_gmt":"2026-03-13T14:34:18","guid":{"rendered":"https:\/\/brandss.com.py\/index\/?post_type=product&#038;p=100134"},"modified":"2026-04-02T18:33:08","modified_gmt":"2026-04-02T18:33:08","slug":"perfume-femenino-acquadi-illegal-edt-100ml","status":"publish","type":"product","link":"https:\/\/brandss.com.py\/index\/producto\/perfume-femenino-acquadi-illegal-edt-100ml\/","title":{"rendered":"PERFUME FEMENINO ACQUADI ILLEGAL EDT 100ML"},"content":{"rendered":"<p><img loading=\"lazy\" decoding=\"async\" class=\"\" src=\"https:\/\/fimgs.net\/mdimg\/dizajneri\/o.3218.jpg\" alt=\"AcquaD\u00ec Fragancias Y Colonias\" width=\"122\" height=\"91\" \/><\/p>\n<h1>ILLEGAL<\/h1>\n<p>M\u00e1s que un perfume, es un homenaje a la feminidad moderna, una invitaci\u00f3n a desafiar las convenciones y a abrazar tu singularidad.\u00a0Illegal ofrece una sutil melod\u00eda floral. No es estridente, sino que susurra. Esto refleja la ternura y sensualidad de su composici\u00f3n. Esta fragancia se integra f\u00e1cilmente en la imagen femenina diaria. Sus acordes no irrumpen, sino que se despliegan lenta y armoniosamente. De esta forma, el aroma se adhiere a la piel, convirti\u00e9ndose en un accesorio invisible. Con \u00e9l, los momentos cotidianos se transformar\u00e1n en momentos memorables y festivos.<\/p>\n<h3>Notas Olfativas<\/h3>\n<p>Perfume ilegal para mujer inspirado en la prohibici\u00f3n, l<span dir=\"auto\">a nota de salida<\/span><span dir=\"auto\"> es vibrante y jugosa. Aqu\u00ed se aprecian los ricos acordes de pomelo con un agradable amargor c\u00edtrico. Cerca de all\u00ed, se percibe la dulzura de la naranja madura. El <\/span><span dir=\"auto\">coraz\u00f3n<\/span><span dir=\"auto\"> da continuidad al inicio vibrante de la fragancia, las notas c\u00edtricas se fusionan con la delicada flor de naranjo que combina a la perfecci\u00f3n con la canela dulce y especiada. <\/span><span dir=\"auto\">La nota de fondo<\/span><span dir=\"auto\">\u00a0le aporta a la fragancia una calidez acogedora. El \u00e1mbar y el cuero crean una estela sensual, suave y discreta.<\/span><\/p>\n<p><strong><span dir=\"auto\">Notas de salida:<\/span><\/strong><span dir=\"auto\"> bergamota, flor de naranjo, pera.<\/span><br \/>\n<strong><span dir=\"auto\">Notas de coraz\u00f3n:<\/span><\/strong><span dir=\"auto\"> canela, jazm\u00edn sambac, magnolia, nardo.<\/span><br \/>\n<strong><span dir=\"auto\">Notas de fondo:<\/span><\/strong><span dir=\"auto\"> \u00e1mbar gris, cuero, s\u00e1ndalo, almizcle, vainilla.<\/span><\/p>\n","protected":false},"excerpt":{"rendered":"<p>ILLEGAL M\u00e1s que un perfume, es un homenaje a la feminidad moderna, una invitaci\u00f3n a desafiar las convenciones y a<\/p>\n","protected":false},"featured_media":100135,"comment_status":"open","ping_status":"closed","template":"","meta":{"nf_dc_page":""},"product_brand":[2036],"product_cat":[84],"product_tag":[3111],"class_list":{"0":"post-100134","1":"product","2":"type-product","3":"status-publish","4":"has-post-thumbnail","6":"product_brand-acquadi","7":"product_cat-perfumeria","8":"product_tag-3111","10":"first","11":"instock","12":"shipping-taxable","13":"purchasable","14":"product-type-simple"},"_links":{"self":[{"href":"https:\/\/brandss.com.py\/index\/wp-json\/wp\/v2\/product\/100134","targetHints":{"allow":["GET"]}}],"collection":[{"href":"https:\/\/brandss.com.py\/index\/wp-json\/wp\/v2\/product"}],"about":[{"href":"https:\/\/brandss.com.py\/index\/wp-json\/wp\/v2\/types\/product"}],"replies":[{"embeddable":true,"href":"https:\/\/brandss.com.py\/index\/wp-json\/wp\/v2\/comments?post=100134"}],"version-history":[{"count":1,"href":"https:\/\/brandss.com.py\/index\/wp-json\/wp\/v2\/product\/100134\/revisions"}],"predecessor-version":[{"id":100137,"href":"https:\/\/brandss.com.py\/index\/wp-json\/wp\/v2\/product\/100134\/revisions\/100137"}],"wp:featuredmedia":[{"embeddable":true,"href":"https:\/\/brandss.com.py\/index\/wp-json\/wp\/v2\/media\/100135"}],"wp:attachment":[{"href":"https:\/\/brandss.com.py\/index\/wp-json\/wp\/v2\/media?parent=100134"}],"wp:term":[{"taxonomy":"product_brand","embeddable":true,"href":"https:\/\/brandss.com.py\/index\/wp-json\/wp\/v2\/product_brand?post=100134"},{"taxonomy":"product_cat","embeddable":true,"href":"https:\/\/brandss.com.py\/index\/wp-json\/wp\/v2\/product_cat?post=100134"},{"taxonomy":"product_tag","embeddable":true,"href":"https:\/\/brandss.com.py\/index\/wp-json\/wp\/v2\/product_tag?post=100134"}],"curies":[{"name":"wp","href":"https:\/\/api.w.org\/{rel}","templated":true}]}}