{"id":100139,"date":"2026-03-13T16:18:49","date_gmt":"2026-03-13T16:18:49","guid":{"rendered":"https:\/\/brandss.com.py\/index\/?post_type=product&#038;p=100139"},"modified":"2026-03-13T16:19:06","modified_gmt":"2026-03-13T16:19:06","slug":"perfume-masculino-acquadi-power-edt-100ml","status":"publish","type":"product","link":"https:\/\/brandss.com.py\/index\/producto\/perfume-masculino-acquadi-power-edt-100ml\/","title":{"rendered":"PERFUME MASCULINO ACQUADI POWER EDT 100ML"},"content":{"rendered":"<p><img loading=\"lazy\" decoding=\"async\" class=\"\" src=\"https:\/\/fimgs.net\/mdimg\/dizajneri\/o.3218.jpg\" alt=\"AcquaD\u00ec Fragancias Y Colonias\" width=\"82\" height=\"61\" \/><\/p>\n<h1>POWER<\/h1>\n<p>Encarna la fuerza de voluntad, la energ\u00eda y la ambici\u00f3n, todo encapsulado en una elegante botella. El mundo interior de esta fragancia para el hombre moderno est\u00e1 tejido con emociones vibrantes, listas para estallar en cualquier momento.<\/p>\n<h3>Notas Olfativas<\/h3>\n<p><span dir=\"auto\">Inicialmente, te cautivar\u00e1 un torbellino de acordes afrutados y c\u00edtricos, las notas de manzana y bergamota se pueden disfrutar en todos sus matices jugosos. Inspirando un deleite genuino, la composici\u00f3n cautiva con confianza a todos a su alrededor. Pronto, estos son seguidos por las notas m\u00e1s frescas y sensuales, proporcionando un impulso de vitalidad y un deseo de avanzar con las notas medias amaderadas se complementan inesperadamente con el lirio de los valles. Calidez y nobleza se equilibran en el borde de la fragilidad floral y la frescura, asegurando un poderoso impulso de energ\u00eda. La fragancia concluye con un acorde armonioso, creando una atm\u00f3sfera de elegancia y pura alegr\u00eda, permiti\u00e9ndote escapar del ajetreo diario con las notas de fondo\u00a0de almizcle y s\u00e1ndalo son irresistibles cuando est\u00e1n marcadas por acentos dulces. Esta es la manera perfecta de resaltar un estilo elegante, modales impecables, y de realzar sutilmente una imagen masculina con estilo.<\/span><\/p>\n<p><strong><span dir=\"auto\">Notas de salida:<\/span><\/strong><span dir=\"auto\"> bergamota, manzana<\/span><br \/>\n<strong><span dir=\"auto\">Notas de coraz\u00f3n:<\/span><\/strong><span dir=\"auto\"> lirio de los valles, notas amaderadas.<\/span><br \/>\n<strong><span dir=\"auto\">Notas de fondo:<\/span><\/strong><span dir=\"auto\"> almizcle, notas dulces, \u00e1rbol de s\u00e1ndalo.<\/span><\/p>\n","protected":false},"excerpt":{"rendered":"<p>POWER Encarna la fuerza de voluntad, la energ\u00eda y la ambici\u00f3n, todo encapsulado en una elegante botella. El mundo interior<\/p>\n","protected":false},"featured_media":100140,"comment_status":"open","ping_status":"closed","template":"","meta":{"nf_dc_page":""},"product_brand":[2036],"product_cat":[84],"product_tag":[3112],"class_list":{"0":"post-100139","1":"product","2":"type-product","3":"status-publish","4":"has-post-thumbnail","6":"product_brand-acquadi","7":"product_cat-perfumeria","8":"product_tag-3112","10":"first","11":"instock","12":"shipping-taxable","13":"purchasable","14":"product-type-simple"},"_links":{"self":[{"href":"https:\/\/brandss.com.py\/index\/wp-json\/wp\/v2\/product\/100139","targetHints":{"allow":["GET"]}}],"collection":[{"href":"https:\/\/brandss.com.py\/index\/wp-json\/wp\/v2\/product"}],"about":[{"href":"https:\/\/brandss.com.py\/index\/wp-json\/wp\/v2\/types\/product"}],"replies":[{"embeddable":true,"href":"https:\/\/brandss.com.py\/index\/wp-json\/wp\/v2\/comments?post=100139"}],"version-history":[{"count":1,"href":"https:\/\/brandss.com.py\/index\/wp-json\/wp\/v2\/product\/100139\/revisions"}],"predecessor-version":[{"id":100142,"href":"https:\/\/brandss.com.py\/index\/wp-json\/wp\/v2\/product\/100139\/revisions\/100142"}],"wp:featuredmedia":[{"embeddable":true,"href":"https:\/\/brandss.com.py\/index\/wp-json\/wp\/v2\/media\/100140"}],"wp:attachment":[{"href":"https:\/\/brandss.com.py\/index\/wp-json\/wp\/v2\/media?parent=100139"}],"wp:term":[{"taxonomy":"product_brand","embeddable":true,"href":"https:\/\/brandss.com.py\/index\/wp-json\/wp\/v2\/product_brand?post=100139"},{"taxonomy":"product_cat","embeddable":true,"href":"https:\/\/brandss.com.py\/index\/wp-json\/wp\/v2\/product_cat?post=100139"},{"taxonomy":"product_tag","embeddable":true,"href":"https:\/\/brandss.com.py\/index\/wp-json\/wp\/v2\/product_tag?post=100139"}],"curies":[{"name":"wp","href":"https:\/\/api.w.org\/{rel}","templated":true}]}}