{"id":100143,"date":"2026-03-13T16:46:24","date_gmt":"2026-03-13T16:46:24","guid":{"rendered":"https:\/\/brandss.com.py\/index\/?post_type=product&#038;p=100143"},"modified":"2026-03-13T16:46:42","modified_gmt":"2026-03-13T16:46:42","slug":"perfume-masculino-acquadi-royal-edt-100ml","status":"publish","type":"product","link":"https:\/\/brandss.com.py\/index\/producto\/perfume-masculino-acquadi-royal-edt-100ml\/","title":{"rendered":"PERFUME MASCULINO ACQUADI ROYAL EDT 100ML"},"content":{"rendered":"<p><img loading=\"lazy\" decoding=\"async\" class=\"\" src=\"https:\/\/fimgs.net\/mdimg\/dizajneri\/o.3218.jpg\" alt=\"AcquaD\u00ec Fragancias Y Colonias\" width=\"86\" height=\"64\" \/><\/p>\n<h1>ROYAL<\/h1>\n<p><strong><em>Atrevido, vibrante e inolvidable<\/em><\/strong><\/p>\n<p><span dir=\"auto\">Experimenta el equilibrio perfecto entre fuerza y \u200b\u200bsofisticaci\u00f3n con Acquadi Royal, la fragancia masculina dise\u00f1ada para el hombre que afronta cada desaf\u00edo con carisma y elegancia natural. Un Eau de Toilette audaz, vibrante e inolvidable, presentado en un frasco vaporizador de 100 ml con un dise\u00f1o sencillo y moderno. Este eau de toilette de nicho est\u00e1 dise\u00f1ado para quienes buscan una fragancia natural y una sofisticaci\u00f3n discreta en su d\u00eda a d\u00eda.<\/span><\/p>\n<h3>Notas Olfativas<\/h3>\n<p><span dir=\"auto\">El perfil olfativo de Acquadi Royal es una composici\u00f3n magn\u00e9tica que juega con los contrastes: la frescura de los c\u00edtricos se encuentra con la profundidad de las notas amaderadas y especiadas, creando una estela que no pasa desapercibida. El poder del agua, los misterios de la naturaleza y una elegancia sutil: todo esto se percibe en las primeras notas de AcquaDi Royal. Esta fragancia crea una atm\u00f3sfera \u00fanica de frescura y armon\u00eda, combinando notas de agua cristalina con matices amaderados multifac\u00e9ticos. <\/span><span dir=\"auto\">Las notas de salida<\/span><span dir=\"auto\"> capturan la frescura de los c\u00edtricos lim\u00f3n y bergamota, complementadas por los matices \u00e1cidos de las bayas de enebro. Esta combinaci\u00f3n crea una apertura brillante y en\u00e9rgica que capta la atenci\u00f3n de inmediato y prepara el terreno para acordes m\u00e1s profundos y complejos. <\/span><span dir=\"auto\">En el coraz\u00f3n<\/span><span dir=\"auto\"> de la composici\u00f3n, encontrar\u00e1s una armon\u00eda de notas amaderadas y herbales: cachemir c\u00e1lido, madera de cedro noble y lavanda suave. Juntas, crean un coraz\u00f3n acogedor que se funde suavemente con el rastro de los componentes de base. <\/span><span dir=\"auto\">Los acordes finales<\/span><span dir=\"auto\"> evocan cuero, pachul\u00ed y musgo. Las notas de cuero aportan car\u00e1cter y duraci\u00f3n a la fragancia, mientras que los matices verdes del musgo y los sutiles toques de pachul\u00ed completan la composici\u00f3n, haci\u00e9ndola sumamente atractiva y duradera.<\/span><\/p>\n<p><strong><span dir=\"auto\">Notas de salida:<\/span><\/strong><span dir=\"auto\"> bergamota, bayas de enebro, lim\u00f3n.<\/span><br \/>\n<strong><span dir=\"auto\">Notas de coraz\u00f3n:<\/span><\/strong><span dir=\"auto\"> cachemira, cedro, lavanda.<\/span><br \/>\n<strong><span dir=\"auto\">Notas de fondo:<\/span><\/strong><span dir=\"auto\"> musgo, pachul\u00ed, cuero.<\/span><\/p>\n","protected":false},"excerpt":{"rendered":"<p>ROYAL Atrevido, vibrante e inolvidable Experimenta el equilibrio perfecto entre fuerza y \u200b\u200bsofisticaci\u00f3n con Acquadi Royal, la fragancia masculina dise\u00f1ada<\/p>\n","protected":false},"featured_media":100144,"comment_status":"open","ping_status":"closed","template":"","meta":{"nf_dc_page":""},"product_brand":[2036],"product_cat":[84],"product_tag":[3113],"class_list":{"0":"post-100143","1":"product","2":"type-product","3":"status-publish","4":"has-post-thumbnail","6":"product_brand-acquadi","7":"product_cat-perfumeria","8":"product_tag-3113","10":"first","11":"instock","12":"shipping-taxable","13":"purchasable","14":"product-type-simple"},"_links":{"self":[{"href":"https:\/\/brandss.com.py\/index\/wp-json\/wp\/v2\/product\/100143","targetHints":{"allow":["GET"]}}],"collection":[{"href":"https:\/\/brandss.com.py\/index\/wp-json\/wp\/v2\/product"}],"about":[{"href":"https:\/\/brandss.com.py\/index\/wp-json\/wp\/v2\/types\/product"}],"replies":[{"embeddable":true,"href":"https:\/\/brandss.com.py\/index\/wp-json\/wp\/v2\/comments?post=100143"}],"version-history":[{"count":1,"href":"https:\/\/brandss.com.py\/index\/wp-json\/wp\/v2\/product\/100143\/revisions"}],"predecessor-version":[{"id":100146,"href":"https:\/\/brandss.com.py\/index\/wp-json\/wp\/v2\/product\/100143\/revisions\/100146"}],"wp:featuredmedia":[{"embeddable":true,"href":"https:\/\/brandss.com.py\/index\/wp-json\/wp\/v2\/media\/100144"}],"wp:attachment":[{"href":"https:\/\/brandss.com.py\/index\/wp-json\/wp\/v2\/media?parent=100143"}],"wp:term":[{"taxonomy":"product_brand","embeddable":true,"href":"https:\/\/brandss.com.py\/index\/wp-json\/wp\/v2\/product_brand?post=100143"},{"taxonomy":"product_cat","embeddable":true,"href":"https:\/\/brandss.com.py\/index\/wp-json\/wp\/v2\/product_cat?post=100143"},{"taxonomy":"product_tag","embeddable":true,"href":"https:\/\/brandss.com.py\/index\/wp-json\/wp\/v2\/product_tag?post=100143"}],"curies":[{"name":"wp","href":"https:\/\/api.w.org\/{rel}","templated":true}]}}