{"id":100157,"date":"2026-03-13T17:35:07","date_gmt":"2026-03-13T17:35:07","guid":{"rendered":"https:\/\/brandss.com.py\/index\/?post_type=product&#038;p=100157"},"modified":"2026-04-06T19:14:42","modified_gmt":"2026-04-06T19:14:42","slug":"shampoo-capilar-wella-professionals-fusion-intense-repair-1litro","status":"publish","type":"product","link":"https:\/\/brandss.com.py\/index\/producto\/shampoo-capilar-wella-professionals-fusion-intense-repair-1litro\/","title":{"rendered":"SHAMPOO CAPILAR WELLA PROFESSIONALS FUSION INTENSE REPAIR 1 LITRO"},"content":{"rendered":"<p><img loading=\"lazy\" decoding=\"async\" class=\"\" src=\"https:\/\/cdn.freebiesupply.com\/logos\/large\/2x\/wella-1-logo-black-and-white.png\" alt=\"Wella Logo PNG Transparent &amp; SVG Vector - Freebie Supply\" width=\"108\" height=\"108\" \/><\/p>\n<h1>FUSION INTENSE REPAIR<\/h1>\n<p><span dir=\"auto\">El champ\u00fa Wella Professionals Fusion Intense Repair<\/span><span dir=\"auto\">\u00a0restaura\u00a0el cabello da\u00f1ado limpi\u00e1ndolo y trat\u00e1ndolo simult\u00e1neamente. Adem\u00e1s, cuenta con la tecnolog\u00eda Fusion que penetra profundamente en las fibras capilares, reparando la estructura, hidratando el cabello, protegiendo la queratina y fortaleciendo las hebras, reduciendo la rotura causada por da\u00f1os mec\u00e1nicos como el cepillado y las herramientas de peinado con calor. Tambi\u00e9n garantiza la reconstrucci\u00f3n de la fibra capilar y una suavidad que deja el cabello muy da\u00f1ado.<img loading=\"lazy\" decoding=\"async\" class=\"alignleft\" src=\"https:\/\/m.media-amazon.com\/images\/I\/51kbbSFHOVL._AC_UF1000,1000_QL80_.jpg\" width=\"557\" height=\"507\" \/><\/span><\/p>\n<div class=\"product_detail-description\">\n<div class=\"block__container\">\n<p class=\"composition__value\">Limpia con suavidad y mejora la resistencia del cabello frente a la rotura con el Champ\u00fa de Reparaci\u00f3n Intensa Fusion de Wella Professionals para cabello da\u00f1ado. Gracias a su f\u00f3rmula con amino\u00e1cidos de seda e ingredientes acondicionadores intensos, este champ\u00fa profesional ayuda a reparar el cabello da\u00f1ado y lo deja limpio, cuidado y protegido al mismo tiempo. Este champ\u00fa anti-rotura ayuda al instante a proteger el cabello frente a la rotura causada por el cepillado y posibles da\u00f1os ocasionados por el uso de herramientas de calor.<\/p>\n<\/div>\n<\/div>\n<div class=\"product_detail-description\">\n<div class=\"block__container\">\n<h3 class=\"composition__title\">Beneficios:<\/h3>\n<ul>\n<li class=\"composition__value\">Champ\u00fa profesional para cabello da\u00f1ado.<\/li>\n<li class=\"composition__value\">El champ\u00fa ayuda a reparar el cabello y protegerlo frente a la rotura debido al cepillado y los da\u00f1os ocasionados por el uso de herramientas de calor.<\/li>\n<li class=\"composition__value\">Formulado con amino\u00e1cidos de seda.<\/li>\n<li class=\"composition__value\">Este champ\u00fa para cabello da\u00f1ado deja el cabello suave y m\u00e1s resistente.<\/li>\n<li class=\"composition__value\">Hasta un 95% m\u00e1s de resistencia frente a la rotura<\/li>\n<\/ul>\n<\/div>\n<\/div>\n<p><b><span dir=\"auto\">Resultado:<\/span><\/b><span dir=\"auto\">\u00a0Cabello limpio, hasta un 95 % m\u00e1s resistente a la rotura y con una fragancia deliciosa.<\/span><\/p>\n<p><b><span dir=\"auto\">Modo de empleo:<\/span><\/b><span dir=\"auto\">\u00a0Aplicar el champ\u00fa en las ra\u00edces del cabello mojado y masajear hasta que haga espuma. Extender el producto hasta las puntas. Aclarar. Si es necesario, repetir la aplicaci\u00f3n.<\/span><\/p>\n","protected":false},"excerpt":{"rendered":"<p>FUSION INTENSE REPAIR El champ\u00fa Wella Professionals Fusion Intense Repair\u00a0restaura\u00a0el cabello da\u00f1ado limpi\u00e1ndolo y trat\u00e1ndolo simult\u00e1neamente. Adem\u00e1s, cuenta con la<\/p>\n","protected":false},"featured_media":100158,"comment_status":"open","ping_status":"closed","template":"","meta":{"nf_dc_page":""},"product_brand":[99],"product_cat":[85],"product_tag":[3382],"class_list":{"0":"post-100157","1":"product","2":"type-product","3":"status-publish","4":"has-post-thumbnail","6":"product_brand-wella","7":"product_cat-cosmeticos","8":"product_tag-3382","10":"first","11":"instock","12":"shipping-taxable","13":"purchasable","14":"product-type-simple"},"_links":{"self":[{"href":"https:\/\/brandss.com.py\/index\/wp-json\/wp\/v2\/product\/100157","targetHints":{"allow":["GET"]}}],"collection":[{"href":"https:\/\/brandss.com.py\/index\/wp-json\/wp\/v2\/product"}],"about":[{"href":"https:\/\/brandss.com.py\/index\/wp-json\/wp\/v2\/types\/product"}],"replies":[{"embeddable":true,"href":"https:\/\/brandss.com.py\/index\/wp-json\/wp\/v2\/comments?post=100157"}],"version-history":[{"count":2,"href":"https:\/\/brandss.com.py\/index\/wp-json\/wp\/v2\/product\/100157\/revisions"}],"predecessor-version":[{"id":100163,"href":"https:\/\/brandss.com.py\/index\/wp-json\/wp\/v2\/product\/100157\/revisions\/100163"}],"wp:featuredmedia":[{"embeddable":true,"href":"https:\/\/brandss.com.py\/index\/wp-json\/wp\/v2\/media\/100158"}],"wp:attachment":[{"href":"https:\/\/brandss.com.py\/index\/wp-json\/wp\/v2\/media?parent=100157"}],"wp:term":[{"taxonomy":"product_brand","embeddable":true,"href":"https:\/\/brandss.com.py\/index\/wp-json\/wp\/v2\/product_brand?post=100157"},{"taxonomy":"product_cat","embeddable":true,"href":"https:\/\/brandss.com.py\/index\/wp-json\/wp\/v2\/product_cat?post=100157"},{"taxonomy":"product_tag","embeddable":true,"href":"https:\/\/brandss.com.py\/index\/wp-json\/wp\/v2\/product_tag?post=100157"}],"curies":[{"name":"wp","href":"https:\/\/api.w.org\/{rel}","templated":true}]}}