{"id":100164,"date":"2026-03-13T18:00:19","date_gmt":"2026-03-13T18:00:19","guid":{"rendered":"https:\/\/brandss.com.py\/index\/?post_type=product&#038;p=100164"},"modified":"2026-04-06T19:13:55","modified_gmt":"2026-04-06T19:13:55","slug":"shampoo-capilar-wella-professionals-oil-reflections-luminous-reveal-1-litro","status":"publish","type":"product","link":"https:\/\/brandss.com.py\/index\/producto\/shampoo-capilar-wella-professionals-oil-reflections-luminous-reveal-1-litro\/","title":{"rendered":"SHAMPOO CAPILAR WELLA PROFESSIONALS OIL REFLECTIONS LUMINOUS REVEAL 1 LITRO"},"content":{"rendered":"<p><img loading=\"lazy\" decoding=\"async\" class=\"\" src=\"https:\/\/cdn.freebiesupply.com\/logos\/large\/2x\/wella-1-logo-black-and-white.png\" alt=\"Wella Logo PNG Transparent &amp; SVG Vector - Freebie Supply\" width=\"126\" height=\"126\" \/><\/p>\n<h1>OIL REFLECTIONS LUMINOUS REVEAL<\/h1>\n<p><span dir=\"auto\">Champ\u00fa para todo tipo de cabello.\u00a0\u00a0<\/span><span dir=\"auto\">Wella Professionals Oil Reflections\u00a0<\/span><span dir=\"auto\"> proporciona una limpieza suave y eficaz, adem\u00e1s de suavidad, brillo y un ligero acondicionamiento al cabello.\u00a0<\/span><span dir=\"auto\">El champ\u00fa\u00a0\u00a0<\/span><span dir=\"auto\">Wella Oil Reflections Luminous\u00a0<\/span><span dir=\"auto\">Reveal\u00a0\u00a0nutre y preserva el color del cabello, manteni\u00e9ndolo radiante y protegido. Adem\u00e1s, ayuda a proteger las cut\u00edculas capilares contra los radicales libres, elimina las impurezas de la superficie del cabello y protege contra los efectos nocivos de los minerales.\u00a0<\/span> <img loading=\"lazy\" decoding=\"async\" class=\"alignleft\" src=\"https:\/\/prebel.vtexassets.com\/arquivos\/ids\/184681\/8005610531632_2.jpg?v=638957053222700000\" width=\"638\" height=\"638\" \/><\/p>\n<p><span dir=\"auto\">El champ\u00fa Wella Oil Reflections ofrece m\u00faltiples beneficios para diferentes tipos de cabello. Su f\u00f3rmula vers\u00e1til y completa es la opci\u00f3n perfecta para una rutina de cuidado capilar eficaz y completa. <\/span>El\u00a0Oil Reflections Champ\u00fa de Wella\u00a0est\u00e1 formulado a base de extracto de t\u00e9 blanco. Purifica y limpia en profundidad gracias a su poder de hidrataci\u00f3n.<\/p>\n<p>Su composici\u00f3n a base de activos de calidad permite que nuestro cabello luzca totalmente resplandeciente. El uso de\u00a0Oil Reflections Champ\u00fa de Wella\u00a0es el mismo que el de cualquier otro champ\u00fa, sin embargo, los resultados en cuanto a brillo, son mucho m\u00e1s potentes y, lo mejor de todo, la luminosidad se nota al instante.<\/p>\n<h3>Ingredientes activos:<\/h3>\n<p><strong>Aceite de macadamia:<\/strong> tiene una alta concentraci\u00f3n de antioxidantes, que previenen el envejecimiento de las fibras capilares, y tiene un bajo peso molecular, que no apelmaza el cabello.<\/p>\n<p><strong>Aceite de aguacate:<\/strong> lleno de vitaminas y nutrientes para el cabello.<\/p>\n<p><strong>Vitamina E:<\/strong> conocida por sus propiedades antioxidantes naturales.<\/p>\n<p><strong>Extracto de t\u00e9 blanco:<\/strong> potente antioxidante.<\/p>\n<h3>Beneficios<\/h3>\n<ul>\n<li>Nutre y preserva el color del cabello.<\/li>\n<li>Protege contra los radicales libres.<\/li>\n<li>Limpia las impurezas de la superficie del cabello y protege contra los efectos da\u00f1inos de los minerales.<\/li>\n<\/ul>\n<p>Indicaci\u00f3n: Para todo tipo de cabello.<\/p>\n<p>&nbsp;<\/p>\n<h3>Modo de empleo:<\/h3>\n<p>&nbsp;<\/p>\n<ol>\n<li>Aplicar el champ\u00fa de textura de gel transparente en el cuero cabelludo y distribuirlo por todo el cabello.<\/li>\n<li>Aplicar sobre el cabello sin frotar.<\/li>\n<li>Enjuague bien para eliminar todo el producto.<\/li>\n<li>Repita si es necesario.<\/li>\n<\/ol>\n<p><span dir=\"auto\">\u00a1Consigue el tuyo ahora!<\/span><\/p>\n","protected":false},"excerpt":{"rendered":"<p>OIL REFLECTIONS LUMINOUS REVEAL Champ\u00fa para todo tipo de cabello.\u00a0\u00a0Wella Professionals Oil Reflections\u00a0 proporciona una limpieza suave y eficaz, adem\u00e1s<\/p>\n","protected":false},"featured_media":100165,"comment_status":"open","ping_status":"closed","template":"","meta":{"nf_dc_page":""},"product_brand":[99],"product_cat":[85],"product_tag":[3381],"class_list":{"0":"post-100164","1":"product","2":"type-product","3":"status-publish","4":"has-post-thumbnail","6":"product_brand-wella","7":"product_cat-cosmeticos","8":"product_tag-3381","10":"first","11":"instock","12":"shipping-taxable","13":"purchasable","14":"product-type-simple"},"_links":{"self":[{"href":"https:\/\/brandss.com.py\/index\/wp-json\/wp\/v2\/product\/100164","targetHints":{"allow":["GET"]}}],"collection":[{"href":"https:\/\/brandss.com.py\/index\/wp-json\/wp\/v2\/product"}],"about":[{"href":"https:\/\/brandss.com.py\/index\/wp-json\/wp\/v2\/types\/product"}],"replies":[{"embeddable":true,"href":"https:\/\/brandss.com.py\/index\/wp-json\/wp\/v2\/comments?post=100164"}],"version-history":[{"count":1,"href":"https:\/\/brandss.com.py\/index\/wp-json\/wp\/v2\/product\/100164\/revisions"}],"predecessor-version":[{"id":100170,"href":"https:\/\/brandss.com.py\/index\/wp-json\/wp\/v2\/product\/100164\/revisions\/100170"}],"wp:featuredmedia":[{"embeddable":true,"href":"https:\/\/brandss.com.py\/index\/wp-json\/wp\/v2\/media\/100165"}],"wp:attachment":[{"href":"https:\/\/brandss.com.py\/index\/wp-json\/wp\/v2\/media?parent=100164"}],"wp:term":[{"taxonomy":"product_brand","embeddable":true,"href":"https:\/\/brandss.com.py\/index\/wp-json\/wp\/v2\/product_brand?post=100164"},{"taxonomy":"product_cat","embeddable":true,"href":"https:\/\/brandss.com.py\/index\/wp-json\/wp\/v2\/product_cat?post=100164"},{"taxonomy":"product_tag","embeddable":true,"href":"https:\/\/brandss.com.py\/index\/wp-json\/wp\/v2\/product_tag?post=100164"}],"curies":[{"name":"wp","href":"https:\/\/api.w.org\/{rel}","templated":true}]}}