{"id":100171,"date":"2026-03-13T18:35:51","date_gmt":"2026-03-13T18:35:51","guid":{"rendered":"https:\/\/brandss.com.py\/index\/?post_type=product&#038;p=100171"},"modified":"2026-04-06T19:13:16","modified_gmt":"2026-04-06T19:13:16","slug":"mascara-capilar-wella-professionals-oil-reflection-reboost-500ml","status":"publish","type":"product","link":"https:\/\/brandss.com.py\/index\/producto\/mascara-capilar-wella-professionals-oil-reflection-reboost-500ml\/","title":{"rendered":"M\u00c1SCARA CAPILAR WELLA PROFESSIONALS OIL REFLECTION REBOOST 500ML"},"content":{"rendered":"<p><img loading=\"lazy\" decoding=\"async\" class=\"\" src=\"https:\/\/cdn.freebiesupply.com\/logos\/large\/2x\/wella-1-logo-black-and-white.png\" alt=\"Wella Logo PNG Transparent &amp; SVG Vector - Freebie Supply\" width=\"140\" height=\"140\" \/><\/p>\n<h1>OIL REFLECTION REBOOST<\/h1>\n<p><span dir=\"auto\">Una mascarilla superhidratante que restaura la estructura del cabello, dej\u00e1ndolo m\u00e1s luminoso y con una suavidad duradera, adem\u00e1s de un efecto antifrizz hasta por 72 horas. Con aceite de semilla de camelia y extracto de t\u00e9 blanco, nutre e hidrata profundamente la fibra capilar, reduciendo la p\u00e9rdida de agua.<img loading=\"lazy\" decoding=\"async\" class=\"alignleft\" src=\"https:\/\/imgmarketplace.lojasrenner.com.br\/20001\/4096\/7010702283002\/7510705174499\/1.jpeg\" width=\"673\" height=\"673\" \/> <\/span><\/p>\n<p><span dir=\"auto\">Cabello completamente revitalizado, luminoso y sin frizz. Revela al instante los hermosos reflejos naturales de tu cabello con la gama Oil Reflections de Wella Professionals, la primera colecci\u00f3n de cuidado capilar con aceites preciosos formulada con aceite de camelia y extracto de t\u00e9 blanco que deja el cabello hasta 3 veces m\u00e1s suave*. Regenera la estructura capilar y luce un cabello suave y luminoso con la mascarilla capilar Wella Oil Reflections Luminous Reboost, una mascarilla profesional de sal\u00f3n que nutre y suaviza el cabello, revitalizando cada fibra capilar y ayud\u00e1ndolo a recuperar su brillo.\u00a0<\/span><\/p>\n<p><strong><span dir=\"auto\">Indicado:<\/span><\/strong><span dir=\"auto\">Para todo tipo de cabello.<\/span><\/p>\n<p><strong><span dir=\"auto\">Tecnolog\u00eda: <\/span><\/strong><\/p>\n<p><span dir=\"auto\">Su f\u00f3rmula est\u00e1 enriquecida con aceite de semilla de camelia, vitamina E y extracto de t\u00e9 blanco, que ayudan a reparar y sellar las hebras del cabello. <\/span><\/p>\n<ul>\n<li><span dir=\"auto\">Aceite de camelia.<\/span><\/li>\n<li>Aceite de macadamia.<\/li>\n<li>Aceite de aguacate.<\/li>\n<li>Vitamina E.<\/li>\n<li>Extracto de t\u00e9 blanco.<\/li>\n<\/ul>\n<p><strong><span dir=\"auto\">Instrucciones de uso: <\/span><\/strong><span dir=\"auto\">Aplica la mascarilla sobre el cabello y distrib\u00fayela bien. D\u00e9jala actuar de 15 a 20 minutos y enjuaga con abundante agua.<\/span><\/p>\n<p>&nbsp;<\/p>\n","protected":false},"excerpt":{"rendered":"<p>OIL REFLECTION REBOOST Una mascarilla superhidratante que restaura la estructura del cabello, dej\u00e1ndolo m\u00e1s luminoso y con una suavidad duradera,<\/p>\n","protected":false},"featured_media":100172,"comment_status":"open","ping_status":"closed","template":"","meta":{"nf_dc_page":""},"product_brand":[99],"product_cat":[85],"product_tag":[3380],"class_list":{"0":"post-100171","1":"product","2":"type-product","3":"status-publish","4":"has-post-thumbnail","6":"product_brand-wella","7":"product_cat-cosmeticos","8":"product_tag-3380","10":"first","11":"instock","12":"shipping-taxable","13":"purchasable","14":"product-type-simple"},"_links":{"self":[{"href":"https:\/\/brandss.com.py\/index\/wp-json\/wp\/v2\/product\/100171","targetHints":{"allow":["GET"]}}],"collection":[{"href":"https:\/\/brandss.com.py\/index\/wp-json\/wp\/v2\/product"}],"about":[{"href":"https:\/\/brandss.com.py\/index\/wp-json\/wp\/v2\/types\/product"}],"replies":[{"embeddable":true,"href":"https:\/\/brandss.com.py\/index\/wp-json\/wp\/v2\/comments?post=100171"}],"version-history":[{"count":1,"href":"https:\/\/brandss.com.py\/index\/wp-json\/wp\/v2\/product\/100171\/revisions"}],"predecessor-version":[{"id":100177,"href":"https:\/\/brandss.com.py\/index\/wp-json\/wp\/v2\/product\/100171\/revisions\/100177"}],"wp:featuredmedia":[{"embeddable":true,"href":"https:\/\/brandss.com.py\/index\/wp-json\/wp\/v2\/media\/100172"}],"wp:attachment":[{"href":"https:\/\/brandss.com.py\/index\/wp-json\/wp\/v2\/media?parent=100171"}],"wp:term":[{"taxonomy":"product_brand","embeddable":true,"href":"https:\/\/brandss.com.py\/index\/wp-json\/wp\/v2\/product_brand?post=100171"},{"taxonomy":"product_cat","embeddable":true,"href":"https:\/\/brandss.com.py\/index\/wp-json\/wp\/v2\/product_cat?post=100171"},{"taxonomy":"product_tag","embeddable":true,"href":"https:\/\/brandss.com.py\/index\/wp-json\/wp\/v2\/product_tag?post=100171"}],"curies":[{"name":"wp","href":"https:\/\/api.w.org\/{rel}","templated":true}]}}