{"id":100185,"date":"2026-03-13T19:03:30","date_gmt":"2026-03-13T19:03:30","guid":{"rendered":"https:\/\/brandss.com.py\/index\/?post_type=product&#038;p=100185"},"modified":"2026-04-07T11:47:52","modified_gmt":"2026-04-07T11:47:52","slug":"acondicionador-capilar-wella-professionals-invigo-nutri-enrich-deep-nourishing-1-litro","status":"publish","type":"product","link":"https:\/\/brandss.com.py\/index\/producto\/acondicionador-capilar-wella-professionals-invigo-nutri-enrich-deep-nourishing-1-litro\/","title":{"rendered":"ACONDICIONADOR CAPILAR WELLA PROFESSIONALS INVIGO NUTRI ENRICH DEEP NOURISHING 1 LITRO"},"content":{"rendered":"<p><img loading=\"lazy\" decoding=\"async\" class=\"\" src=\"https:\/\/cdn.freebiesupply.com\/logos\/large\/2x\/wella-1-logo-black-and-white.png\" alt=\"Wella Logo PNG Transparent &amp; SVG Vector - Freebie Supply\" width=\"151\" height=\"151\" \/><\/p>\n<h1>INVIGO NUTRI ENRICH DEEP NOURISHING<\/h1>\n<div class=\"seccion fondo-gradiente-1\">\n<div class=\"contenedor\">\n<div class=\"encabezado\">\n<p><strong>Devuelve la vida a tu cabello<\/strong><\/p>\n<p>Experiment\u00e1 un cabello profundamente nutrido y de aspecto saludable con la l\u00ednea Invigo Nutri-Enrich. Limpia suavemente, repone y protege el cabello seco o estresado, dej\u00e1ndolo suave, sedoso y lleno de vitalidad.<\/p>\n<p><strong>FORMULADO CON EL COMPLEJO NUTRI-ENRICH<\/strong><br \/>\nContiene Goji Berry, extremadamente rica en vitaminas, minerales y p\u00e9ptidos. El \u00c1cido Oleico y el Pantenol aportan hidrataci\u00f3n y nutrici\u00f3n al cabello, mientras que la Vitamina E lo protege del estr\u00e9s adicional gracias a sus propiedades antioxidantes.<\/p>\n<\/div>\n<\/div>\n<\/div>\n<div class=\"seccion fondo-gradiente-5\">\n<div class=\"contenedor\">\n<div class=\"seccion-adicional\"><img decoding=\"async\" src=\"https:\/\/tuaar.vtexassets.com\/assets\/vtex.file-manager-graphql\/images\/297eb012-da0b-4ce2-a53e-35255bac116f___b2975e32d6394bb66824b9c9294ce70a.png\" alt=\"tech\" \/><\/p>\n<div class=\"texto\">\n<h2>ACONDICIONADOR DE NUTRICI\u00d3N PROFUNDA<\/h2>\n<h3>INVIGO NUTRI-ENRICH<\/h3>\n<p>El Acondicionador de Nutrici\u00f3n Profunda Invigo Nutri-Enrich hidrata al instante el cabello seco, encrespado o da\u00f1ado, dej\u00e1ndolo suave, nutrido y lleno de vitalidad.<\/p>\n<p>Formulado con el\u00a0<strong>Complejo Nutri-Enrich-Blend\u2122<\/strong>, enriquecido con\u00a0<strong>bayas de goji<\/strong>, extremadamente ricas en vitaminas, minerales y p\u00e9ptidos, que ayudan a nutrir y revitalizar el cabello.<\/p>\n<ul>\n<li>Suave con el cabello y la piel<\/li>\n<li>Dermatol\u00f3gicamente probado<\/li>\n<li>Para cabello seco, encrespado o da\u00f1ado<\/li>\n<li>Compromiso de no realizar pruebas con animales*<\/li>\n<\/ul>\n<p>*Wella Company es miembro de la International Collaboration on Cosmetics Safety.<\/p>\n<p>&nbsp;<\/p>\n<\/div>\n<\/div>\n<\/div>\n<\/div>\n<div class=\"seccion fondo-gradiente-2\">\n<div class=\"contenedor\">\n<div class=\"caracteristicas\">\n<div class=\"caracteristica\">\n<div style=\"width: 311px\" class=\"wp-caption alignleft\"><img loading=\"lazy\" decoding=\"async\" src=\"https:\/\/tuaar.vtexassets.com\/assets\/vtex.file-manager-graphql\/images\/0ba1e2b9-22ad-40db-862a-f4a6d655591b___8c66cfdecdb4dc35db0286e8b6c0f1cc.png\" alt=\"1\" width=\"301\" height=\"301\" \/><p class=\"wp-caption-text\">AROMA ENVOLVENTE Su fragancia combina osmanthus, fresia y patchuli, creando una experiencia sensorial sofisticada, fresca y duradera en el cabello.<\/p><\/div>\n<p>&nbsp;<\/p>\n<\/div>\n<div class=\"caracteristica\">\n<div style=\"width: 311px\" class=\"wp-caption alignleft\"><img loading=\"lazy\" decoding=\"async\" src=\"https:\/\/tuaar.vtexassets.com\/assets\/vtex.file-manager-graphql\/images\/7d2e3018-7bc5-41a4-818c-065a2b7be4b9___d3021b830c6ddafa9ede884f92a040b7.png\" alt=\"2\" width=\"301\" height=\"301\" \/><p class=\"wp-caption-text\">TEXTURA CREMOSA Textura cremosa y rica que se funde al instante con el cabello, facilitando el desenredado y dejando una sensaci\u00f3n suave, ligera y nutrida.<\/p><\/div>\n<p>&nbsp;<\/p>\n<\/div>\n<div class=\"caracteristica\">\n<div style=\"width: 311px\" class=\"wp-caption alignleft\"><img loading=\"lazy\" decoding=\"async\" src=\"https:\/\/tuaar.vtexassets.com\/assets\/vtex.file-manager-graphql\/images\/1a76d035-f222-4647-b034-1b28f247ac1c___45553e256eb5cce471ebd2cd98dbf8a3.png\" alt=\"3\" width=\"301\" height=\"301\" \/><p class=\"wp-caption-text\">NUTRICI\u00d3N INTENSA Enriquecido con bayas de Goji, ricas en vitaminas, minerales y p\u00e9ptidos, que ayudan a revitalizar y fortalecer el cabello seco.<\/p><\/div>\n<p>&nbsp;<\/p>\n<\/div>\n<\/div>\n<\/div>\n<\/div>\n<div class=\"seccion fondo-gradiente-3\">\n<div class=\"contenedor\">\n<div class=\"seccion-adicional seccion-adicional-reversa\">\n<div style=\"width: 610px\" class=\"wp-caption alignnone\"><img loading=\"lazy\" decoding=\"async\" src=\"https:\/\/tuaar.vtexassets.com\/assets\/vtex.file-manager-graphql\/images\/825d5258-87e1-44ce-bee8-54a279beae33___b4e199145ee9ab782ca5a3a034424247.gif\" alt=\"tech\" width=\"600\" height=\"400\" \/><p class=\"wp-caption-text\">DEVOLV\u00c9 LA VIDA A TU CABELLO DE SECO Y DA\u00d1ADO, A NUTRIDO Descubre el poder de Invigo Nutri-Enrich que nutre el cabello seco y da\u00f1ado, devuelve la hidrataci\u00f3n al cabello y mejora su suavidad, brillo y vitalidad para conseguir un cabello de aspecto visiblemente sano.<\/p><\/div>\n<div class=\"texto\">\n<p>&nbsp;<\/p>\n<\/div>\n<\/div>\n<\/div>\n<\/div>\n<div class=\"seccion fondo-gradiente-6\">\n<div class=\"contenedor\">\n<h2>CARACTER\u00cdSTICAS<\/h2>\n<div class=\"rejilla-func-seccion-6\">\n<div class=\"func\"><img decoding=\"async\" src=\"https:\/\/tuaar.vtexassets.com\/assets\/vtex.file-manager-graphql\/images\/b282b51c-b162-4a97-84c4-3135e8033b73___765a3ca79e802d5936dd9236d20cd794.png\" alt=\"1\" \/><\/div>\n<div class=\"func\"><img decoding=\"async\" src=\"https:\/\/tuaar.vtexassets.com\/assets\/vtex.file-manager-graphql\/images\/c6b79b21-a726-499d-ba7b-55bf6c7ce241___d2ef59180da18c1886c161f973c9bc49.png\" alt=\"2\" \/><\/div>\n<div class=\"func\"><img decoding=\"async\" src=\"https:\/\/tuaar.vtexassets.com\/assets\/vtex.file-manager-graphql\/images\/ccef88c3-c5d4-4f51-a696-411856eaf588___6db2cc7fb8efcaeaa07447b7990fbc0e.png\" alt=\"3\" \/><\/div>\n<div class=\"func\"><img decoding=\"async\" src=\"https:\/\/tuaar.vtexassets.com\/assets\/vtex.file-manager-graphql\/images\/ccef88c3-c5d4-4f51-a696-411856eaf588___6db2cc7fb8efcaeaa07447b7990fbc0e.png\" alt=\"Extra\" \/><\/div>\n<\/div>\n<\/div>\n<\/div>\n","protected":false},"excerpt":{"rendered":"<p>INVIGO NUTRI ENRICH DEEP NOURISHING Devuelve la vida a tu cabello Experiment\u00e1 un cabello profundamente nutrido y de aspecto saludable<\/p>\n","protected":false},"featured_media":100186,"comment_status":"open","ping_status":"closed","template":"","meta":{"nf_dc_page":""},"product_brand":[99],"product_cat":[85],"product_tag":[3385],"class_list":{"0":"post-100185","1":"product","2":"type-product","3":"status-publish","4":"has-post-thumbnail","6":"product_brand-wella","7":"product_cat-cosmeticos","8":"product_tag-3385","10":"first","11":"instock","12":"shipping-taxable","13":"purchasable","14":"product-type-simple"},"_links":{"self":[{"href":"https:\/\/brandss.com.py\/index\/wp-json\/wp\/v2\/product\/100185","targetHints":{"allow":["GET"]}}],"collection":[{"href":"https:\/\/brandss.com.py\/index\/wp-json\/wp\/v2\/product"}],"about":[{"href":"https:\/\/brandss.com.py\/index\/wp-json\/wp\/v2\/types\/product"}],"replies":[{"embeddable":true,"href":"https:\/\/brandss.com.py\/index\/wp-json\/wp\/v2\/comments?post=100185"}],"version-history":[{"count":1,"href":"https:\/\/brandss.com.py\/index\/wp-json\/wp\/v2\/product\/100185\/revisions"}],"predecessor-version":[{"id":100190,"href":"https:\/\/brandss.com.py\/index\/wp-json\/wp\/v2\/product\/100185\/revisions\/100190"}],"wp:featuredmedia":[{"embeddable":true,"href":"https:\/\/brandss.com.py\/index\/wp-json\/wp\/v2\/media\/100186"}],"wp:attachment":[{"href":"https:\/\/brandss.com.py\/index\/wp-json\/wp\/v2\/media?parent=100185"}],"wp:term":[{"taxonomy":"product_brand","embeddable":true,"href":"https:\/\/brandss.com.py\/index\/wp-json\/wp\/v2\/product_brand?post=100185"},{"taxonomy":"product_cat","embeddable":true,"href":"https:\/\/brandss.com.py\/index\/wp-json\/wp\/v2\/product_cat?post=100185"},{"taxonomy":"product_tag","embeddable":true,"href":"https:\/\/brandss.com.py\/index\/wp-json\/wp\/v2\/product_tag?post=100185"}],"curies":[{"name":"wp","href":"https:\/\/api.w.org\/{rel}","templated":true}]}}