{"id":100197,"date":"2026-03-14T12:10:18","date_gmt":"2026-03-14T12:10:18","guid":{"rendered":"https:\/\/brandss.com.py\/index\/?post_type=product&#038;p=100197"},"modified":"2026-03-14T12:10:40","modified_gmt":"2026-03-14T12:10:40","slug":"perfume-masculino-mercedes-benz-land-edp-100ml","status":"publish","type":"product","link":"https:\/\/brandss.com.py\/index\/producto\/perfume-masculino-mercedes-benz-land-edp-100ml\/","title":{"rendered":"PERFUME MASCULINO MERCEDES-BENZ LAND EDP 100ML"},"content":{"rendered":"<p><img loading=\"lazy\" decoding=\"async\" class=\"\" src=\"https:\/\/images.seeklogo.com\/logo-png\/9\/2\/mercedes-benz-logo-png_seeklogo-91082.png\" alt=\"Mercedes-Benz Logo PNG Vectors Free Download\" width=\"73\" height=\"73\" \/><\/p>\n<h1>LAND<\/h1>\n<p><span dir=\"auto\">Siente la tierra bajo tus pies con\u00a0<\/span><span dir=\"auto\">Mercedes-Benz Land Eau de Parfum<\/span><span dir=\"auto\">\u00a0. Una fragancia refrescante elaborada con ingredientes naturales que captura la esencia de un hombre idealista y resiliente que siempre busca la renovaci\u00f3n.<img loading=\"lazy\" decoding=\"async\" class=\"alignleft\" src=\"https:\/\/m.media-amazon.com\/images\/I\/81Dz2kZ7vjL._SL1500_.jpg\" width=\"778\" height=\"809\" \/><\/span><\/p>\n<p><span dir=\"auto\">El tr\u00edo\u00a0<\/span><span dir=\"auto\">TIERRA<\/span><span dir=\"auto\">\u00a0\u00b7\u00a0<\/span><span dir=\"auto\">MAR<\/span><span dir=\"auto\">\u00a0\u00b7\u00a0<\/span><span dir=\"auto\">AIRE<\/span><span dir=\"auto\">\u00a0se puede explorar de innumerables maneras: solo, en parejas o todos juntos.<\/span><span dir=\"auto\">Con tan solo tres fragancias espectaculares, puedes crear siete combinaciones \u00fanicas, cada una evocando su propio universo.<\/span><\/p>\n<p><span dir=\"auto\">Creada por la maestra perfumista francesa Anne Flipo, la Trilog\u00eda es una oda a la creatividad:\u00a0<\/span><span dir=\"auto\">cada elemento puede usarse por separado o en cualquier combinaci\u00f3n que elijas. El concepto es simple, el efecto extraordinario. Al superponer las fragancias de nuestra ic\u00f3nica\u00a0 trilog\u00eda\u00a0Tierra, Mar\u00a0y\u00a0Aire, entra en nuevas dimensiones de placer olfativo. \u00bf El secreto de esta alquimia? Una base com\u00fan. Si bien cada una posee personalidades distintas, las tres fragancias creadas por la maestra perfumista Anne Flipo se basan en notas florales y amaderadas de pachul\u00ed, lo que permite usarlas en siete combinaciones diferentes (solas, en d\u00fao o todas juntas), abriendo as\u00ed las puertas a mundos tan complejos como personales.\u00a0<\/span><\/p>\n<p><span dir=\"auto\">Air te invita a liberar tu mente a trav\u00e9s del encuentro entre el refrescante y herb\u00e1ceo aceite de Artemisia y la exquisita Ang\u00e9lica, las notas florales del Petitgrain y el aroma de los c\u00edtricos y la hoja de c\u00farcuma.<\/span><\/p>\n<p><span dir=\"auto\">Sea evoca la refrescante sensaci\u00f3n de una ola rompiendo en la orilla, con una verde hoja violeta energizada por la vibrante mandarina y las algas marinas.<\/span><\/p>\n<p><span dir=\"auto\">Por \u00faltimo,\u00a0\u00a0<\/span><span dir=\"auto\">Land combina la embriagadora explosi\u00f3n de c\u00e1scara de cacao, haba tonka y pachul\u00ed con frescos matices de romero y geranio, as\u00ed como la vibrante energ\u00eda del abeto bals\u00e1mico.\u00a0<\/span><\/p>\n<p>&nbsp;<\/p>\n<h3>Notas Olfativas<\/h3>\n<p>&nbsp;<\/p>\n<p><span class=\"product__intro-excerpt\"><span dir=\"auto\">Una explosi\u00f3n embriagadora de c\u00e1scara de cacao, haba tonka y pachul\u00ed con matices frescos.<\/span><\/span>\u00a0<span class=\"product__intro-text\"><span dir=\"auto\">Romero y geranio, junto con la vibrante energ\u00eda del abeto bals\u00e1mico. Inspir\u00e1ndose en la esencia misma de la leyenda de Mercedes-Benz, la estrella de tres puntas y su simbolismo de convertirse en pionero &#8220;en tierra, mar o aire&#8221;, Tierra, Mar, Aire representa un profundo regreso a los elementos en forma de trilog\u00eda para la persona realizada. Descubre este regreso a los elementos con Tierra.<\/span><\/span><\/p>\n<ul>\n<li><span dir=\"auto\"><strong>Notas de salida:<\/strong> romero, pimienta negra.<\/span><\/li>\n<li><span dir=\"auto\"><strong>Notas de coraz\u00f3n:<\/strong> cacao, b\u00e1lsamo de abeto, geranio.<\/span><\/li>\n<li><span dir=\"auto\"><strong>Notas de fondo:<\/strong> maderas, haba tonka, pachul\u00ed.<\/span><\/li>\n<\/ul>\n","protected":false},"excerpt":{"rendered":"<p>LAND Siente la tierra bajo tus pies con\u00a0Mercedes-Benz Land Eau de Parfum\u00a0. Una fragancia refrescante elaborada con ingredientes naturales que<\/p>\n","protected":false},"featured_media":100198,"comment_status":"open","ping_status":"closed","template":"","meta":{"nf_dc_page":""},"product_brand":[793],"product_cat":[84],"product_tag":[3129],"class_list":{"0":"post-100197","1":"product","2":"type-product","3":"status-publish","4":"has-post-thumbnail","6":"product_brand-mercedes-benz","7":"product_cat-perfumeria","8":"product_tag-3129","10":"first","11":"instock","12":"shipping-taxable","13":"purchasable","14":"product-type-simple"},"_links":{"self":[{"href":"https:\/\/brandss.com.py\/index\/wp-json\/wp\/v2\/product\/100197","targetHints":{"allow":["GET"]}}],"collection":[{"href":"https:\/\/brandss.com.py\/index\/wp-json\/wp\/v2\/product"}],"about":[{"href":"https:\/\/brandss.com.py\/index\/wp-json\/wp\/v2\/types\/product"}],"replies":[{"embeddable":true,"href":"https:\/\/brandss.com.py\/index\/wp-json\/wp\/v2\/comments?post=100197"}],"version-history":[{"count":1,"href":"https:\/\/brandss.com.py\/index\/wp-json\/wp\/v2\/product\/100197\/revisions"}],"predecessor-version":[{"id":100205,"href":"https:\/\/brandss.com.py\/index\/wp-json\/wp\/v2\/product\/100197\/revisions\/100205"}],"wp:featuredmedia":[{"embeddable":true,"href":"https:\/\/brandss.com.py\/index\/wp-json\/wp\/v2\/media\/100198"}],"wp:attachment":[{"href":"https:\/\/brandss.com.py\/index\/wp-json\/wp\/v2\/media?parent=100197"}],"wp:term":[{"taxonomy":"product_brand","embeddable":true,"href":"https:\/\/brandss.com.py\/index\/wp-json\/wp\/v2\/product_brand?post=100197"},{"taxonomy":"product_cat","embeddable":true,"href":"https:\/\/brandss.com.py\/index\/wp-json\/wp\/v2\/product_cat?post=100197"},{"taxonomy":"product_tag","embeddable":true,"href":"https:\/\/brandss.com.py\/index\/wp-json\/wp\/v2\/product_tag?post=100197"}],"curies":[{"name":"wp","href":"https:\/\/api.w.org\/{rel}","templated":true}]}}