{"id":100206,"date":"2026-03-14T12:26:53","date_gmt":"2026-03-14T12:26:53","guid":{"rendered":"https:\/\/brandss.com.py\/index\/?post_type=product&#038;p=100206"},"modified":"2026-03-14T12:27:11","modified_gmt":"2026-03-14T12:27:11","slug":"perfume-masculino-mercedes-benz-amg-red-thrill-edp-100ml","status":"publish","type":"product","link":"https:\/\/brandss.com.py\/index\/producto\/perfume-masculino-mercedes-benz-amg-red-thrill-edp-100ml\/","title":{"rendered":"PERFUME MASCULINO MERCEDES BENZ AMG RED THRILL EDP 100ML"},"content":{"rendered":"<p><img loading=\"lazy\" decoding=\"async\" class=\"\" src=\"https:\/\/images.seeklogo.com\/logo-png\/9\/2\/mercedes-benz-logo-png_seeklogo-91082.png\" alt=\"Mercedes-Benz Logo PNG Vectors Free Download\" width=\"90\" height=\"90\" \/><\/p>\n<h1>AMG RED THRILL<\/h1>\n<h5><em>Un viaje apasionante.<\/em><\/h5>\n<p><span dir=\"auto\">Desata tu audacia con la cautivadora fragancia de\u00a0<\/span><span dir=\"auto\">AMG Red Thrill <\/span><span dir=\"auto\">de\u00a0<\/span><span dir=\"auto\">Mercedes-Benz<\/span><span dir=\"auto\">. <\/span><span dir=\"auto\">Una fragancia singular que evoca la energ\u00eda pura de la ambici\u00f3n, el esp\u00edritu y la determinaci\u00f3n. AMG Red Thrill de Mercedes-Benz encarna el lujo y una identidad propia, convirti\u00e9ndose en una fragancia irresistible para hombres. Lanzada en 2023, esta seductora fragancia captura la esencia del dinamismo y la sofisticaci\u00f3n.<img loading=\"lazy\" decoding=\"async\" class=\"alignleft\" src=\"https:\/\/www.giraofertas.com.br\/wp-content\/uploads\/2024\/08\/AMG-Red-Thrill-Mercedes-Benz-Eau-de-Parfum-Masculino-07.jpg\" width=\"792\" height=\"792\" \/><\/span><\/p>\n<p>Este Eau de Parfum est\u00e1 dise\u00f1ado para quienes aprecian las cosas buenas de la vida. Con sus cautivadoras notas, AMG Red Thrill es una incorporaci\u00f3n \u00fanica a cualquier colecci\u00f3n de fragancias.<\/p>\n<h5><span dir=\"auto\">Un \u00fanico chasis, un coraz\u00f3n que parece un motor.<\/span><\/h5>\n<p><span dir=\"auto\">Como un homenaje inconfundible a\u00a0<\/span><span dir=\"auto\">Mercedes-AMG<\/span><span dir=\"auto\">, la botella presenta un coraz\u00f3n latiendo protegido por una cautivadora carcasa met\u00e1lica.\u00a0<\/span><span dir=\"auto\">Su car\u00e1cter ind\u00f3mito y su mecanismo a la vista reflejan la legendaria audacia de los motores\u00a0<\/span><span dir=\"auto\">AMG<\/span><span dir=\"auto\">\u00a0y la sensaci\u00f3n de valent\u00eda que cada fragancia\u00a0<\/span><span dir=\"auto\">Thrill<\/span><span dir=\"auto\"> evoca en ti.\u00a0<\/span><span dir=\"auto\">Fabricada con vidrio y aluminio reciclados, la apuesta de\u00a0<\/span><span dir=\"auto\">AMG<\/span><span dir=\"auto\">\u00a0por la responsabilidad medioambiental est\u00e1 en su punto \u00e1lgido.<\/span><\/p>\n<p>&nbsp;<\/p>\n<h3>Notas Olfativas<\/h3>\n<p>&nbsp;<\/p>\n<p>La trilog\u00eda inaugural de AMG Parfums evoca un sentido de deseo y anuncia la llegada de un nuevo \u00edcono. Ingredientes cuidadosamente seleccionados. Composiciones originales y atrevidas. Nacida de la convicci\u00f3n de que nada es imposible, AMG Parfums combina un alto rendimiento con una chispa inigualable de pura emoci\u00f3n para canalizar el verdadero pulso de las carreras hacia el coraz\u00f3n del universo Mercedes. La fragancia se abre con cardamomo, se despliega con iris y culmina con vainilla. Pertenece a la familia de fragancias de vainilla.<\/p>\n<p><strong>Notas de salida:<\/strong> cardamomo<br \/>\n<strong>Notas de coraz\u00f3n:<\/strong> iris<br \/>\n<strong>Notas de fondo:<\/strong> vainilla<\/p>\n<p>&nbsp;<\/p>\n","protected":false},"excerpt":{"rendered":"<p>AMG RED THRILL Un viaje apasionante. Desata tu audacia con la cautivadora fragancia de\u00a0AMG Red Thrill de\u00a0Mercedes-Benz. Una fragancia singular<\/p>\n","protected":false},"featured_media":100207,"comment_status":"open","ping_status":"closed","template":"","meta":{"nf_dc_page":""},"product_brand":[793],"product_cat":[84],"product_tag":[3130],"class_list":{"0":"post-100206","1":"product","2":"type-product","3":"status-publish","4":"has-post-thumbnail","6":"product_brand-mercedes-benz","7":"product_cat-perfumeria","8":"product_tag-3130","10":"first","11":"instock","12":"shipping-taxable","13":"purchasable","14":"product-type-simple"},"_links":{"self":[{"href":"https:\/\/brandss.com.py\/index\/wp-json\/wp\/v2\/product\/100206","targetHints":{"allow":["GET"]}}],"collection":[{"href":"https:\/\/brandss.com.py\/index\/wp-json\/wp\/v2\/product"}],"about":[{"href":"https:\/\/brandss.com.py\/index\/wp-json\/wp\/v2\/types\/product"}],"replies":[{"embeddable":true,"href":"https:\/\/brandss.com.py\/index\/wp-json\/wp\/v2\/comments?post=100206"}],"version-history":[{"count":1,"href":"https:\/\/brandss.com.py\/index\/wp-json\/wp\/v2\/product\/100206\/revisions"}],"predecessor-version":[{"id":100214,"href":"https:\/\/brandss.com.py\/index\/wp-json\/wp\/v2\/product\/100206\/revisions\/100214"}],"wp:featuredmedia":[{"embeddable":true,"href":"https:\/\/brandss.com.py\/index\/wp-json\/wp\/v2\/media\/100207"}],"wp:attachment":[{"href":"https:\/\/brandss.com.py\/index\/wp-json\/wp\/v2\/media?parent=100206"}],"wp:term":[{"taxonomy":"product_brand","embeddable":true,"href":"https:\/\/brandss.com.py\/index\/wp-json\/wp\/v2\/product_brand?post=100206"},{"taxonomy":"product_cat","embeddable":true,"href":"https:\/\/brandss.com.py\/index\/wp-json\/wp\/v2\/product_cat?post=100206"},{"taxonomy":"product_tag","embeddable":true,"href":"https:\/\/brandss.com.py\/index\/wp-json\/wp\/v2\/product_tag?post=100206"}],"curies":[{"name":"wp","href":"https:\/\/api.w.org\/{rel}","templated":true}]}}