{"id":100215,"date":"2026-03-14T12:49:15","date_gmt":"2026-03-14T12:49:15","guid":{"rendered":"https:\/\/brandss.com.py\/index\/?post_type=product&#038;p=100215"},"modified":"2026-03-14T12:50:29","modified_gmt":"2026-03-14T12:50:29","slug":"perfume-femenino-salvador-dali-eau-de-rubylips-edt-100ml","status":"publish","type":"product","link":"https:\/\/brandss.com.py\/index\/producto\/perfume-femenino-salvador-dali-eau-de-rubylips-edt-100ml\/","title":{"rendered":"PERFUME FEMENINO SALVADOR DAL\u00cd EAU DE RUBYLIPS EDT 100ML"},"content":{"rendered":"<p><img loading=\"lazy\" decoding=\"async\" class=\"\" src=\"https:\/\/upload.wikimedia.org\/wikipedia\/commons\/0\/05\/Salvador_dali_signature.svg\" alt=\"Ta'\u00e3nga:Salvador dali signature.svg - Vikipet\u00e3\" width=\"167\" height=\"55\" \/><\/p>\n<h1>EAU DE RUBYLIPS<\/h1>\n<p>Rinde homenaje a los ic\u00f3nicos labios de Dal\u00ed en un frasco de puro estilo barroco, esculpido con cinco pares de labios en relieve. Inspirados en el broche Ruby Lips del artista, evocan su fascinaci\u00f3n por este s\u00edmbolo eterno de feminidad.<\/p>\n<p>Envueltos en delicadas notas de flor de algod\u00f3n, las et\u00e9reas flores blancas se entrelazan con matices frutales de pomelo y pi\u00f1a, revelando una fragancia femenina, suave y sutil.<\/p>\n<p>Eau de Rubylips celebra una feminidad creativa, so\u00f1adora y audaz. Como un paisaje surrealista que borra los l\u00edmites entre lo real y lo imaginario, despliega una esencia luminosa, delicada y encantadoramente fresca.<\/p>\n<p><img decoding=\"async\" class=\"alignleft\" src=\"https:\/\/http2.mlstatic.com\/D_NQ_NP_964315-MLA83835246502_042025-O.webp\" \/><\/p>\n<h3>Notas Olfativas<\/h3>\n<p>&nbsp;<\/p>\n<p>Salvador Dal\u00ed Eau de RubyLips Eau de Toilette es una fragancia que encarna la esencia de las salinas de Uyuni. Aqu\u00ed, la l\u00ednea entre la realidad y la imaginaci\u00f3n se difumina, y lo surrealista se convierte en real.<\/p>\n<p>Este paisaje cautivador inspir\u00f3 la composici\u00f3n arom\u00e1tica, mientras que el frasco azul refleja bellamente el paisaje del lecho seco del lago. Salvador Dal\u00ed Eau de RubyLips ser\u00e1 tu mensajero especial de agradables recuerdos, con notas que evocan la sensaci\u00f3n del verano, largos d\u00edas soleados y suaves noches.<\/p>\n<p>La fragancia se abre con pomelo fresco, suave flor de algod\u00f3n y un delicado lirio de los valles que embriaga. El Coraz\u00f3n contin\u00faa la melod\u00eda del perfume con matices de jugosa pi\u00f1a, aterciopelados p\u00e9talos de magnolia y dulce pulmonaria primaveral.<\/p>\n<p>Y finalmente te envuelve en la calidez del \u00e1mbar, acordes de cedro resinoso y un almizcle animal\u00edstico cremoso.<\/p>\n<p>&nbsp;<\/p>\n<p><strong>Notas de salida:<\/strong> flor de algod\u00f3n, lirio de los valles, pomelo.<br \/>\n<strong>Notas de coraz\u00f3n:<\/strong> magnolia, pi\u00f1a, madreselva.<br \/>\n<strong>Notas de fondo:<\/strong> almizcle, cedro, \u00e1mbar<\/p>\n","protected":false},"excerpt":{"rendered":"<p>EAU DE RUBYLIPS Rinde homenaje a los ic\u00f3nicos labios de Dal\u00ed en un frasco de puro estilo barroco, esculpido con<\/p>\n","protected":false},"featured_media":100216,"comment_status":"open","ping_status":"closed","template":"","meta":{"nf_dc_page":""},"product_brand":[3131],"product_cat":[84],"product_tag":[3132],"class_list":{"0":"post-100215","1":"product","2":"type-product","3":"status-publish","4":"has-post-thumbnail","6":"product_brand-salvador-dali","7":"product_cat-perfumeria","8":"product_tag-3132","10":"first","11":"instock","12":"shipping-taxable","13":"purchasable","14":"product-type-simple"},"_links":{"self":[{"href":"https:\/\/brandss.com.py\/index\/wp-json\/wp\/v2\/product\/100215","targetHints":{"allow":["GET"]}}],"collection":[{"href":"https:\/\/brandss.com.py\/index\/wp-json\/wp\/v2\/product"}],"about":[{"href":"https:\/\/brandss.com.py\/index\/wp-json\/wp\/v2\/types\/product"}],"replies":[{"embeddable":true,"href":"https:\/\/brandss.com.py\/index\/wp-json\/wp\/v2\/comments?post=100215"}],"version-history":[{"count":1,"href":"https:\/\/brandss.com.py\/index\/wp-json\/wp\/v2\/product\/100215\/revisions"}],"predecessor-version":[{"id":100219,"href":"https:\/\/brandss.com.py\/index\/wp-json\/wp\/v2\/product\/100215\/revisions\/100219"}],"wp:featuredmedia":[{"embeddable":true,"href":"https:\/\/brandss.com.py\/index\/wp-json\/wp\/v2\/media\/100216"}],"wp:attachment":[{"href":"https:\/\/brandss.com.py\/index\/wp-json\/wp\/v2\/media?parent=100215"}],"wp:term":[{"taxonomy":"product_brand","embeddable":true,"href":"https:\/\/brandss.com.py\/index\/wp-json\/wp\/v2\/product_brand?post=100215"},{"taxonomy":"product_cat","embeddable":true,"href":"https:\/\/brandss.com.py\/index\/wp-json\/wp\/v2\/product_cat?post=100215"},{"taxonomy":"product_tag","embeddable":true,"href":"https:\/\/brandss.com.py\/index\/wp-json\/wp\/v2\/product_tag?post=100215"}],"curies":[{"name":"wp","href":"https:\/\/api.w.org\/{rel}","templated":true}]}}