{"id":100235,"date":"2026-03-14T14:05:15","date_gmt":"2026-03-14T14:05:15","guid":{"rendered":"https:\/\/brandss.com.py\/index\/?post_type=product&#038;p=100235"},"modified":"2026-03-14T14:05:28","modified_gmt":"2026-03-14T14:05:28","slug":"perfume-femenino-animale-animale-animale-edp-100ml","status":"publish","type":"product","link":"https:\/\/brandss.com.py\/index\/producto\/perfume-femenino-animale-animale-animale-edp-100ml\/","title":{"rendered":"PERFUME FEMENINO ANIMALE ANIMALE ANIMALE EDP 100ML"},"content":{"rendered":"<p><img loading=\"lazy\" decoding=\"async\" class=\"\" src=\"https:\/\/iconape.com\/wp-content\/png_logo_vector\/animale-parfums-logo.png\" alt=\"Animale Parfums Logo Download png\" width=\"128\" height=\"55\" \/><\/p>\n<h1>ANIMALE ANIMALE<\/h1>\n<p>Seductora. Audaz. Femenina. Animale Animale Eau de Parfum es una fragancia envolvente y sofisticada que irradia personalidad. Animale Animale Eau De Parfum Spray, una fragancia cautivadora dise\u00f1ada para la mujer moderna que desea dejar una impresi\u00f3n memorable. Este perfume ofrece un aroma fresco y contempor\u00e1neo que evoca deseo y encanto, perfecto para el d\u00eda a d\u00eda o para una ocasi\u00f3n especial.<\/p>\n<p><span dir=\"auto\">Animale Animale es perfecto para todo tipo de piel, ofreciendo una fragancia ligera pero duradera que realza tu belleza natural sin resultar abrumadora. Su f\u00f3rmula, equilibrada por expertos, garantiza una mezcla armoniosa que envuelve tu piel con una sensaci\u00f3n de elegancia y calidez, convirtiendo cada aplicaci\u00f3n en una experiencia placentera.<\/span><\/p>\n<p><span dir=\"auto\">Eleva tu colecci\u00f3n de fragancias con Animale Animale, un aroma que personifica la confianza y la sofisticaci\u00f3n. Perfectamente creada para la mujer que valora la frescura y la profundidad, esta fragancia es tu compa\u00f1era ideal para cualquier ocasi\u00f3n, realzando tu atractivo con cada uso. \u00a1D\u00e9jate seducir por la esencia del deseo con Animale Animale hoy mismo!<\/span><\/p>\n<p>&nbsp;<\/p>\n<h3>Notas Olfativas<\/h3>\n<p>&nbsp;<\/p>\n<p>Animale Animale de Animale es una fragancia de la familia olfativa Chipre para Mujeres. Animale se lanz\u00f3 en 1987. La fragancia se abre con una audaz mezcla de jacinto, madera, notas verdes, bergamota, cilantro y neroli. En su coraz\u00f3n, un ramo floral de ylang-ylang, rosa, jazm\u00edn, lirio del valle, miel y lirio. Finalmente, una sensual combinaci\u00f3n de almizcle, musgo, civeta, coco, vetiver y pachul\u00ed.<\/p>\n<p><strong>Notas de salida:<\/strong> cilantro, notas verdes, jacinto, neroli, bergamota, palo de rosa de brasil.<br \/>\n<strong>Notas de coraz\u00f3n:<\/strong> clavel, miel, ra\u00edz de lirio, jazm\u00edn, ylang-ylang, lirio de los valles, rosa.<br \/>\n<strong>Notas de fondo:<\/strong> pachul\u00ed, almizcle,coco, algalia, musgo de roble, vetiver.<\/p>\n","protected":false},"excerpt":{"rendered":"<p>ANIMALE ANIMALE Seductora. Audaz. Femenina. Animale Animale Eau de Parfum es una fragancia envolvente y sofisticada que irradia personalidad. Animale<\/p>\n","protected":false},"featured_media":100236,"comment_status":"open","ping_status":"closed","template":"","meta":{"nf_dc_page":""},"product_brand":[97],"product_cat":[84],"product_tag":[3136],"class_list":{"0":"post-100235","1":"product","2":"type-product","3":"status-publish","4":"has-post-thumbnail","6":"product_brand-animale","7":"product_cat-perfumeria","8":"product_tag-3136","10":"first","11":"instock","12":"shipping-taxable","13":"purchasable","14":"product-type-simple"},"_links":{"self":[{"href":"https:\/\/brandss.com.py\/index\/wp-json\/wp\/v2\/product\/100235","targetHints":{"allow":["GET"]}}],"collection":[{"href":"https:\/\/brandss.com.py\/index\/wp-json\/wp\/v2\/product"}],"about":[{"href":"https:\/\/brandss.com.py\/index\/wp-json\/wp\/v2\/types\/product"}],"replies":[{"embeddable":true,"href":"https:\/\/brandss.com.py\/index\/wp-json\/wp\/v2\/comments?post=100235"}],"version-history":[{"count":1,"href":"https:\/\/brandss.com.py\/index\/wp-json\/wp\/v2\/product\/100235\/revisions"}],"predecessor-version":[{"id":100240,"href":"https:\/\/brandss.com.py\/index\/wp-json\/wp\/v2\/product\/100235\/revisions\/100240"}],"wp:featuredmedia":[{"embeddable":true,"href":"https:\/\/brandss.com.py\/index\/wp-json\/wp\/v2\/media\/100236"}],"wp:attachment":[{"href":"https:\/\/brandss.com.py\/index\/wp-json\/wp\/v2\/media?parent=100235"}],"wp:term":[{"taxonomy":"product_brand","embeddable":true,"href":"https:\/\/brandss.com.py\/index\/wp-json\/wp\/v2\/product_brand?post=100235"},{"taxonomy":"product_cat","embeddable":true,"href":"https:\/\/brandss.com.py\/index\/wp-json\/wp\/v2\/product_cat?post=100235"},{"taxonomy":"product_tag","embeddable":true,"href":"https:\/\/brandss.com.py\/index\/wp-json\/wp\/v2\/product_tag?post=100235"}],"curies":[{"name":"wp","href":"https:\/\/api.w.org\/{rel}","templated":true}]}}