{"id":100241,"date":"2026-03-14T14:31:23","date_gmt":"2026-03-14T14:31:23","guid":{"rendered":"https:\/\/brandss.com.py\/index\/?post_type=product&#038;p=100241"},"modified":"2026-03-14T14:34:21","modified_gmt":"2026-03-14T14:34:21","slug":"perfume-femenino-puccini-orient-oud-edp-80ml","status":"publish","type":"product","link":"https:\/\/brandss.com.py\/index\/producto\/perfume-femenino-puccini-orient-oud-edp-80ml\/","title":{"rendered":"PERFUME FEMENINO PUCCINI ORIENT OUD EDP 80ML"},"content":{"rendered":"<p>&nbsp;<\/p>\n<p><img loading=\"lazy\" decoding=\"async\" class=\"\" src=\"https:\/\/cdn.salla.sa\/cdn-cgi\/image\/fit=scale-down,width=400,height=400,onerror=redirect,format=auto\/aeypKG\/DcBwFNNoRF8LYLYZCOoq1r5M0UC9Pxh2zz2UiGOh.png\" alt=\"Puccini Voluptia Eau de Parfum for Women 100ml - \u0628\u0648\u062a\u0634\u064a\u0646\u064a \u0628\u0627\u0631\u064a\u0633 \u0644\u0644\u0639\u0637\u0648\u0631 \u0639\u0637\u0648\u0631 \u0641\u0627\u062e\u0631\u0629 \u0628\u0631\u0648\u0627\u0626\u062d \u0645\u0645\u064a\u0632\u0629\" width=\"112\" height=\"48\" \/><\/p>\n<h1>ORIENT OUD<\/h1>\n<p class=\"ql-align-right ql-direction-rtl\"><span dir=\"auto\">Es una excepcional obra maestra de la perfumer\u00eda de nicho, dise\u00f1ada para reflejar la opulencia de Oriente y la magnificencia del oud con un toque sofisticado y moderno. Es una fragancia lujosa sin igual, un aroma sofisticado de nicho digno de un gusto refinado, que convierte cada momento en que la usas en una experiencia extraordinaria, rebosante de encanto y confianza.<\/span><\/p>\n<h3>Notas Olfativas<\/h3>\n<p class=\"ql-align-right ql-direction-rtl\"><span dir=\"auto\">Desde la primera aplicaci\u00f3n, la fragancia se abre con una refrescante mezcla de\u00a0<\/span><span dir=\"auto\">aceites de naranja y mandarina y un toque audaz de cannabis<\/span><span dir=\"auto\">, una introducci\u00f3n cautivadora que tienta y revitaliza. Con el paso del tiempo, la fragancia revela un rico coraz\u00f3n de\u00a0<\/span><span dir=\"auto\">geranio chino, caf\u00e9 oscuro, tabaco lujoso, rosa aterciopelada y caramelo c\u00e1lido<\/span><span dir=\"auto\">, donde el romanticismo y la vitalidad se entrelazan para reflejar una aut\u00e9ntica profundidad oriental.<\/span><\/p>\n<p class=\"ql-align-right ql-direction-rtl\"><span dir=\"auto\">Su base es una fragancia inconfundible, con una lujosa mezcla de\u00a0<\/span><span dir=\"auto\">madera de cedro, aceite de cupaya brasile\u00f1a, almizcle blanco, oud puro, pachul\u00ed indonesio y \u00e1mbar dorado con madera de guayaco<\/span><span dir=\"auto\">. Esta combinaci\u00f3n oriental-amaderada le otorga una longevidad excepcional y una estela potente que te acompa\u00f1a de d\u00eda y de noche.<\/span><\/p>\n<p><strong>Notas de salida:<\/strong> naranja, tangerina, aceite de naranja, cannabis.<br \/>\n<strong>Nota de coraz\u00f3n:<\/strong> caf\u00e9, rosa, caramelo, tabaco.<br \/>\n<strong>Notas de fondo:<\/strong> guayaba, b\u00e1lsamo de copaiba, resina, cedro, almizcle, pachul\u00ed, \u00e1mbar.<\/p>\n","protected":false},"excerpt":{"rendered":"<p>&nbsp; ORIENT OUD Es una excepcional obra maestra de la perfumer\u00eda de nicho, dise\u00f1ada para reflejar la opulencia de Oriente<\/p>\n","protected":false},"featured_media":100242,"comment_status":"open","ping_status":"closed","template":"","meta":{"nf_dc_page":""},"product_brand":[1780],"product_cat":[84],"product_tag":[3144],"class_list":{"0":"post-100241","1":"product","2":"type-product","3":"status-publish","4":"has-post-thumbnail","6":"product_brand-puccini","7":"product_cat-perfumeria","8":"product_tag-3144","10":"first","11":"instock","12":"shipping-taxable","13":"purchasable","14":"product-type-simple"},"_links":{"self":[{"href":"https:\/\/brandss.com.py\/index\/wp-json\/wp\/v2\/product\/100241","targetHints":{"allow":["GET"]}}],"collection":[{"href":"https:\/\/brandss.com.py\/index\/wp-json\/wp\/v2\/product"}],"about":[{"href":"https:\/\/brandss.com.py\/index\/wp-json\/wp\/v2\/types\/product"}],"replies":[{"embeddable":true,"href":"https:\/\/brandss.com.py\/index\/wp-json\/wp\/v2\/comments?post=100241"}],"version-history":[{"count":2,"href":"https:\/\/brandss.com.py\/index\/wp-json\/wp\/v2\/product\/100241\/revisions"}],"predecessor-version":[{"id":100247,"href":"https:\/\/brandss.com.py\/index\/wp-json\/wp\/v2\/product\/100241\/revisions\/100247"}],"wp:featuredmedia":[{"embeddable":true,"href":"https:\/\/brandss.com.py\/index\/wp-json\/wp\/v2\/media\/100242"}],"wp:attachment":[{"href":"https:\/\/brandss.com.py\/index\/wp-json\/wp\/v2\/media?parent=100241"}],"wp:term":[{"taxonomy":"product_brand","embeddable":true,"href":"https:\/\/brandss.com.py\/index\/wp-json\/wp\/v2\/product_brand?post=100241"},{"taxonomy":"product_cat","embeddable":true,"href":"https:\/\/brandss.com.py\/index\/wp-json\/wp\/v2\/product_cat?post=100241"},{"taxonomy":"product_tag","embeddable":true,"href":"https:\/\/brandss.com.py\/index\/wp-json\/wp\/v2\/product_tag?post=100241"}],"curies":[{"name":"wp","href":"https:\/\/api.w.org\/{rel}","templated":true}]}}