{"id":100260,"date":"2026-03-14T17:25:28","date_gmt":"2026-03-14T17:25:28","guid":{"rendered":"https:\/\/brandss.com.py\/index\/?post_type=product&#038;p=100260"},"modified":"2026-04-21T11:27:49","modified_gmt":"2026-04-21T11:27:49","slug":"serum-facial-medicube-hyaluronic-multi-peptide-30ml","status":"publish","type":"product","link":"https:\/\/brandss.com.py\/index\/producto\/serum-facial-medicube-hyaluronic-multi-peptide-30ml\/","title":{"rendered":"S\u00c9RUM FACIAL MEDICUBE HYALURONIC MULTI PEPTIDE 30ML"},"content":{"rendered":"<p><img loading=\"lazy\" decoding=\"async\" class=\"\" src=\"https:\/\/brandlogos.net\/wp-content\/uploads\/2025\/04\/medicube-logo_brandlogos.net_bwt16.png\" alt=\"medicube logo vector (eps, svg) free download - Brandlogos.net\" width=\"189\" height=\"37\" \/><\/p>\n<h1>HYALURONIC MULTI PEPTIDE<\/h1>\n<p>\u00a1Para una piel\u00a0tersa\u00a0y\u00a0luminosa\u00a0con efecto\u00a0hidratante!<\/p>\n<p>Este s\u00e9rum retiene la hidrataci\u00f3n de tu piel con una innovadora textura de doble capa conformada por aceite y suero. Consigue una piel hermosa y luminosa mejorando la hidrataci\u00f3n y la elasticidad. Efecto hidratante y calmante intensivo para un tono de piel uniforme.\u00a0Adem\u00e1s contiene\u00a0PDRN\u00a0(ADN de salm\u00f3n) que ayuda a suavizar lineas finas con el uso continuo.<img loading=\"lazy\" decoding=\"async\" class=\"alignleft\" src=\"https:\/\/kocarebeauty.com\/cdn\/shop\/files\/HYALURONICSERUM3.png?v=1768607990&amp;width=600\" width=\"350\" height=\"350\" \/><\/p>\n<p>Un s\u00e9rum facial de alta eficacia\u00a0formulado con\u00a0<em>99 % de \u00e1cido hialur\u00f3nico<\/em>\u00a0de alta pureza, dise\u00f1ado para ofrecer una hidrataci\u00f3n profunda y prolongada hasta por 144 horas.<br \/>\nSu combinaci\u00f3n avanzada de\u00a0p\u00e9ptidos, PDRN y \u00e1cido hialur\u00f3nico\u00a0potencia la retenci\u00f3n de humedad en la piel, mejorando visiblemente su elasticidad y aumentando los niveles de hidrataci\u00f3n hasta en un 39,9 % de forma inmediata. De textura ligera y no pegajosa, este s\u00e9rum brinda un cuidado hipoalerg\u00e9nico, ideal incluso para pieles sensibles, dejando el rostro m\u00e1s suave, relleno y luminoso desde las primeras aplicaciones.<\/p>\n<h3><strong>Ingredientes activos:\u00a0<\/strong><\/h3>\n<ul>\n<li style=\"list-style-type: none\">\n<ul>\n<li><strong>\u00c1cido hialur\u00f3nico (99 % de alta pureza):<\/strong>\u00a0hidrata intensamente, ayuda a retener el agua en las capas profundas de la piel y aporta efecto relleno.<\/li>\n<li><strong>P\u00e9ptidos:<\/strong>\u00a0estimulan la producci\u00f3n natural de col\u00e1geno y mejoran la firmeza y elasticidad cut\u00e1nea.<\/li>\n<li><strong><img loading=\"lazy\" decoding=\"async\" class=\"alignright\" style=\"font-weight: 400\" src=\"https:\/\/kocarebeauty.com\/cdn\/shop\/files\/HYALURONICSERUM4.png?v=1768607990&amp;width=600\" width=\"371\" height=\"371\" \/>PDRN (Polideoxirribonucle\u00f3tido):<\/strong><\/li>\n<\/ul>\n<\/li>\n<\/ul>\n<p>favorece la regeneraci\u00f3n celular y la reparaci\u00f3n de tejidos da\u00f1ados.<\/p>\n<ul>\n<li><strong>Extractos bot\u00e1nicos hidratantes:<\/strong>\u00a0calman la piel y refuerzan la barrera cut\u00e1nea.<\/li>\n<\/ul>\n<div>\n<div class=\"summary__title\">\n<h3 class=\"h4 accordion__title inline-richtext\">Beneficios<\/h3>\n<\/div>\n<\/div>\n<div id=\"ProductAccordion-collapsible-row-1-template--18343358726396__main\" class=\"accordion__content rte\">\n<p><span class=\"metafield-multi_line_text_field\">+ Mantiene la hidrataci\u00f3n durante m\u00e1s tiempo.<br \/>\n+ Mejora la firmeza de la piel.<br \/>\n+ Suaviza l\u00edneas finas y textura gracias al PDRN.<br \/>\n+ Refuerza la barrera cut\u00e1nea.<br \/>\n+ F\u00f3rmula ligera y no grasa.<\/span><\/p>\n<div>\n<div class=\"summary__title\">\n<h3 class=\"h4 accordion__title inline-richtext\">Forma de Uso<\/h3>\n<\/div>\n<\/div>\n<div id=\"ProductAccordion-collapsible-row-0-template--18343358726396__main\" class=\"accordion__content rte\">\n<p><span class=\"metafield-multi_line_text_field\">1. Despu\u00e9s de la limpieza, agita el suero antes de usarlo para mezclar bien la capa de aceite y la de s\u00e9rum.<br \/>\n2. Aplica una cantidad adecuada sobre la piel.<br \/>\n3. Da palmaditas suaves para su absorci\u00f3n.<\/p>\n<p>Ideal en:<br \/>\nRutina de d\u00eda \u2600\ufe0f \/ Rutina de noche \ud83c\udf19<\/span><\/p>\n<\/div>\n<\/div>\n","protected":false},"excerpt":{"rendered":"<p>HYALURONIC MULTI PEPTIDE \u00a1Para una piel\u00a0tersa\u00a0y\u00a0luminosa\u00a0con efecto\u00a0hidratante! Este s\u00e9rum retiene la hidrataci\u00f3n de tu piel con una innovadora textura de<\/p>\n","protected":false},"featured_media":100261,"comment_status":"open","ping_status":"closed","template":"","meta":{"nf_dc_page":""},"product_brand":[2664],"product_cat":[104],"product_tag":[3156],"class_list":{"0":"post-100260","1":"product","2":"type-product","3":"status-publish","4":"has-post-thumbnail","6":"product_brand-medicube","7":"product_cat-skin-care","8":"product_tag-3156","10":"first","11":"outofstock","12":"shipping-taxable","13":"purchasable","14":"product-type-simple"},"_links":{"self":[{"href":"https:\/\/brandss.com.py\/index\/wp-json\/wp\/v2\/product\/100260","targetHints":{"allow":["GET"]}}],"collection":[{"href":"https:\/\/brandss.com.py\/index\/wp-json\/wp\/v2\/product"}],"about":[{"href":"https:\/\/brandss.com.py\/index\/wp-json\/wp\/v2\/types\/product"}],"replies":[{"embeddable":true,"href":"https:\/\/brandss.com.py\/index\/wp-json\/wp\/v2\/comments?post=100260"}],"version-history":[{"count":1,"href":"https:\/\/brandss.com.py\/index\/wp-json\/wp\/v2\/product\/100260\/revisions"}],"predecessor-version":[{"id":100268,"href":"https:\/\/brandss.com.py\/index\/wp-json\/wp\/v2\/product\/100260\/revisions\/100268"}],"wp:featuredmedia":[{"embeddable":true,"href":"https:\/\/brandss.com.py\/index\/wp-json\/wp\/v2\/media\/100261"}],"wp:attachment":[{"href":"https:\/\/brandss.com.py\/index\/wp-json\/wp\/v2\/media?parent=100260"}],"wp:term":[{"taxonomy":"product_brand","embeddable":true,"href":"https:\/\/brandss.com.py\/index\/wp-json\/wp\/v2\/product_brand?post=100260"},{"taxonomy":"product_cat","embeddable":true,"href":"https:\/\/brandss.com.py\/index\/wp-json\/wp\/v2\/product_cat?post=100260"},{"taxonomy":"product_tag","embeddable":true,"href":"https:\/\/brandss.com.py\/index\/wp-json\/wp\/v2\/product_tag?post=100260"}],"curies":[{"name":"wp","href":"https:\/\/api.w.org\/{rel}","templated":true}]}}