{"id":100269,"date":"2026-03-14T17:48:31","date_gmt":"2026-03-14T17:48:31","guid":{"rendered":"https:\/\/brandss.com.py\/index\/?post_type=product&#038;p=100269"},"modified":"2026-04-23T17:12:50","modified_gmt":"2026-04-23T17:12:50","slug":"limpiador-facial-skin1004-madagascar-centella-tea-trica-bha-foam-125ml","status":"publish","type":"product","link":"https:\/\/brandss.com.py\/index\/producto\/limpiador-facial-skin1004-madagascar-centella-tea-trica-bha-foam-125ml\/","title":{"rendered":"LIMPIADOR FACIAL SKIN1004 MADAGASCAR CENTELLA TEA-TRICA BHA FOAM 125ML"},"content":{"rendered":"<p><img loading=\"lazy\" decoding=\"async\" class=\"\" src=\"https:\/\/heyskinday.com\/cdn\/shop\/collections\/skin1004_logo.png?v=1714498278\" alt=\"Skin1004 | Korean Beauty | HeySkinday\" width=\"122\" height=\"122\" \/><\/p>\n<h1>TEA-TRICA BHA<\/h1>\n<p><span dir=\"auto\">Espuma limpiadora con 0,45 % de \u00e1cido salic\u00edlico y 0,2 % de aceite de \u00e1rbol de t\u00e9. Limpia profundamente los poros, tiene efectos antibacterianos y antiinflamatorios, y regula la actividad de las gl\u00e1ndulas seb\u00e1ceas. Previene la aparici\u00f3n de acn\u00e9 y puntos negros, y acelera la cicatrizaci\u00f3n de los granos existentes. El producto crea una espuma delicada y cremosa. No testado en animales. Apto para pieles grasas, mixtas y con problemas.<img loading=\"lazy\" decoding=\"async\" class=\"alignright\" src=\"https:\/\/moonglow.md\/wp-content\/uploads\/2025\/10\/skin1004-madagascar-centella-tea-trica-bha-foam-125ml-2.jpg\" width=\"568\" height=\"568\" \/><\/span><\/p>\n<p>Madagascar Tea-Trica BHA Foam es una espuma limpiadora, con BHA, que ejerce una suave acci\u00f3n exfoliante para mantiener la piel grasa, acneica, problem\u00e1tica, mixta y\/o sensible libre de imperfecciones.\u00a0Gracias a su f\u00f3rmula\u00a0a base de \u00c1cido Salic\u00edlico\u00a0y\u00a0a su textura el\u00e1stica, consigue\u00a0eliminar, eficazmente\u00a0los rastros\u00a0de maquillaje que hayan\u00a0quedado en la piel\u00a0tras la primera limpieza facial, as\u00ed como cualquier\u00a0exceso de sebo y otras impureza que pudieran existir.\u00a0Simult\u00e1neamente, proporciona una placentera sensaci\u00f3n de serenidad y frescura.<\/p>\n<p>&nbsp;<\/p>\n<h3>Ingredientes clave<\/h3>\n<p>&nbsp;<\/p>\n<ul>\n<li><strong>\u00a0Tea-Trica<\/strong>: complejo bot\u00e1nico que combina extracto de\u00a0\u00e1rbol de t\u00e9, centella asi\u00e1tica, agua de cipr\u00e9s y extracto de pino con el fin de reducir la irritaci\u00f3n, la inflamaci\u00f3n, el enrojecimiento y\/o la\u00a0sensibilidad.<\/li>\n<li><strong>\u00c1cido Salic\u00edlico BHA (0.45%):<\/strong>\u00a0es conocido por sus propiedades exfoliantes que evitan la obstrucci\u00f3n de los poros. Vac\u00eda y derrite la suciedad de los poros y elimina el exceso de sebo -respetando la barrera cut\u00e1nea en todo momento. Adem\u00e1s, arrastra las c\u00e9lulas muertas de la superficie de la piel. Tambi\u00e9n disuelve comedones y puntos negros y evita su futura aparici\u00f3n.\u00a0Tiene propiedades antiinflamatorias y mejora el tono y la textura de la piel.\u00a0Es un ingrediente altamente beneficioso para el cuidado de la piel con acn\u00e9. No obstante, la baja concetraci\u00f3n de \u00c1cido Salic\u00edlico, presente\u00a0en la f\u00f3rmula de este limpiador, evita irritaciones, haciendo que su uso sea apto y seguro para el d\u00eda a d\u00eda.<\/li>\n<li><strong>Aceite de \u00c1rbol de T\u00e9 (0,2%):<\/strong>\u00a0ofrece beneficios antimicrobianos y antiinflamatorios. Act\u00faa como un seboregulador con propiedades exfoliantes que promueven la regeneraci\u00f3n celular. Tambi\u00e9n reconforma y calma la piel delicada\u00a0y posee cualidades\u00a0antioxidantes. El \u00e1rbol de t\u00e9 es un ingrediente clave para mantener una piel limpia y de aspecto saludable.<\/li>\n<li><strong>Semilla de cacao:<\/strong>\u00a0mejora la hidrataci\u00f3n de la piel y evita cualquier sensaci\u00f3n de sequedad o tirantez despu\u00e9s de la limpieza facial<\/li>\n<\/ul>\n<h3><strong><span dir=\"auto\">Beneficios<img loading=\"lazy\" decoding=\"async\" class=\"alignleft\" src=\"https:\/\/static.sweetcare.com\/img\/prd\/max\/v-638261452745471453\/skin1004-017986kn-3.jpg\" width=\"462\" height=\"462\" \/><\/span><\/strong><\/h3>\n<ul>\n<li><span dir=\"auto\">Espuma limpiadora con 0,45 % de \u00e1cido salic\u00edlico y 0,2 % de aceite de \u00e1rbol de t\u00e9.<\/span><\/li>\n<li>Limpia los poros en profundidad, tiene un efecto antibacteriano y antiinflamatorio.<\/li>\n<li>Regula la actividad de las gl\u00e1ndulas seb\u00e1ceas.<\/li>\n<li>Previene la aparici\u00f3n de acn\u00e9 y puntos negros.<\/li>\n<li>Acelera la curaci\u00f3n de los granos existentes.<\/li>\n<li>Crea una espuma delicada y cremosa.<\/li>\n<li>El producto no se prueba en animales.<\/li>\n<li>Ideal para pieles grasas, mixtas y con problemas.<\/li>\n<\/ul>\n<p>&nbsp;<\/p>\n<p><strong><span dir=\"auto\">Modo de uso:<\/span><\/strong><\/p>\n<ol>\n<li>Despu\u00e9s de la primera limpieza facial, toma\u00a0la cantidad deseada de<em>\u00a0Tea-Trica Foam\u00a0<\/em>y masaje\u00e1la,\u00a0con las manos humedas,\u00a0a trav\u00e9s de suaves movimientos circulares, hasta generar espuma.<\/li>\n<li>\u00a0Insiste especialmente en aquellas zonas que quieras depurar\/limpiar m\u00e1s a fondo.<\/li>\n<li>Al cabo de 2-3 minutos, lava tu rostro con abundante agua tibia y elimina los restos de jab\u00f3n.<\/li>\n<\/ol>\n","protected":false},"excerpt":{"rendered":"<p>TEA-TRICA BHA Espuma limpiadora con 0,45 % de \u00e1cido salic\u00edlico y 0,2 % de aceite de \u00e1rbol de t\u00e9. Limpia<\/p>\n","protected":false},"featured_media":100270,"comment_status":"open","ping_status":"closed","template":"","meta":{"nf_dc_page":""},"product_brand":[2689],"product_cat":[104],"product_tag":[3157],"class_list":{"0":"post-100269","1":"product","2":"type-product","3":"status-publish","4":"has-post-thumbnail","6":"product_brand-skin1004","7":"product_cat-skin-care","8":"product_tag-3157","10":"first","11":"instock","12":"shipping-taxable","13":"purchasable","14":"product-type-simple"},"_links":{"self":[{"href":"https:\/\/brandss.com.py\/index\/wp-json\/wp\/v2\/product\/100269","targetHints":{"allow":["GET"]}}],"collection":[{"href":"https:\/\/brandss.com.py\/index\/wp-json\/wp\/v2\/product"}],"about":[{"href":"https:\/\/brandss.com.py\/index\/wp-json\/wp\/v2\/types\/product"}],"replies":[{"embeddable":true,"href":"https:\/\/brandss.com.py\/index\/wp-json\/wp\/v2\/comments?post=100269"}],"version-history":[{"count":1,"href":"https:\/\/brandss.com.py\/index\/wp-json\/wp\/v2\/product\/100269\/revisions"}],"predecessor-version":[{"id":100277,"href":"https:\/\/brandss.com.py\/index\/wp-json\/wp\/v2\/product\/100269\/revisions\/100277"}],"wp:featuredmedia":[{"embeddable":true,"href":"https:\/\/brandss.com.py\/index\/wp-json\/wp\/v2\/media\/100270"}],"wp:attachment":[{"href":"https:\/\/brandss.com.py\/index\/wp-json\/wp\/v2\/media?parent=100269"}],"wp:term":[{"taxonomy":"product_brand","embeddable":true,"href":"https:\/\/brandss.com.py\/index\/wp-json\/wp\/v2\/product_brand?post=100269"},{"taxonomy":"product_cat","embeddable":true,"href":"https:\/\/brandss.com.py\/index\/wp-json\/wp\/v2\/product_cat?post=100269"},{"taxonomy":"product_tag","embeddable":true,"href":"https:\/\/brandss.com.py\/index\/wp-json\/wp\/v2\/product_tag?post=100269"}],"curies":[{"name":"wp","href":"https:\/\/api.w.org\/{rel}","templated":true}]}}