{"id":100301,"date":"2026-03-17T16:19:08","date_gmt":"2026-03-17T16:19:08","guid":{"rendered":"https:\/\/brandss.com.py\/index\/?post_type=product&#038;p=100301"},"modified":"2026-04-17T18:17:22","modified_gmt":"2026-04-17T18:17:22","slug":"perfume-unisex-zakat-world-cup-edp-80ml","status":"publish","type":"product","link":"https:\/\/brandss.com.py\/index\/producto\/perfume-unisex-zakat-world-cup-edp-80ml\/","title":{"rendered":"PERFUME UNISEX ZAKAT WORLD CUP EDP 80ML"},"content":{"rendered":"<p><img loading=\"lazy\" decoding=\"async\" class=\"\" src=\"https:\/\/cdn.valmara.co\/img\/m\/778.jpg\" alt=\"Z15 Zakat Parfum 100 Ml EDP Unisex - Valmara\" width=\"92\" height=\"63\" \/><\/p>\n<h1>WORLD CUP<\/h1>\n<p>Descubre la vibrante esencia del perfume World Cup, una fragancia que trasciende el g\u00e9nero y captura la energ\u00eda de la competici\u00f3n. World Cup es perfecto para quienes desean una fragancia que les acompa\u00f1e durante todo el d\u00eda. Presentado en un elegante estuche, es una excelente opci\u00f3n para regalar o a\u00f1adir a tu colecci\u00f3n personal.<\/p>\n<p data-path-to-node=\"4\"><span dir=\"auto\">Esta versi\u00f3n es la definici\u00f3n de\u00a0<\/span><span dir=\"auto\">lujo ex\u00f3tico<\/span><span dir=\"auto\">. Zakat World Cup captura la esencia del &#8220;Dios del Fuego&#8221;: una apertura de fruta tropical helada que evoluciona hacia una calidez especiada y finaliza en una base amaderada con una persistencia extraordinaria.<img decoding=\"async\" class=\"alignleft\" src=\"https:\/\/orientalaromaswholesale.com\/cdn\/shop\/files\/94B66463-311E-41AD-A5CD-3CBA09709F73.jpg?v=1772751875\" \/><\/span><\/p>\n<p data-path-to-node=\"5\"><span dir=\"auto\">Es el perfume ideal para quienes desean oler como si estuvieran de vacaciones en un resort de 5 estrellas en Dub\u00e1i. Es vibrante, magn\u00e9tico y totalmente unisex.<\/span><\/p>\n<p data-path-to-node=\"5\">\n<h3 data-path-to-node=\"5\">Notas Olfativas<\/h3>\n<p>&nbsp;<\/p>\n<p data-path-to-node=\"5\">Zakat World Cup es una fragancia floral para mujer y hombre. Con notas de jengibre y c\u00edtricos, este Eau de Parfum ofrece una experiencia olfativa refrescante y cautivadora, ideal para quienes buscan destacar en cualquier ocasi\u00f3n. Originario de los Emiratos \u00c1rabes Unidos, este perfume celebra la diversidad y la pasi\u00f3n por el f\u00fatbol. Sus notas de incienso le aportan profundidad, creando una combinaci\u00f3n \u00fanica que evoca la emoci\u00f3n de los grandes eventos deportivos.<\/p>\n<p data-path-to-node=\"5\"><strong>Notas de salida:<\/strong> mango, lim\u00f3n, jengibre, ruibarbo.<\/p>\n<p data-path-to-node=\"5\"><strong>Notas de coraz\u00f3n:<\/strong> jazm\u00edn, pimienta rosa, violeta, pralin\u00e9.<\/p>\n<p data-path-to-node=\"5\"><strong>Notas de fondo:<\/strong> haba tonka, cedro, \u00e1mbar gris, musgo.<\/p>\n","protected":false},"excerpt":{"rendered":"<p>WORLD CUP Descubre la vibrante esencia del perfume World Cup, una fragancia que trasciende el g\u00e9nero y captura la energ\u00eda<\/p>\n","protected":false},"featured_media":100302,"comment_status":"open","ping_status":"closed","template":"","meta":{"nf_dc_page":""},"product_brand":[3162],"product_cat":[84],"product_tag":[3163],"class_list":{"0":"post-100301","1":"product","2":"type-product","3":"status-publish","4":"has-post-thumbnail","6":"product_brand-zakat","7":"product_cat-perfumeria","8":"product_tag-3163","10":"first","11":"instock","12":"sale","13":"shipping-taxable","14":"purchasable","15":"product-type-simple"},"_links":{"self":[{"href":"https:\/\/brandss.com.py\/index\/wp-json\/wp\/v2\/product\/100301","targetHints":{"allow":["GET"]}}],"collection":[{"href":"https:\/\/brandss.com.py\/index\/wp-json\/wp\/v2\/product"}],"about":[{"href":"https:\/\/brandss.com.py\/index\/wp-json\/wp\/v2\/types\/product"}],"replies":[{"embeddable":true,"href":"https:\/\/brandss.com.py\/index\/wp-json\/wp\/v2\/comments?post=100301"}],"version-history":[{"count":1,"href":"https:\/\/brandss.com.py\/index\/wp-json\/wp\/v2\/product\/100301\/revisions"}],"predecessor-version":[{"id":100307,"href":"https:\/\/brandss.com.py\/index\/wp-json\/wp\/v2\/product\/100301\/revisions\/100307"}],"wp:featuredmedia":[{"embeddable":true,"href":"https:\/\/brandss.com.py\/index\/wp-json\/wp\/v2\/media\/100302"}],"wp:attachment":[{"href":"https:\/\/brandss.com.py\/index\/wp-json\/wp\/v2\/media?parent=100301"}],"wp:term":[{"taxonomy":"product_brand","embeddable":true,"href":"https:\/\/brandss.com.py\/index\/wp-json\/wp\/v2\/product_brand?post=100301"},{"taxonomy":"product_cat","embeddable":true,"href":"https:\/\/brandss.com.py\/index\/wp-json\/wp\/v2\/product_cat?post=100301"},{"taxonomy":"product_tag","embeddable":true,"href":"https:\/\/brandss.com.py\/index\/wp-json\/wp\/v2\/product_tag?post=100301"}],"curies":[{"name":"wp","href":"https:\/\/api.w.org\/{rel}","templated":true}]}}