{"id":100331,"date":"2026-03-18T13:19:05","date_gmt":"2026-03-18T13:19:05","guid":{"rendered":"https:\/\/brandss.com.py\/index\/?post_type=product&#038;p=100331"},"modified":"2026-03-18T13:19:26","modified_gmt":"2026-03-18T13:19:26","slug":"perfume-unisex-lattafa-jasoor-edp-100ml","status":"publish","type":"product","link":"https:\/\/brandss.com.py\/index\/producto\/perfume-unisex-lattafa-jasoor-edp-100ml\/","title":{"rendered":"PERFUME UNISEX LATTAFA JASOOR EDP 100ML"},"content":{"rendered":"<p><img loading=\"lazy\" decoding=\"async\" class=\"\" src=\"https:\/\/myscentjourney.s3.us-east-2.amazonaws.com\/2022\/02\/14\/29KIascent_j_marca_1644871114_202.png\" alt=\"MSJ::LATTAFA\" width=\"77\" height=\"92\" \/><\/p>\n<h1>JASOOR<\/h1>\n<p>Es una fragancia unisex que irradia audacia, confianza y sofisticaci\u00f3n. Jasoor es la elecci\u00f3n perfecta para quienes valoran estilo, poder y personalidad en su aroma. Disfruta de una fragancia intensa y cautivadora que perdura durante todo el d\u00eda, perfecta para quienes desean un aroma que se mantenga presente a lo largo de su ajetreada jornada.<img loading=\"lazy\" decoding=\"async\" class=\"alignleft\" src=\"https:\/\/zaoud.it\/cdn\/shop\/files\/jasoor-eau-de-parfum-bottle-surrounded-with-lavender-and-citrus-against-white-background_6ab26232-4410-4cd3-8b4b-2c90f7e1fed7.jpg?v=1756462419&amp;width=990\" width=\"539\" height=\"675\" \/><\/p>\n<p>Jasoor de Lattafa es un perfume que representa la elegancia moderna con un atractivo innegable. Su compleja composici\u00f3n, su versatilidad unisex y su lujosa presentaci\u00f3n lo convierten en una opci\u00f3n imprescindible para cualquier amante de los perfumes europeos que busque una fragancia distintiva e inolvidable.<\/p>\n<p>&nbsp;<\/p>\n<h3>Notas Olfativas<\/h3>\n<p>&nbsp;<\/p>\n<p>Jasoor es una fragancia de la familia olfativa para Hombres y Mujeres. Esta fragrancia es nueva. Jasoor se lanz\u00f3 en 2023.<\/p>\n<p>Desde la primera pulverizaci\u00f3n, su combinaci\u00f3n de bergamota, cardamomo, pimienta y canela despierta los sentidos con un estallido fresco y especiado, preparando el terreno para un viaje arom\u00e1tico \u00fanico. Su coraz\u00f3n mezcla lavanda, geranio y tabaco, ofreciendo un equilibrio perfecto entre notas herbales, florales y c\u00e1lidas, que refleja car\u00e1cter y elegancia masculina.<\/p>\n<p data-start=\"675\" data-end=\"1018\">El fondo de Jasoor combina tonka, vetiver, cuero y pachul\u00ed, creando una estela rica, sensual y duradera. Esta fragancia es ideal para hombres modernos que buscan dejar una impresi\u00f3n memorable en cualquier ocasi\u00f3n.<\/p>\n<p data-start=\"675\" data-end=\"1018\"><strong>Notas de salida:<\/strong> bergamota, cardamomo, pimienta, canela.<\/p>\n<p><strong>Notas de coraz\u00f3n:<\/strong> lavanda, geranio, tabaco.<\/p>\n<p><strong>Notas de fondo:<\/strong> tonka, vetiver, cuero, pachul\u00ed.<\/p>\n","protected":false},"excerpt":{"rendered":"<p>JASOOR Es una fragancia unisex que irradia audacia, confianza y sofisticaci\u00f3n. Jasoor es la elecci\u00f3n perfecta para quienes valoran estilo,<\/p>\n","protected":false},"featured_media":100332,"comment_status":"open","ping_status":"closed","template":"","meta":{"nf_dc_page":""},"product_brand":[109],"product_cat":[84],"product_tag":[3168],"class_list":{"0":"post-100331","1":"product","2":"type-product","3":"status-publish","4":"has-post-thumbnail","6":"product_brand-lattafa","7":"product_cat-perfumeria","8":"product_tag-3168","10":"first","11":"instock","12":"shipping-taxable","13":"purchasable","14":"product-type-simple"},"_links":{"self":[{"href":"https:\/\/brandss.com.py\/index\/wp-json\/wp\/v2\/product\/100331","targetHints":{"allow":["GET"]}}],"collection":[{"href":"https:\/\/brandss.com.py\/index\/wp-json\/wp\/v2\/product"}],"about":[{"href":"https:\/\/brandss.com.py\/index\/wp-json\/wp\/v2\/types\/product"}],"replies":[{"embeddable":true,"href":"https:\/\/brandss.com.py\/index\/wp-json\/wp\/v2\/comments?post=100331"}],"version-history":[{"count":1,"href":"https:\/\/brandss.com.py\/index\/wp-json\/wp\/v2\/product\/100331\/revisions"}],"predecessor-version":[{"id":100338,"href":"https:\/\/brandss.com.py\/index\/wp-json\/wp\/v2\/product\/100331\/revisions\/100338"}],"wp:featuredmedia":[{"embeddable":true,"href":"https:\/\/brandss.com.py\/index\/wp-json\/wp\/v2\/media\/100332"}],"wp:attachment":[{"href":"https:\/\/brandss.com.py\/index\/wp-json\/wp\/v2\/media?parent=100331"}],"wp:term":[{"taxonomy":"product_brand","embeddable":true,"href":"https:\/\/brandss.com.py\/index\/wp-json\/wp\/v2\/product_brand?post=100331"},{"taxonomy":"product_cat","embeddable":true,"href":"https:\/\/brandss.com.py\/index\/wp-json\/wp\/v2\/product_cat?post=100331"},{"taxonomy":"product_tag","embeddable":true,"href":"https:\/\/brandss.com.py\/index\/wp-json\/wp\/v2\/product_tag?post=100331"}],"curies":[{"name":"wp","href":"https:\/\/api.w.org\/{rel}","templated":true}]}}