{"id":100346,"date":"2026-03-18T14:16:36","date_gmt":"2026-03-18T14:16:36","guid":{"rendered":"https:\/\/brandss.com.py\/index\/?post_type=product&#038;p=100346"},"modified":"2026-03-18T14:41:17","modified_gmt":"2026-03-18T14:41:17","slug":"spray-corporal-unisex-lattafa-yara-moi-200ml","status":"publish","type":"product","link":"https:\/\/brandss.com.py\/index\/producto\/spray-corporal-unisex-lattafa-yara-moi-200ml\/","title":{"rendered":"SPRAY CORPORAL UNISEX LATTAFA YARA MOI 200ML"},"content":{"rendered":"<p><img loading=\"lazy\" decoding=\"async\" class=\"\" src=\"https:\/\/myscentjourney.s3.us-east-2.amazonaws.com\/2022\/02\/14\/29KIascent_j_marca_1644871114_202.png\" alt=\"MSJ::LATTAFA\" width=\"77\" height=\"91\" \/><\/p>\n<h1>YARA MOI<\/h1>\n<p dir=\"ltr\"><span dir=\"auto\">es una fragancia floral amaderada unisex. Es ideal para llevar contigo, regalar o usar como tu perfume personal, ya que tiene un aroma \u00fanico y elegante. Est\u00e1 pensado para quienes disfrutan de fragancias intensas pero que tambi\u00e9n buscan algo m\u00e1s profundo. Cada aplicaci\u00f3n es la combinaci\u00f3n perfecta de elegancia delicada y un significado especial.<\/span><\/p>\n<p>&nbsp;<\/p>\n<h3 dir=\"ltr\"><strong><span dir=\"auto\">Notas Olfativas<\/span><\/strong><\/h3>\n<p dir=\"ltr\"><span dir=\"auto\">Con delicadas notas de jazm\u00edn y melocot\u00f3n, Yara Moi comienza de forma muy agradable. Te sentir\u00e1s como en un suave para\u00edso floral con una belleza radiante gracias a estas notas de salida.\u00a0<\/span><span dir=\"auto\">El coraz\u00f3n de \u00e1mbar y el rico caramelo crean un c\u00e1lido y dulce abrazo que se adhiere a tu piel y te envuelve. Los aromas de \u00e1mbar y caramelo se fusionan para formar este abrazo a medida que el perfume se intensifica. <\/span><span dir=\"auto\">Finalmente, su aroma posee una calidez oriental cl\u00e1sica que proviene de las notas de fondo de pachul\u00ed terroso y s\u00e1ndalo cremoso. El aroma resulta ligero y suave debido a su calidez.<\/span><\/p>\n<ul>\n<li dir=\"ltr\"><strong><span dir=\"auto\">Notas de salida:<\/span><\/strong> p<span dir=\"auto\">era, pimienta rosa, grosella negra.<\/span><\/li>\n<li dir=\"ltr\"><strong><span dir=\"auto\">Notas de coraz\u00f3n:<\/span><\/strong> n<span dir=\"auto\">ardos, jazm\u00edn, almendra.<\/span><\/li>\n<li dir=\"ltr\"><strong><span dir=\"auto\">Notas de fondo:<\/span><\/strong> v<span dir=\"auto\">ainilla, cachemir, pachul\u00ed.<\/span><\/li>\n<\/ul>\n<p dir=\"ltr\">\n","protected":false},"excerpt":{"rendered":"<p>YARA MOI es una fragancia floral amaderada unisex. Es ideal para llevar contigo, regalar o usar como tu perfume personal,<\/p>\n","protected":false},"featured_media":100347,"comment_status":"open","ping_status":"closed","template":"","meta":{"nf_dc_page":""},"product_brand":[109],"product_cat":[94],"product_tag":[3170],"class_list":{"0":"post-100346","1":"product","2":"type-product","3":"status-publish","4":"has-post-thumbnail","6":"product_brand-lattafa","7":"product_cat-higiene-personal","8":"product_tag-3170","10":"first","11":"instock","12":"shipping-taxable","13":"purchasable","14":"product-type-simple"},"_links":{"self":[{"href":"https:\/\/brandss.com.py\/index\/wp-json\/wp\/v2\/product\/100346","targetHints":{"allow":["GET"]}}],"collection":[{"href":"https:\/\/brandss.com.py\/index\/wp-json\/wp\/v2\/product"}],"about":[{"href":"https:\/\/brandss.com.py\/index\/wp-json\/wp\/v2\/types\/product"}],"replies":[{"embeddable":true,"href":"https:\/\/brandss.com.py\/index\/wp-json\/wp\/v2\/comments?post=100346"}],"version-history":[{"count":1,"href":"https:\/\/brandss.com.py\/index\/wp-json\/wp\/v2\/product\/100346\/revisions"}],"predecessor-version":[{"id":100349,"href":"https:\/\/brandss.com.py\/index\/wp-json\/wp\/v2\/product\/100346\/revisions\/100349"}],"wp:featuredmedia":[{"embeddable":true,"href":"https:\/\/brandss.com.py\/index\/wp-json\/wp\/v2\/media\/100347"}],"wp:attachment":[{"href":"https:\/\/brandss.com.py\/index\/wp-json\/wp\/v2\/media?parent=100346"}],"wp:term":[{"taxonomy":"product_brand","embeddable":true,"href":"https:\/\/brandss.com.py\/index\/wp-json\/wp\/v2\/product_brand?post=100346"},{"taxonomy":"product_cat","embeddable":true,"href":"https:\/\/brandss.com.py\/index\/wp-json\/wp\/v2\/product_cat?post=100346"},{"taxonomy":"product_tag","embeddable":true,"href":"https:\/\/brandss.com.py\/index\/wp-json\/wp\/v2\/product_tag?post=100346"}],"curies":[{"name":"wp","href":"https:\/\/api.w.org\/{rel}","templated":true}]}}