{"id":100350,"date":"2026-03-18T14:33:39","date_gmt":"2026-03-18T14:33:39","guid":{"rendered":"https:\/\/brandss.com.py\/index\/?post_type=product&#038;p=100350"},"modified":"2026-03-18T14:41:30","modified_gmt":"2026-03-18T14:41:30","slug":"spray-corporal-femenino-asdaaf-ameerat-al-arab-200ml","status":"publish","type":"product","link":"https:\/\/brandss.com.py\/index\/producto\/spray-corporal-femenino-asdaaf-ameerat-al-arab-200ml\/","title":{"rendered":"SPRAY CORPORAL FEMENINO ASDAAF AMEERAT AL ARAB 200ML"},"content":{"rendered":"<p><img loading=\"lazy\" decoding=\"async\" class=\"\" src=\"https:\/\/karismaperfumes.com\/cdn\/shop\/collections\/asdaaf-logo.webp?v=1743864908\" alt=\"ASDAAF \u2013 Karisma Perfumes\" width=\"83\" height=\"83\" \/><\/p>\n<h1>AMEERAT AL ARAB<\/h1>\n<p><span dir=\"auto\"><b>E<\/b>s una lujosa\u00a0<\/span><b><span dir=\"auto\">fragancia femenina<\/span><\/b><span dir=\"auto\">\u00a0que captura la elegancia de la perfumer\u00eda de Oriente Medio. Perteneciente a la\u00a0<\/span><b><span dir=\"auto\">familia olfativa Floral Oriental<\/span><\/b><span dir=\"auto\">, combina frescura, sofisticaci\u00f3n y una sensualidad profunda en un vers\u00e1til spray de uso diario.<img decoding=\"async\" class=\"alignleft\" src=\"https:\/\/tioammi.com\/storage\/product\/2025-10-09-68e7c1f9530ff.webp\" \/><\/span><\/p>\n<p><span dir=\"auto\">Elaborado en los Emiratos \u00c1rabes Unidos por Asdaaf, este spray corporal irradia sofisticaci\u00f3n y ofrece una frescura duradera. Su tama\u00f1o de 200 ml lo hace ideal para el uso diario, ya sea para el trabajo, ocasiones especiales o simplemente para realzar tu rutina. Con su atractivo femenino, Ameerat Al Arab es una fragancia que potencia la confianza y deja una impresi\u00f3n imborrable.<\/span><\/p>\n<p>&nbsp;<\/p>\n<h3>Notas Olfativas<\/h3>\n<p>&nbsp;<\/p>\n<p><span dir=\"auto\">La composici\u00f3n\u00a0<\/span><span dir=\"auto\">comienza<\/span><span dir=\"auto\">\u00a0con un chispeante toque de\u00a0\u00a0<\/span><span dir=\"auto\">c\u00edtricos<\/span><span dir=\"auto\">\u00a0y\u00a0<\/span><span dir=\"auto\">bergamota<\/span><span dir=\"auto\">, que aporta una explosi\u00f3n instant\u00e1nea de energ\u00eda. Al asentarse, delicadas capas de\u00a0\u00a0<\/span><span dir=\"auto\">aloe vera<\/span><span dir=\"auto\">\u00a0y\u00a0<\/span><span dir=\"auto\">almizcle blanco<\/span><span dir=\"auto\">\u00a0crean un\u00a0<\/span><span dir=\"auto\">coraz\u00f3n<\/span><span dir=\"auto\">\u00a0suave y reconfortante , que equilibra la luminosidad con una elegante serenidad. El secado despliega una rica\u00a0<\/span><span dir=\"auto\">base<\/span><span dir=\"auto\">\u00a0de\u00a0\u00a0<\/span><span dir=\"auto\">jazm\u00edn<\/span><span dir=\"auto\">, suaves\u00a0<\/span><span dir=\"auto\">notas amaderadas<\/span><span dir=\"auto\">,\u00a0<\/span><span dir=\"auto\">almizcle<\/span><span dir=\"auto\">\u00a0aterciopelado y profundo\u00a0<\/span><span dir=\"auto\">oud<\/span><span dir=\"auto\">, dejando una estela c\u00e1lida e inolvidable.<\/span><\/p>\n<ul>\n<li><b><span dir=\"auto\">Notas de salida:<\/span><\/b><span dir=\"auto\"> frutas c\u00edtricas, bergamota.<\/span><\/li>\n<li><b><span dir=\"auto\">Notas de coraz\u00f3n:<\/span><\/b><span dir=\"auto\"> aloe vera, almizcle blanco.<\/span><\/li>\n<li><b><span dir=\"auto\">Notas de fondo:<\/span><\/b><span dir=\"auto\"> jazm\u00edn, notas amaderadas, almizcle, oud.<\/span><\/li>\n<\/ul>\n","protected":false},"excerpt":{"rendered":"<p>AMEERAT AL ARAB Es una lujosa\u00a0fragancia femenina\u00a0que captura la elegancia de la perfumer\u00eda de Oriente Medio. Perteneciente a la\u00a0familia olfativa<\/p>\n","protected":false},"featured_media":100351,"comment_status":"open","ping_status":"closed","template":"","meta":{"nf_dc_page":""},"product_brand":[108],"product_cat":[94],"product_tag":[3171],"class_list":{"0":"post-100350","1":"product","2":"type-product","3":"status-publish","4":"has-post-thumbnail","6":"product_brand-asdaaf","7":"product_cat-higiene-personal","8":"product_tag-3171","10":"first","11":"instock","12":"shipping-taxable","13":"purchasable","14":"product-type-simple"},"_links":{"self":[{"href":"https:\/\/brandss.com.py\/index\/wp-json\/wp\/v2\/product\/100350","targetHints":{"allow":["GET"]}}],"collection":[{"href":"https:\/\/brandss.com.py\/index\/wp-json\/wp\/v2\/product"}],"about":[{"href":"https:\/\/brandss.com.py\/index\/wp-json\/wp\/v2\/types\/product"}],"replies":[{"embeddable":true,"href":"https:\/\/brandss.com.py\/index\/wp-json\/wp\/v2\/comments?post=100350"}],"version-history":[{"count":1,"href":"https:\/\/brandss.com.py\/index\/wp-json\/wp\/v2\/product\/100350\/revisions"}],"predecessor-version":[{"id":100355,"href":"https:\/\/brandss.com.py\/index\/wp-json\/wp\/v2\/product\/100350\/revisions\/100355"}],"wp:featuredmedia":[{"embeddable":true,"href":"https:\/\/brandss.com.py\/index\/wp-json\/wp\/v2\/media\/100351"}],"wp:attachment":[{"href":"https:\/\/brandss.com.py\/index\/wp-json\/wp\/v2\/media?parent=100350"}],"wp:term":[{"taxonomy":"product_brand","embeddable":true,"href":"https:\/\/brandss.com.py\/index\/wp-json\/wp\/v2\/product_brand?post=100350"},{"taxonomy":"product_cat","embeddable":true,"href":"https:\/\/brandss.com.py\/index\/wp-json\/wp\/v2\/product_cat?post=100350"},{"taxonomy":"product_tag","embeddable":true,"href":"https:\/\/brandss.com.py\/index\/wp-json\/wp\/v2\/product_tag?post=100350"}],"curies":[{"name":"wp","href":"https:\/\/api.w.org\/{rel}","templated":true}]}}