{"id":100362,"date":"2026-03-18T16:32:03","date_gmt":"2026-03-18T16:32:03","guid":{"rendered":"https:\/\/brandss.com.py\/index\/?post_type=product&#038;p=100362"},"modified":"2026-03-18T16:32:57","modified_gmt":"2026-03-18T16:32:57","slug":"spray-corporal-unisex-lattafa-badee-al-oud-honor-glory-200ml","status":"publish","type":"product","link":"https:\/\/brandss.com.py\/index\/producto\/spray-corporal-unisex-lattafa-badee-al-oud-honor-glory-200ml\/","title":{"rendered":"SPRAY CORPORAL UNISEX LATTAFA BADE&#8217;E AL OUD HONOR &amp; GLORY 200ML"},"content":{"rendered":"<p><img loading=\"lazy\" decoding=\"async\" class=\"\" src=\"https:\/\/myscentjourney.s3.us-east-2.amazonaws.com\/2022\/02\/14\/29KIascent_j_marca_1644871114_202.png\" alt=\"MSJ::LATTAFA\" width=\"67\" height=\"79\" \/><\/p>\n<h1>BADE&#8217;E AL OUD HONOR &amp; GLORY<\/h1>\n<p>Este lujoso desodorante complementa la prestigiosa fragancia Badee Al Oud Honor and Glory, ofreciendo una frescura sofisticada y duradera que eleva tu rutina diaria. Badee Al Oud Honor &amp; Glory es una fragancia unisex que combina frescura, especias y amaderado con una duraci\u00f3n excepcional. Perfecta para quienes buscan una fragancia c\u00e1lida, especiada y amaderada, ideal para cualquier ocasi\u00f3n.<\/p>\n<h3>Notas Olfativas<\/h3>\n<p><span dir=\"auto\">Bade&#8217;e Al Oud Honor &amp; Glory es una fragancia gourmand unisex. El perfume se abre con una frescura tropical gracias a las notas afrutadas y dulces de la pi\u00f1a, acariciadas por la cremosidad de la cr\u00e8me br\u00fbl\u00e9e. Esta combinaci\u00f3n encanta los sentidos, brindando una sensaci\u00f3n de dulzura y frescura.<\/span><\/p>\n<p><span dir=\"auto\">En el coraz\u00f3n de este perfume, las especias envuelven los sentidos. Canela, benju\u00ed, c\u00farcuma y pimienta negra se unen en una sinfon\u00eda especiada que aporta profundidad y calidez a la fragancia. Esta armoniosa combinaci\u00f3n de especias captura la esencia de la aventura y la emoci\u00f3n. <\/span><span dir=\"auto\">Las notas de fondo envuelven el perfume en un abrazo de sensualidad. <\/span><span dir=\"auto\">La dulzura envolvente de la vainilla se mezcla con la opulencia del cachemir, mientras que el s\u00e1ndalo y el almizcle aportan profundidad y persistencia a la fragancia.<\/span><\/p>\n<p>&nbsp;<\/p>\n<p><span dir=\"auto\"><strong>Notas de salida:<\/strong> pi\u00f1a, cr\u00e8me br\u00fbl\u00e9e.<\/span><\/p>\n<p><span dir=\"auto\"><strong>Notas de coraz\u00f3n:<\/strong> canela, benju\u00ed, c\u00farcuma, pimienta negra.<\/span><\/p>\n<p><span dir=\"auto\"><strong>Notas de fondo:<\/strong> vainilla, cashmeran, s\u00e1ndalo, almizcle.<\/span><\/p>\n","protected":false},"excerpt":{"rendered":"<p>BADE&#8217;E AL OUD HONOR &amp; GLORY Este lujoso desodorante complementa la prestigiosa fragancia Badee Al Oud Honor and Glory, ofreciendo<\/p>\n","protected":false},"featured_media":100363,"comment_status":"open","ping_status":"closed","template":"","meta":{"nf_dc_page":""},"product_brand":[109],"product_cat":[94],"product_tag":[3173],"class_list":{"0":"post-100362","1":"product","2":"type-product","3":"status-publish","4":"has-post-thumbnail","6":"product_brand-lattafa","7":"product_cat-higiene-personal","8":"product_tag-3173","10":"first","11":"instock","12":"shipping-taxable","13":"purchasable","14":"product-type-simple"},"_links":{"self":[{"href":"https:\/\/brandss.com.py\/index\/wp-json\/wp\/v2\/product\/100362","targetHints":{"allow":["GET"]}}],"collection":[{"href":"https:\/\/brandss.com.py\/index\/wp-json\/wp\/v2\/product"}],"about":[{"href":"https:\/\/brandss.com.py\/index\/wp-json\/wp\/v2\/types\/product"}],"replies":[{"embeddable":true,"href":"https:\/\/brandss.com.py\/index\/wp-json\/wp\/v2\/comments?post=100362"}],"version-history":[{"count":1,"href":"https:\/\/brandss.com.py\/index\/wp-json\/wp\/v2\/product\/100362\/revisions"}],"predecessor-version":[{"id":100367,"href":"https:\/\/brandss.com.py\/index\/wp-json\/wp\/v2\/product\/100362\/revisions\/100367"}],"wp:featuredmedia":[{"embeddable":true,"href":"https:\/\/brandss.com.py\/index\/wp-json\/wp\/v2\/media\/100363"}],"wp:attachment":[{"href":"https:\/\/brandss.com.py\/index\/wp-json\/wp\/v2\/media?parent=100362"}],"wp:term":[{"taxonomy":"product_brand","embeddable":true,"href":"https:\/\/brandss.com.py\/index\/wp-json\/wp\/v2\/product_brand?post=100362"},{"taxonomy":"product_cat","embeddable":true,"href":"https:\/\/brandss.com.py\/index\/wp-json\/wp\/v2\/product_cat?post=100362"},{"taxonomy":"product_tag","embeddable":true,"href":"https:\/\/brandss.com.py\/index\/wp-json\/wp\/v2\/product_tag?post=100362"}],"curies":[{"name":"wp","href":"https:\/\/api.w.org\/{rel}","templated":true}]}}