{"id":100368,"date":"2026-03-18T16:53:29","date_gmt":"2026-03-18T16:53:29","guid":{"rendered":"https:\/\/brandss.com.py\/index\/?post_type=product&#038;p=100368"},"modified":"2026-03-18T16:53:56","modified_gmt":"2026-03-18T16:53:56","slug":"spray-corporal-femenino-lattafa-yara-candy-200ml","status":"publish","type":"product","link":"https:\/\/brandss.com.py\/index\/producto\/spray-corporal-femenino-lattafa-yara-candy-200ml\/","title":{"rendered":"SPRAY CORPORAL FEMENINO LATTAFA YARA CANDY 200ML"},"content":{"rendered":"<p><img loading=\"lazy\" decoding=\"async\" class=\"\" src=\"https:\/\/myscentjourney.s3.us-east-2.amazonaws.com\/2022\/02\/14\/29KIascent_j_marca_1644871114_202.png\" alt=\"MSJ::LATTAFA\" width=\"76\" height=\"90\" \/><\/p>\n<h1>YARA CANDY<\/h1>\n<p><span dir=\"auto\">Sum\u00e9rgete en un mundo de dulce encanto y alegre elegancia con el espray corporal para mujer Yara Candy. <\/span><span dir=\"auto\">Lanzado en 2024, este espray corporal captura la deliciosa esencia de una fragancia floral afrutada y golosa, dise\u00f1ada para que cada momento sea m\u00e1gico. <\/span><span dir=\"auto\">Inspirada en el esp\u00edritu vibrante de la mujer moderna, Yara Candy combina notas cautivadoras, frescas y placenteras, convirti\u00e9ndola en la fragancia perfecta para cualquier ocasi\u00f3n. <\/span><\/p>\n<p><span dir=\"auto\">Descubre el encanto del perfume en spray Yara Candy, una aut\u00e9ntica joya de la perfumer\u00eda \u00e1rabe. Con 200 ml de esencia pura, este desodorante es ideal para quienes buscan una fragancia que combine notas dulces y afrutadas, con toques de fresa, vainilla y caramelo. Su composici\u00f3n olfativa frutal ofrece una experiencia sensorial \u00fanica, perfecta para cualquier ocasi\u00f3n. Yara Candy garantiza frescura y elegancia durante todo el d\u00eda, convirti\u00e9ndose en un aliado indispensable en tu rutina de cuidado personal. <\/span><\/p>\n<p><span dir=\"auto\">Prueba Yara Candy y d\u00e9jate envolver por su irresistible fragancia, que sin duda te har\u00e1 recibir sonrisas y halagos all\u00e1 donde vayas.<\/span><\/p>\n<h3>Notas Olfativas<\/h3>\n<div class=\"product-tabs-wrapper\">\n<div class=\"container product-tabs-inner\">\n<div class=\"woocommerce-tabs wc-tabs-wrapper tabs-layout-tabs wd-opener-pos-right wd-opener-style-arrow\" data-state=\"first\" data-layout=\"tabs\">\n<div class=\"wd-accordion-item\">\n<div id=\"tab-description\" class=\"entry-content woocommerce-Tabs-panel woocommerce-Tabs-panel--description wd-active panel wc-tab\" role=\"tabpanel\" aria-labelledby=\"tab-title-description\" data-accordion-index=\"description\">\n<div class=\"wc-tab-inner wd-entry-content\">\n<p><span dir=\"auto\">Con la primera rociada, te recibir\u00e1n notas de salida de jugosa grosella negra y mandarina verde c\u00edtrica, creando una salida refrescante y en\u00e9rgica. <\/span><span dir=\"auto\">A medida que el aroma se asienta, el coraz\u00f3n revela una divertida mezcla de caramelo efervescente de fresa y gardenia floreciente, aportando un toque dulce y floral irresistible. <\/span><span dir=\"auto\">Finalmente, las notas de fondo de cremosa vainilla, c\u00e1lido \u00e1mbar, suave s\u00e1ndalo y reconfortante almizcle te envuelven en un final irresistible que perdura maravillosamente durante todo el d\u00eda.<\/span><\/p>\n<p><strong><span dir=\"auto\">Notas de salida:<\/span><\/strong><span dir=\"auto\"> grosella negra, mandarina.<\/span><br \/>\n<strong><span dir=\"auto\">Notas de coraz\u00f3n:<\/span><\/strong><span dir=\"auto\"> gardenia, fresa.<\/span><br \/>\n<strong><span dir=\"auto\">Notas de fondo:<\/span><\/strong><span dir=\"auto\"> \u00e1mbar gris, almizcle, s\u00e1ndalo, vainilla.<\/span><\/p>\n<\/div>\n<\/div>\n<\/div>\n<\/div>\n<\/div>\n<\/div>\n","protected":false},"excerpt":{"rendered":"<p>YARA CANDY Sum\u00e9rgete en un mundo de dulce encanto y alegre elegancia con el espray corporal para mujer Yara Candy.<\/p>\n","protected":false},"featured_media":100369,"comment_status":"open","ping_status":"closed","template":"","meta":{"nf_dc_page":""},"product_brand":[109],"product_cat":[94],"product_tag":[3174],"class_list":{"0":"post-100368","1":"product","2":"type-product","3":"status-publish","4":"has-post-thumbnail","6":"product_brand-lattafa","7":"product_cat-higiene-personal","8":"product_tag-3174","10":"first","11":"instock","12":"shipping-taxable","13":"purchasable","14":"product-type-simple"},"_links":{"self":[{"href":"https:\/\/brandss.com.py\/index\/wp-json\/wp\/v2\/product\/100368","targetHints":{"allow":["GET"]}}],"collection":[{"href":"https:\/\/brandss.com.py\/index\/wp-json\/wp\/v2\/product"}],"about":[{"href":"https:\/\/brandss.com.py\/index\/wp-json\/wp\/v2\/types\/product"}],"replies":[{"embeddable":true,"href":"https:\/\/brandss.com.py\/index\/wp-json\/wp\/v2\/comments?post=100368"}],"version-history":[{"count":1,"href":"https:\/\/brandss.com.py\/index\/wp-json\/wp\/v2\/product\/100368\/revisions"}],"predecessor-version":[{"id":100372,"href":"https:\/\/brandss.com.py\/index\/wp-json\/wp\/v2\/product\/100368\/revisions\/100372"}],"wp:featuredmedia":[{"embeddable":true,"href":"https:\/\/brandss.com.py\/index\/wp-json\/wp\/v2\/media\/100369"}],"wp:attachment":[{"href":"https:\/\/brandss.com.py\/index\/wp-json\/wp\/v2\/media?parent=100368"}],"wp:term":[{"taxonomy":"product_brand","embeddable":true,"href":"https:\/\/brandss.com.py\/index\/wp-json\/wp\/v2\/product_brand?post=100368"},{"taxonomy":"product_cat","embeddable":true,"href":"https:\/\/brandss.com.py\/index\/wp-json\/wp\/v2\/product_cat?post=100368"},{"taxonomy":"product_tag","embeddable":true,"href":"https:\/\/brandss.com.py\/index\/wp-json\/wp\/v2\/product_tag?post=100368"}],"curies":[{"name":"wp","href":"https:\/\/api.w.org\/{rel}","templated":true}]}}