{"id":100373,"date":"2026-03-18T18:04:20","date_gmt":"2026-03-18T18:04:20","guid":{"rendered":"https:\/\/brandss.com.py\/index\/?post_type=product&#038;p=100373"},"modified":"2026-03-23T16:40:42","modified_gmt":"2026-03-23T16:40:42","slug":"spray-corporal-unisex-lattafa-fakhar-extrait-gold-200-ml","status":"publish","type":"product","link":"https:\/\/brandss.com.py\/index\/producto\/spray-corporal-unisex-lattafa-fakhar-extrait-gold-200-ml\/","title":{"rendered":"SPRAY CORPORAL UNISEX LATTAFA FAKHAR EXTRAIT GOLD 200 ML"},"content":{"rendered":"<p><img loading=\"lazy\" decoding=\"async\" class=\"\" src=\"https:\/\/myscentjourney.s3.us-east-2.amazonaws.com\/2022\/02\/14\/29KIascent_j_marca_1644871114_202.png\" alt=\"MSJ::LATTAFA\" width=\"97\" height=\"115\" \/><\/p>\n<h1>FAKHAR GOLD<\/h1>\n<p>Es una fragancia que evoca la elegancia y el estilo contempor\u00e1neo, ideal para quienes buscan un toque distintivo en su aroma diario. Este body spray, de la reconocida marca Lattafa, se sit\u00faa en la sofisticada familia olfativa amaderada oriental, una elecci\u00f3n perfecta tanto para hombres como para mujeres. Este body spray promete una experiencia sensorial \u00fanica que resalta la esencia de quienes lo usan, ideal para cualquier ocasi\u00f3n, desde el d\u00eda a d\u00eda hasta eventos especiales. No requiere recarga, lo que lo convierte en una opci\u00f3n pr\u00e1ctica para llevar contigo y refrescarte en cualquier momento. FAKHAR GOLD puede realzar tu presencia y dejar una impresi\u00f3n duradera. A\u00f1ade esta fragancia a tu colecci\u00f3n y experimenta la fusi\u00f3n de aromas seductores que definen tu estilo personal.<\/p>\n<p>&nbsp;<\/p>\n<h3>Notas Olfativas<\/h3>\n<p>&nbsp;<\/p>\n<p data-end=\"518\" data-start=\"0\"><span dir=\"auto\">Esta fragancia se despliega con la vibrante acidez del pomelo, realzada por la calidez especiada del cardamomo y un sutil toque de pimienta rosa, creando un inicio en\u00e9rgico y moderno. En el coraz\u00f3n, el nardo florece junto a luminosas notas solares y arom\u00e1tica artemisa, aportando a la fragancia un matiz radiante y herb\u00e1ceo.<\/span><\/p>\n<p data-end=\"518\" data-start=\"0\"><span dir=\"auto\">Al asentarse, una base profunda y texturizada de \u00e1mbar, cachemir, cuero y l\u00e1dano aporta una calidez y sensualidad intensas, dotando a la composici\u00f3n de riqueza y profundidad. Ideal para quienes buscan una fragancia radiante y audaz que equilibre la luminosidad floral con una calidez ahumada y resinosa.<\/span><\/p>\n<p data-end=\"518\" data-start=\"0\"><strong><span dir=\"auto\">Notas de salida:<\/span><\/strong><span dir=\"auto\">\u00a0pomelo, cardamomo, pimienta rosa.<\/span><br \/>\n<strong><span dir=\"auto\">Notas de coraz\u00f3n:<\/span><\/strong><span dir=\"auto\">\u00a0nardo, notas solares, artemisa.<\/span><br \/>\n<strong><span dir=\"auto\">Notas de fondo:<\/span><\/strong><span dir=\"auto\">\u00a0\u00e1mbar, cachemir, cuero, l\u00e1dano.<\/span><\/p>\n","protected":false},"excerpt":{"rendered":"<p>FAKHAR GOLD Es una fragancia que evoca la elegancia y el estilo contempor\u00e1neo, ideal para quienes buscan un toque distintivo<\/p>\n","protected":false},"featured_media":100374,"comment_status":"open","ping_status":"closed","template":"","meta":{"nf_dc_page":""},"product_brand":[109],"product_cat":[94],"product_tag":[3175],"class_list":{"0":"post-100373","1":"product","2":"type-product","3":"status-publish","4":"has-post-thumbnail","6":"product_brand-lattafa","7":"product_cat-higiene-personal","8":"product_tag-3175","10":"first","11":"instock","12":"shipping-taxable","13":"purchasable","14":"product-type-simple"},"_links":{"self":[{"href":"https:\/\/brandss.com.py\/index\/wp-json\/wp\/v2\/product\/100373","targetHints":{"allow":["GET"]}}],"collection":[{"href":"https:\/\/brandss.com.py\/index\/wp-json\/wp\/v2\/product"}],"about":[{"href":"https:\/\/brandss.com.py\/index\/wp-json\/wp\/v2\/types\/product"}],"replies":[{"embeddable":true,"href":"https:\/\/brandss.com.py\/index\/wp-json\/wp\/v2\/comments?post=100373"}],"version-history":[{"count":2,"href":"https:\/\/brandss.com.py\/index\/wp-json\/wp\/v2\/product\/100373\/revisions"}],"predecessor-version":[{"id":100694,"href":"https:\/\/brandss.com.py\/index\/wp-json\/wp\/v2\/product\/100373\/revisions\/100694"}],"wp:featuredmedia":[{"embeddable":true,"href":"https:\/\/brandss.com.py\/index\/wp-json\/wp\/v2\/media\/100374"}],"wp:attachment":[{"href":"https:\/\/brandss.com.py\/index\/wp-json\/wp\/v2\/media?parent=100373"}],"wp:term":[{"taxonomy":"product_brand","embeddable":true,"href":"https:\/\/brandss.com.py\/index\/wp-json\/wp\/v2\/product_brand?post=100373"},{"taxonomy":"product_cat","embeddable":true,"href":"https:\/\/brandss.com.py\/index\/wp-json\/wp\/v2\/product_cat?post=100373"},{"taxonomy":"product_tag","embeddable":true,"href":"https:\/\/brandss.com.py\/index\/wp-json\/wp\/v2\/product_tag?post=100373"}],"curies":[{"name":"wp","href":"https:\/\/api.w.org\/{rel}","templated":true}]}}