{"id":100380,"date":"2026-03-18T18:15:01","date_gmt":"2026-03-18T18:15:01","guid":{"rendered":"https:\/\/brandss.com.py\/index\/?post_type=product&#038;p=100380"},"modified":"2026-04-16T12:02:42","modified_gmt":"2026-04-16T12:02:42","slug":"spray-corporal-unisex-lattafa-musamam-white-200ml","status":"publish","type":"product","link":"https:\/\/brandss.com.py\/index\/producto\/spray-corporal-unisex-lattafa-musamam-white-200ml\/","title":{"rendered":"SPRAY CORPORAL UNISEX LATTAFA MUSAMAM WHITE 200ML"},"content":{"rendered":"<p><img loading=\"lazy\" decoding=\"async\" class=\"\" src=\"https:\/\/myscentjourney.s3.us-east-2.amazonaws.com\/2022\/02\/14\/29KIascent_j_marca_1644871114_202.png\" alt=\"MSJ::LATTAFA\" width=\"54\" height=\"64\" \/><\/p>\n<h1>MUSAMAM WHITE<\/h1>\n<p>Es una fragancia floral oriental para hombres y mujeres. Se despliega suavemente, aportando un toque sofisticado y moderno, ideal tanto para el d\u00eda a d\u00eda como para ocasiones especiales. Este spray corporal crea una atm\u00f3sfera equilibrada, donde la vitalidad se fusiona con una suave comodidad. Es perfecto para quienes buscan un aroma memorable y atractivo, \u00fanico y f\u00e1cil de llevar.<\/p>\n<h1>Notas Olfativas<\/h1>\n<p dir=\"ltr\"><span dir=\"auto\">Experimenta Musamam White y deja tu huella all\u00e1 donde vayas. Este perfume es m\u00e1s que una fragancia; es una expresi\u00f3n de estilo y personalidad que complementa a quienes saben lo que quieren. En la salida una explosi\u00f3n de bergamota \u00e1cida y naranja jugosa prepara el terreno para un comienzo brillante y estimulante con un toque especiado. Es como el primer rayo de sol: luminoso, vigorizante y lo suficientemente interesante como para captar tu atenci\u00f3n.<\/span><\/p>\n<p dir=\"ltr\"><span dir=\"auto\">En esencia, una sensual mezcla de coco cremoso y ex\u00f3tico ylang-ylang se combina con el rico aroma floral del mahonial y el suave ambroxan. Esto te hace sentir como si estuvieras en un abrazo tropical de lujo, exquisito y acogedor a la vez, como en un lujoso spa.<\/span><\/p>\n<p dir=\"ltr\"><span dir=\"auto\">Se asienta sobre una base c\u00e1lida y duradera de benju\u00ed dulce, s\u00e1ndalo suave y un toque de almizcle. El resultado final es un aroma redondo, sensual, elegante y profundamente envolvente, que deja una impresi\u00f3n duradera de profundidad y gracia.<\/span><\/p>\n<ul>\n<li dir=\"ltr\"><strong><span dir=\"auto\">Notas de salida:\u00a0<\/span><\/strong><span dir=\"auto\">Bergamota, naranja, especias.<\/span><\/li>\n<li dir=\"ltr\"><strong><span dir=\"auto\">Notas de coraz\u00f3n:<\/span><\/strong>\u00a0<span dir=\"auto\">Mahonia, coco, ylang-ylang, ambroxan.<\/span><\/li>\n<li dir=\"ltr\"><strong><span dir=\"auto\">Notas de fondo:\u00a0<\/span><\/strong><span dir=\"auto\">S\u00e1ndalo, benju\u00ed, almizcle.<\/span><\/li>\n<\/ul>\n","protected":false},"excerpt":{"rendered":"<p>MUSAMAM WHITE Es una fragancia floral oriental para hombres y mujeres. Se despliega suavemente, aportando un toque sofisticado y moderno,<\/p>\n","protected":false},"featured_media":100381,"comment_status":"open","ping_status":"closed","template":"","meta":{"nf_dc_page":""},"product_brand":[109],"product_cat":[94],"product_tag":[3176],"class_list":{"0":"post-100380","1":"product","2":"type-product","3":"status-publish","4":"has-post-thumbnail","6":"product_brand-lattafa","7":"product_cat-higiene-personal","8":"product_tag-3176","10":"first","11":"instock","12":"shipping-taxable","13":"purchasable","14":"product-type-simple"},"_links":{"self":[{"href":"https:\/\/brandss.com.py\/index\/wp-json\/wp\/v2\/product\/100380","targetHints":{"allow":["GET"]}}],"collection":[{"href":"https:\/\/brandss.com.py\/index\/wp-json\/wp\/v2\/product"}],"about":[{"href":"https:\/\/brandss.com.py\/index\/wp-json\/wp\/v2\/types\/product"}],"replies":[{"embeddable":true,"href":"https:\/\/brandss.com.py\/index\/wp-json\/wp\/v2\/comments?post=100380"}],"version-history":[{"count":1,"href":"https:\/\/brandss.com.py\/index\/wp-json\/wp\/v2\/product\/100380\/revisions"}],"predecessor-version":[{"id":100384,"href":"https:\/\/brandss.com.py\/index\/wp-json\/wp\/v2\/product\/100380\/revisions\/100384"}],"wp:featuredmedia":[{"embeddable":true,"href":"https:\/\/brandss.com.py\/index\/wp-json\/wp\/v2\/media\/100381"}],"wp:attachment":[{"href":"https:\/\/brandss.com.py\/index\/wp-json\/wp\/v2\/media?parent=100380"}],"wp:term":[{"taxonomy":"product_brand","embeddable":true,"href":"https:\/\/brandss.com.py\/index\/wp-json\/wp\/v2\/product_brand?post=100380"},{"taxonomy":"product_cat","embeddable":true,"href":"https:\/\/brandss.com.py\/index\/wp-json\/wp\/v2\/product_cat?post=100380"},{"taxonomy":"product_tag","embeddable":true,"href":"https:\/\/brandss.com.py\/index\/wp-json\/wp\/v2\/product_tag?post=100380"}],"curies":[{"name":"wp","href":"https:\/\/api.w.org\/{rel}","templated":true}]}}