{"id":100385,"date":"2026-03-18T18:30:56","date_gmt":"2026-03-18T18:30:56","guid":{"rendered":"https:\/\/brandss.com.py\/index\/?post_type=product&#038;p=100385"},"modified":"2026-03-18T18:31:15","modified_gmt":"2026-03-18T18:31:15","slug":"spray-corporal-femenino-lattafa-haya-200ml","status":"publish","type":"product","link":"https:\/\/brandss.com.py\/index\/producto\/spray-corporal-femenino-lattafa-haya-200ml\/","title":{"rendered":"SPRAY CORPORAL FEMENINO LATTAFA HAYA 200ML"},"content":{"rendered":"<p><img loading=\"lazy\" decoding=\"async\" class=\"\" src=\"https:\/\/myscentjourney.s3.us-east-2.amazonaws.com\/2022\/02\/14\/29KIascent_j_marca_1644871114_202.png\" alt=\"MSJ::LATTAFA\" width=\"87\" height=\"104\" \/><\/p>\n<h1>HAYA<\/h1>\n<p>Descubre Haya, un desodorante en spray de 200ml que combina frescura y elegancia. Su fragancia envolvente, con notas de fresa, est\u00e1 dise\u00f1ada para realzar la feminidad y brindar una sensaci\u00f3n de bienestar durante todo el d\u00eda. Este desodorante antitranspirante es ideal para mujeres que buscan una protecci\u00f3n efectiva sin comprometer la suavidad de su piel. Dermatol\u00f3gicamente testeado y apto para piel sensible, garantiza una experiencia agradable y segura en cada aplicaci\u00f3n. Con su formato pr\u00e1ctico en spray, es perfecto para llevar en el bolso y refrescarte en cualquier momento. Disfruta de una fragancia que no solo te acompa\u00f1a, sino que tambi\u00e9n te hace sentir segura y radiante.<\/p>\n<h3 data-path-to-node=\"5\"><strong><span dir=\"auto\">Caracter\u00edsticas<\/span><\/strong><\/h3>\n<ul data-path-to-node=\"6\">\n<li><b data-path-to-node=\"6,0,0\" data-index-in-node=\"0\"><span dir=\"auto\">Est\u00e9tica lujosa:<\/span><\/b><span dir=\"auto\">\u00a0El frasco presenta un elegante acabado rosa mate con un radiante dise\u00f1o de rayos de sol y un tap\u00f3n de oro rosa brillante, lo que lo convierte en un complemento con estilo para cualquier tocador.<\/span><\/li>\n<li><b data-path-to-node=\"6,1,0\" data-index-in-node=\"0\"><span dir=\"auto\">Frescura durante todo el d\u00eda:<\/span><\/b><span dir=\"auto\">\u00a0Formulado para brindar una protecci\u00f3n eficaz contra los malos olores, a la vez que te envuelve en una estela de fragancia \u00e1rabe de primera calidad.<\/span><\/li>\n<li><b data-path-to-node=\"6,2,0\" data-index-in-node=\"0\"><span dir=\"auto\">Uso vers\u00e1til:<\/span><\/b><span dir=\"auto\">\u00a0Ideal para combinar con el perfume Haya EDP y as\u00ed prolongar su duraci\u00f3n, o para una r\u00e1pida y refrescante aplicaci\u00f3n a lo largo del d\u00eda.<\/span><\/li>\n<li><b data-path-to-node=\"6,3,0\" data-index-in-node=\"0\"><span dir=\"auto\">Ideal para viajar:<\/span><\/b><span dir=\"auto\">\u00a0el envase resistente de 200 ml es perfecto para usarlo sobre la marcha, ya sea en el gimnasio, la oficina o en una salida nocturna.<\/span><\/li>\n<\/ul>\n<h3>Notas Olfativas<\/h3>\n<p><span dir=\"auto\">Haya<\/span><span dir=\"auto\">, una fragancia sofisticada y femenina dise\u00f1ada para la mujer moderna. Conocido por su elegante combinaci\u00f3n de notas florales y dulces, este desodorante de 200 ml ofrece un aroma refrescante y duradero que complementa el popular perfume Haya Eau de Parfum.<\/span><\/p>\n<p><strong>Notas de salida:<\/strong> champa\u00f1a, fresa, rosa, naranja tangerina, naranja sanguina.<br \/>\n<strong>Notas de coraz\u00f3n:<\/strong> gardenia, jazm\u00edn, orqu\u00eddea de vainilla.<br \/>\n<strong>Notas de fondo:<\/strong> s\u00e1ndalo, \u00e1mbar, casta\u00f1a.<\/p>\n","protected":false},"excerpt":{"rendered":"<p>HAYA Descubre Haya, un desodorante en spray de 200ml que combina frescura y elegancia. Su fragancia envolvente, con notas de<\/p>\n","protected":false},"featured_media":100386,"comment_status":"open","ping_status":"closed","template":"","meta":{"nf_dc_page":""},"product_brand":[109],"product_cat":[94],"product_tag":[3177],"class_list":{"0":"post-100385","1":"product","2":"type-product","3":"status-publish","4":"has-post-thumbnail","6":"product_brand-lattafa","7":"product_cat-higiene-personal","8":"product_tag-3177","10":"first","11":"instock","12":"shipping-taxable","13":"purchasable","14":"product-type-simple"},"_links":{"self":[{"href":"https:\/\/brandss.com.py\/index\/wp-json\/wp\/v2\/product\/100385","targetHints":{"allow":["GET"]}}],"collection":[{"href":"https:\/\/brandss.com.py\/index\/wp-json\/wp\/v2\/product"}],"about":[{"href":"https:\/\/brandss.com.py\/index\/wp-json\/wp\/v2\/types\/product"}],"replies":[{"embeddable":true,"href":"https:\/\/brandss.com.py\/index\/wp-json\/wp\/v2\/comments?post=100385"}],"version-history":[{"count":1,"href":"https:\/\/brandss.com.py\/index\/wp-json\/wp\/v2\/product\/100385\/revisions"}],"predecessor-version":[{"id":100388,"href":"https:\/\/brandss.com.py\/index\/wp-json\/wp\/v2\/product\/100385\/revisions\/100388"}],"wp:featuredmedia":[{"embeddable":true,"href":"https:\/\/brandss.com.py\/index\/wp-json\/wp\/v2\/media\/100386"}],"wp:attachment":[{"href":"https:\/\/brandss.com.py\/index\/wp-json\/wp\/v2\/media?parent=100385"}],"wp:term":[{"taxonomy":"product_brand","embeddable":true,"href":"https:\/\/brandss.com.py\/index\/wp-json\/wp\/v2\/product_brand?post=100385"},{"taxonomy":"product_cat","embeddable":true,"href":"https:\/\/brandss.com.py\/index\/wp-json\/wp\/v2\/product_cat?post=100385"},{"taxonomy":"product_tag","embeddable":true,"href":"https:\/\/brandss.com.py\/index\/wp-json\/wp\/v2\/product_tag?post=100385"}],"curies":[{"name":"wp","href":"https:\/\/api.w.org\/{rel}","templated":true}]}}