{"id":100389,"date":"2026-03-18T18:47:43","date_gmt":"2026-03-18T18:47:43","guid":{"rendered":"https:\/\/brandss.com.py\/index\/?post_type=product&#038;p=100389"},"modified":"2026-03-18T18:47:58","modified_gmt":"2026-03-18T18:47:58","slug":"spray-corporal-masculino-lattafa-qaed-al-fursan-200ml","status":"publish","type":"product","link":"https:\/\/brandss.com.py\/index\/producto\/spray-corporal-masculino-lattafa-qaed-al-fursan-200ml\/","title":{"rendered":"SPRAY CORPORAL MASCULINO LATTAFA QAED AL FURSAN 200ML"},"content":{"rendered":"<p><img loading=\"lazy\" decoding=\"async\" class=\"\" src=\"https:\/\/myscentjourney.s3.us-east-2.amazonaws.com\/2022\/02\/14\/29KIascent_j_marca_1644871114_202.png\" alt=\"MSJ::LATTAFA\" width=\"72\" height=\"86\" \/><\/p>\n<h1>QAED AL FURSAN<\/h1>\n<p>Es un spray corporal que captura la esencia de la elegancia y la sofisticaci\u00f3n. Dise\u00f1ado para hombres, este spray ofrece una fragancia rica y envolvente que evoca la majestuosidad de los caballos y la nobleza de la cultura \u00e1rabe. Ideal para el uso diario o para ocasiones especiales, su aroma distintivo deja una impresi\u00f3n duradera y memorable.<\/p>\n<p>El frasco de Qaed Al Fursan es elegante y lujoso, con un dise\u00f1o que refleja la calidad y la riqueza del producto. Su tama\u00f1o de 200 ml es ideal para llevar en el bolso o tener en casa, asegurando que siempre tengas a mano tu fragancia favorita. Ideal Para Este perfume spray es perfecto para quienes buscan un aroma sofisticado y distintivo que se adapte a cualquier ocasi\u00f3n, desde el uso diario hasta eventos formales o celebraciones especiales. Recomendaciones de Uso Roc\u00eda el perfume en puntos estrat\u00e9gicos como mu\u00f1ecas, cuello y detr\u00e1s de las orejas para una mayor proyecci\u00f3n. Su f\u00f3rmula est\u00e1 dise\u00f1ada para ofrecer una experiencia arom\u00e1tica duradera y envolvente.<\/p>\n<h3>Notas Olfativas<\/h3>\n<p>Desde su lanzamiento en 2016, Qaed Al Fursan se ha consolidado como una de las mejores fragancias \u00e1rabes frutales y amaderadas. <span dir=\"auto\">La apertura es inconfundible,<\/span><span dir=\"auto\"> la pi\u00f1a madura y jugosa se percibe de inmediato: nada sint\u00e9tica ni empalagosa, sino fotorrealista y audaz. Al mismo tiempo, el azafr\u00e1n se hace presente, aportando una especia c\u00e1lida y ligeramente met\u00e1lica que evita que la fruta resulte mon\u00f3tona. Juntas, estas dos notas crean la esencia que los seguidores de esta fragancia reconocen al instante. <\/span><span dir=\"auto\">A medida que se asientan las notas de salida,<\/span><span dir=\"auto\"> emerge el coraz\u00f3n. En concreto, el jazm\u00edn aporta una delicada elegancia floral que equilibra la dulzura de la pi\u00f1a. Adem\u00e1s, el abeto bals\u00e1mico introduce una frescura verde y resinosa que transforma la composici\u00f3n hacia algo m\u00e1s complejo y masculino.\u00a0<\/span><span dir=\"auto\">Es en el secado<\/span><span dir=\"auto\">\u00a0donde este spray corporal demuestra su perdurabilidad. La madera de cedro y el \u00e1mbar forman una base c\u00e1lida y amaderada. Adem\u00e1s, el oud a\u00f1ade una sutil profundidad ahumada que le confiere un distintivo car\u00e1cter de Oriente Medio. Como resultado, la impresi\u00f3n duradera en la piel es una estela suave, amaderada y ambarina, con un ligero toque de la dulzura original de la pi\u00f1a que perdura en el fondo.<\/span><\/p>\n<ul>\n<li><strong><span dir=\"auto\">Notas de salida:<\/span><\/strong><span dir=\"auto\"> pi\u00f1a, azafr\u00e1n.<\/span><\/li>\n<li><strong><span dir=\"auto\">Notas de coraz\u00f3n:<\/span><\/strong><span dir=\"auto\"> abeto bals\u00e1mico, jazm\u00edn.<\/span><\/li>\n<li><strong><span dir=\"auto\">Notas de fondo:<\/span><\/strong><span dir=\"auto\"> \u00e1mbar, cedro, madera de agar (oud).<\/span><\/li>\n<\/ul>\n","protected":false},"excerpt":{"rendered":"<p>QAED AL FURSAN Es un spray corporal que captura la esencia de la elegancia y la sofisticaci\u00f3n. Dise\u00f1ado para hombres,<\/p>\n","protected":false},"featured_media":100390,"comment_status":"open","ping_status":"closed","template":"","meta":{"nf_dc_page":""},"product_brand":[109],"product_cat":[94],"product_tag":[3178],"class_list":{"0":"post-100389","1":"product","2":"type-product","3":"status-publish","4":"has-post-thumbnail","6":"product_brand-lattafa","7":"product_cat-higiene-personal","8":"product_tag-3178","10":"first","11":"instock","12":"shipping-taxable","13":"purchasable","14":"product-type-simple"},"_links":{"self":[{"href":"https:\/\/brandss.com.py\/index\/wp-json\/wp\/v2\/product\/100389","targetHints":{"allow":["GET"]}}],"collection":[{"href":"https:\/\/brandss.com.py\/index\/wp-json\/wp\/v2\/product"}],"about":[{"href":"https:\/\/brandss.com.py\/index\/wp-json\/wp\/v2\/types\/product"}],"replies":[{"embeddable":true,"href":"https:\/\/brandss.com.py\/index\/wp-json\/wp\/v2\/comments?post=100389"}],"version-history":[{"count":1,"href":"https:\/\/brandss.com.py\/index\/wp-json\/wp\/v2\/product\/100389\/revisions"}],"predecessor-version":[{"id":100393,"href":"https:\/\/brandss.com.py\/index\/wp-json\/wp\/v2\/product\/100389\/revisions\/100393"}],"wp:featuredmedia":[{"embeddable":true,"href":"https:\/\/brandss.com.py\/index\/wp-json\/wp\/v2\/media\/100390"}],"wp:attachment":[{"href":"https:\/\/brandss.com.py\/index\/wp-json\/wp\/v2\/media?parent=100389"}],"wp:term":[{"taxonomy":"product_brand","embeddable":true,"href":"https:\/\/brandss.com.py\/index\/wp-json\/wp\/v2\/product_brand?post=100389"},{"taxonomy":"product_cat","embeddable":true,"href":"https:\/\/brandss.com.py\/index\/wp-json\/wp\/v2\/product_cat?post=100389"},{"taxonomy":"product_tag","embeddable":true,"href":"https:\/\/brandss.com.py\/index\/wp-json\/wp\/v2\/product_tag?post=100389"}],"curies":[{"name":"wp","href":"https:\/\/api.w.org\/{rel}","templated":true}]}}