{"id":100394,"date":"2026-03-18T19:02:31","date_gmt":"2026-03-18T19:02:31","guid":{"rendered":"https:\/\/brandss.com.py\/index\/?post_type=product&#038;p=100394"},"modified":"2026-03-18T19:02:54","modified_gmt":"2026-03-18T19:02:54","slug":"spray-corporal-unisex-lattafa-qaed-al-fursan-unlimited-200ml","status":"publish","type":"product","link":"https:\/\/brandss.com.py\/index\/producto\/spray-corporal-unisex-lattafa-qaed-al-fursan-unlimited-200ml\/","title":{"rendered":"SPRAY CORPORAL UNISEX LATTAFA QAED AL FURSAN UNLIMITED 200ML"},"content":{"rendered":"<p><img loading=\"lazy\" decoding=\"async\" class=\"\" src=\"https:\/\/myscentjourney.s3.us-east-2.amazonaws.com\/2022\/02\/14\/29KIascent_j_marca_1644871114_202.png\" alt=\"MSJ::LATTAFA\" width=\"99\" height=\"118\" \/><\/p>\n<h1>QAED AL FURSAN UNLIMITED<\/h1>\n<p>es la elecci\u00f3n perfecta para hombres y mujeres modernos que buscan una fragancia distintiva y duradera. Con su exquisita combinaci\u00f3n de notas de s\u00e1ndalo y vainilla, este body spray ofrece una experiencia olfativa que evoca sofisticaci\u00f3n y elegancia. Su perfil amaderado y oriental lo convierte en una opci\u00f3n ideal para cualquier ocasi\u00f3n, ya sea diaria o especial. La fragancia se proyecta con un toque c\u00e1lido y atractivo, ideal para quienes desean dejar una impresi\u00f3n duradera. Este body spray, lanzado en 2022, est\u00e1 dise\u00f1ado para quienes aprecian la esencia de lo aut\u00e9ntico y lo exquisito en su rutina de cuidado personal. Disfrute de la comodidad y practicidad que ofrece QAED AL FURSAN UNLIMITED, un producto que se adapta a su estilo de vida din\u00e1mico. Con un formato f\u00e1cil de llevar, puede reavivar su fragancia en cualquier momento del d\u00eda, haci\u00e9ndolo perfecto para hombres y mujres activos que no se conforman.<\/p>\n<h3><\/h3>\n<h3>Notas Olfativas<\/h3>\n<p>&nbsp;<\/p>\n<p><span dir=\"auto\">Qaed Al Fursan Unlimited <\/span><span dir=\"auto\">es una fragancia floral frutal gourmand para mujeres y hombres. Esta es una fragancia nueva. <\/span><span dir=\"auto\">Qaed Al Fursan Unlimited <\/span><span dir=\"auto\">se lanz\u00f3 en 2022.\u00a0<\/span><\/p>\n<p><strong><span dir=\"auto\">Notas de salida: <\/span><\/strong><span dir=\"auto\">c<\/span><span dir=\"auto\">oco, p<\/span><span dir=\"auto\">i\u00f1a, c\u00edtricos.<\/span><\/p>\n<p><strong><span dir=\"auto\">Notas de coraz\u00f3n: <\/span><\/strong><span dir=\"auto\">ylang-ylang, f<\/span><span dir=\"auto\">rangipani, j<\/span><span dir=\"auto\">azm\u00edn.<\/span><\/p>\n<div>\n<div>\n<div><strong><span dir=\"auto\">Notas de fondo:\u00a0<\/span><\/strong><span dir=\"auto\">vainilla, a<\/span><span dir=\"auto\">lmizcle, s<\/span><span dir=\"auto\">\u00e1ndalo, n<\/span><span dir=\"auto\">otas dulces.<\/span><\/div>\n<\/div>\n<\/div>\n","protected":false},"excerpt":{"rendered":"<p>QAED AL FURSAN UNLIMITED es la elecci\u00f3n perfecta para hombres y mujeres modernos que buscan una fragancia distintiva y duradera.<\/p>\n","protected":false},"featured_media":100395,"comment_status":"open","ping_status":"closed","template":"","meta":{"nf_dc_page":""},"product_brand":[109],"product_cat":[94],"product_tag":[3179],"class_list":{"0":"post-100394","1":"product","2":"type-product","3":"status-publish","4":"has-post-thumbnail","6":"product_brand-lattafa","7":"product_cat-higiene-personal","8":"product_tag-3179","10":"first","11":"instock","12":"shipping-taxable","13":"purchasable","14":"product-type-simple"},"_links":{"self":[{"href":"https:\/\/brandss.com.py\/index\/wp-json\/wp\/v2\/product\/100394","targetHints":{"allow":["GET"]}}],"collection":[{"href":"https:\/\/brandss.com.py\/index\/wp-json\/wp\/v2\/product"}],"about":[{"href":"https:\/\/brandss.com.py\/index\/wp-json\/wp\/v2\/types\/product"}],"replies":[{"embeddable":true,"href":"https:\/\/brandss.com.py\/index\/wp-json\/wp\/v2\/comments?post=100394"}],"version-history":[{"count":1,"href":"https:\/\/brandss.com.py\/index\/wp-json\/wp\/v2\/product\/100394\/revisions"}],"predecessor-version":[{"id":100397,"href":"https:\/\/brandss.com.py\/index\/wp-json\/wp\/v2\/product\/100394\/revisions\/100397"}],"wp:featuredmedia":[{"embeddable":true,"href":"https:\/\/brandss.com.py\/index\/wp-json\/wp\/v2\/media\/100395"}],"wp:attachment":[{"href":"https:\/\/brandss.com.py\/index\/wp-json\/wp\/v2\/media?parent=100394"}],"wp:term":[{"taxonomy":"product_brand","embeddable":true,"href":"https:\/\/brandss.com.py\/index\/wp-json\/wp\/v2\/product_brand?post=100394"},{"taxonomy":"product_cat","embeddable":true,"href":"https:\/\/brandss.com.py\/index\/wp-json\/wp\/v2\/product_cat?post=100394"},{"taxonomy":"product_tag","embeddable":true,"href":"https:\/\/brandss.com.py\/index\/wp-json\/wp\/v2\/product_tag?post=100394"}],"curies":[{"name":"wp","href":"https:\/\/api.w.org\/{rel}","templated":true}]}}