{"id":100398,"date":"2026-03-18T19:17:24","date_gmt":"2026-03-18T19:17:24","guid":{"rendered":"https:\/\/brandss.com.py\/index\/?post_type=product&#038;p=100398"},"modified":"2026-03-18T19:17:39","modified_gmt":"2026-03-18T19:17:39","slug":"spray-corporal-femenino-lattafa-eclaire-200ml","status":"publish","type":"product","link":"https:\/\/brandss.com.py\/index\/producto\/spray-corporal-femenino-lattafa-eclaire-200ml\/","title":{"rendered":"SPRAY CORPORAL FEMENINO LATTAFA ECLAIRE 200ML"},"content":{"rendered":"<p><img loading=\"lazy\" decoding=\"async\" class=\"\" src=\"https:\/\/myscentjourney.s3.us-east-2.amazonaws.com\/2022\/02\/14\/29KIascent_j_marca_1644871114_202.png\" alt=\"MSJ::LATTAFA\" width=\"71\" height=\"84\" \/><\/p>\n<h1>ECLAIRE<\/h1>\n<p><span dir=\"auto\">Es una fragancia lujosa especialmente creada <\/span><span dir=\"auto\">para mujeres<\/span><span dir=\"auto\">, que te envuelve en un aroma suave y exquisito. Este desodorante de 200 ml,\u00a0<\/span><span dir=\"auto\">inspirado en<\/span><span dir=\"auto\">\u00a0el aclamado\u00a0<\/span><span dir=\"auto\">perfume Eclaire<\/span><span dir=\"auto\">, ofrece una fragancia duradera y reconfortante que te acompa\u00f1a durante todo el d\u00eda, a\u00f1adiendo un toque de sofisticaci\u00f3n a tu rutina diaria.<\/span><\/p>\n<p><span dir=\"auto\">Dise\u00f1ado pensando en la mujer, el desodorante en spray Lattafa Eclaire ofrece una frescura duradera a la vez que cuida la piel con suavidad. Su elegante envase de 200 ml a\u00f1ade un toque de sofisticaci\u00f3n a tu rutina de belleza, convirti\u00e9ndolo en un b\u00e1sico imprescindible.<\/span><\/p>\n<p><span dir=\"auto\">Ideal para quienes adoran las fragancias dulces inspiradas en postres, este desodorante es perfecto tanto para el d\u00eda a d\u00eda como para ocasiones especiales. Sus reconfortantes notas gourmand dejan una impresi\u00f3n duradera, ayud\u00e1ndote a sentirte segura, fresca y femenina durante todo el d\u00eda.<\/span><\/p>\n<h3>Notas Olfativas<\/h3>\n<p><span dir=\"auto\">La fragancia\u00a0<\/span><span dir=\"auto\">se abre<\/span><span dir=\"auto\">\u00a0con una dulce y rica mezcla de\u00a0\u00a0<\/span><span dir=\"auto\">caramelo<\/span><span dir=\"auto\">,\u00a0<\/span><span dir=\"auto\">leche<\/span><span dir=\"auto\">\u00a0y\u00a0<\/span><span dir=\"auto\">az\u00facar<\/span><span dir=\"auto\">, creando una introducci\u00f3n deliciosamente seductora. En su\u00a0<\/span><span dir=\"auto\">coraz\u00f3n<\/span><span dir=\"auto\">,\u00a0<\/span><span dir=\"auto\">las flores blancas<\/span><span dir=\"auto\">\u00a0y\u00a0<\/span><span dir=\"auto\">la miel<\/span><span dir=\"auto\">\u00a0se combinan para formar una delicada armon\u00eda floral que irradia calidez y feminidad. Las\u00a0<\/span><span dir=\"auto\">notas de fondo<\/span><span dir=\"auto\">\u00a0de\u00a0\u00a0<\/span><span dir=\"auto\">vainilla<\/span><span dir=\"auto\">,\u00a0<\/span><span dir=\"auto\">pralin\u00e9<\/span><span dir=\"auto\">\u00a0y\u00a0<\/span><span dir=\"auto\">almizcle<\/span><span dir=\"auto\">\u00a0proporcionan un final suave y acogedor que perdura elegantemente en la piel.<\/span><\/p>\n<ul>\n<li dir=\"ltr\"><strong><span dir=\"auto\">Notas de salida: <\/span><\/strong><span dir=\"auto\">c<\/span><span dir=\"auto\">aramelo, leche, az\u00facar.<\/span><\/li>\n<li dir=\"ltr\"><strong><span dir=\"auto\">Notas de coraz\u00f3n:<\/span><\/strong> f<span dir=\"auto\">lores blancas, miel.<\/span><\/li>\n<li dir=\"ltr\"><strong><span dir=\"auto\">Notas de fondo:<\/span><\/strong> v<span dir=\"auto\">ainilla, pralin\u00e9, almizcle.<\/span><\/li>\n<\/ul>\n","protected":false},"excerpt":{"rendered":"<p>ECLAIRE Es una fragancia lujosa especialmente creada para mujeres, que te envuelve en un aroma suave y exquisito. Este desodorante<\/p>\n","protected":false},"featured_media":100399,"comment_status":"open","ping_status":"closed","template":"","meta":{"nf_dc_page":""},"product_brand":[109],"product_cat":[94],"product_tag":[3180],"class_list":{"0":"post-100398","1":"product","2":"type-product","3":"status-publish","4":"has-post-thumbnail","6":"product_brand-lattafa","7":"product_cat-higiene-personal","8":"product_tag-3180","10":"first","11":"instock","12":"shipping-taxable","13":"purchasable","14":"product-type-simple"},"_links":{"self":[{"href":"https:\/\/brandss.com.py\/index\/wp-json\/wp\/v2\/product\/100398","targetHints":{"allow":["GET"]}}],"collection":[{"href":"https:\/\/brandss.com.py\/index\/wp-json\/wp\/v2\/product"}],"about":[{"href":"https:\/\/brandss.com.py\/index\/wp-json\/wp\/v2\/types\/product"}],"replies":[{"embeddable":true,"href":"https:\/\/brandss.com.py\/index\/wp-json\/wp\/v2\/comments?post=100398"}],"version-history":[{"count":1,"href":"https:\/\/brandss.com.py\/index\/wp-json\/wp\/v2\/product\/100398\/revisions"}],"predecessor-version":[{"id":100403,"href":"https:\/\/brandss.com.py\/index\/wp-json\/wp\/v2\/product\/100398\/revisions\/100403"}],"wp:featuredmedia":[{"embeddable":true,"href":"https:\/\/brandss.com.py\/index\/wp-json\/wp\/v2\/media\/100399"}],"wp:attachment":[{"href":"https:\/\/brandss.com.py\/index\/wp-json\/wp\/v2\/media?parent=100398"}],"wp:term":[{"taxonomy":"product_brand","embeddable":true,"href":"https:\/\/brandss.com.py\/index\/wp-json\/wp\/v2\/product_brand?post=100398"},{"taxonomy":"product_cat","embeddable":true,"href":"https:\/\/brandss.com.py\/index\/wp-json\/wp\/v2\/product_cat?post=100398"},{"taxonomy":"product_tag","embeddable":true,"href":"https:\/\/brandss.com.py\/index\/wp-json\/wp\/v2\/product_tag?post=100398"}],"curies":[{"name":"wp","href":"https:\/\/api.w.org\/{rel}","templated":true}]}}