{"id":100419,"date":"2026-03-19T13:03:52","date_gmt":"2026-03-19T13:03:52","guid":{"rendered":"https:\/\/brandss.com.py\/index\/?post_type=product&#038;p=100419"},"modified":"2026-03-19T13:04:12","modified_gmt":"2026-03-19T13:04:12","slug":"perfume-unisex-al-haramain-amber-oud-ruby-edition-edp-120ml","status":"publish","type":"product","link":"https:\/\/brandss.com.py\/index\/producto\/perfume-unisex-al-haramain-amber-oud-ruby-edition-edp-120ml\/","title":{"rendered":"PERFUME UNISEX AL HARAMAIN AMBER OUD RUBY EDITION EDP 120ML"},"content":{"rendered":"<p><img loading=\"lazy\" decoding=\"async\" class=\"\" src=\"https:\/\/perfumesyperfumes.com\/cdn\/shop\/collections\/LOGO_AL_HARAMAIN.png?v=1717038567\" alt=\"PERFUME UNISEX AL HARAMAIN AMBER OUD GOLD EDP 120ML \u2013 Brands\" width=\"146\" height=\"146\" \/><\/p>\n<h1>AMBER OUD RUBY EDITION<\/h1>\n<p>Emb\u00e1rcate en un viaje sensorial \u00fanico con Amber Oud Ruby Edition de Al Haramain, una fragancia unisex que cautiva con su exquisita combinaci\u00f3n de notas. Es una fragancia lujosa y opulenta que cautivar\u00e1 tus sentidos. Amber Oud Ruby Edition es tan refrescante como las gotas de lluvia en verano. Te cautivar\u00e1 con sus notas c\u00e1lidas y atalcadas de \u00e1mbar, que se entrelazan de maravilla con los acordes amargos del azafr\u00e1n. Deja que te caliente el coraz\u00f3n incluso en los d\u00edas m\u00e1s fr\u00edos.<img loading=\"lazy\" decoding=\"async\" class=\"alignleft\" src=\"https:\/\/www.myperfumeshop.qa\/cdn\/shop\/files\/Al_Haramain_Amber_Oud_Ruby_Edition_EDP_-_Google_Search_-_22.jpg?v=1687254607&amp;width=1000\" width=\"573\" height=\"573\" \/><\/p>\n<p>El eau de parfum Al Haramain Amber Oud Ruby Edition te calentar\u00e1 de un modo infalible incluso en los d\u00edas m\u00e1s fr\u00edos. Sus notas florales y amaderadas, chispeantes y refrescantes como gotas de lluvia, te transportar\u00e1n, como por milagro, a un caluroso d\u00eda de verano.<\/p>\n<p>&nbsp;<\/p>\n<h3>Notas Olfativas<\/h3>\n<p>&nbsp;<\/p>\n<p>Amber Oud Ruby Edition de Al Haramain es una fragancia de la familia olfativa floral amaderada para Hombres y Mujeres. Amber Oud Ruby Edition es una fragancia floral amaderada que irradia elegancia como las refrescantes gotas de lluvia en un d\u00eda de verano. El azafr\u00e1n y la almendra amarga te envuelven en una cautivadora primera impresi\u00f3n, mientras que el jazm\u00edn egipcio a\u00f1ade una elegancia floral que perdura. El cedro aporta una nota amaderada que se entrelaza con la riqueza del \u00e1mbar gris, creando una experiencia olfativa inolvidable. Sum\u00e9rgete en la profundidad de las notas amaderadas, que revelan una sofisticaci\u00f3n duradera. El almizcle cierra esta sinfon\u00eda arom\u00e1tica con su toque distintivo. Amber Oud Ruby Edition de Al Haramain es m\u00e1s que una fragancia, es una expresi\u00f3n de lujo y estilo unisex. Descubre la magia de esta creaci\u00f3n \u00fanica que deja una estela inconfundible y sofisticada en cada momento!!!<\/p>\n<p><span dir=\"auto\"><strong>Notas de salida:<\/strong> almendra amarga, azafr\u00e1n.<\/span><br \/>\n<span dir=\"auto\"><strong>Notas de coraz\u00f3n:<\/strong> jazm\u00edn egipcio, madera de cedro.<\/span><br \/>\n<span dir=\"auto\"><strong>Notas de fondo:<\/strong> \u00e1mbar gris, almizcle amaderado.<\/span><\/p>\n","protected":false},"excerpt":{"rendered":"<p>AMBER OUD RUBY EDITION Emb\u00e1rcate en un viaje sensorial \u00fanico con Amber Oud Ruby Edition de Al Haramain, una fragancia<\/p>\n","protected":false},"featured_media":100420,"comment_status":"open","ping_status":"closed","template":"","meta":{"nf_dc_page":""},"product_brand":[114],"product_cat":[84],"product_tag":[3184],"class_list":{"0":"post-100419","1":"product","2":"type-product","3":"status-publish","4":"has-post-thumbnail","6":"product_brand-al-haramain","7":"product_cat-perfumeria","8":"product_tag-3184","10":"first","11":"instock","12":"shipping-taxable","13":"purchasable","14":"product-type-simple"},"_links":{"self":[{"href":"https:\/\/brandss.com.py\/index\/wp-json\/wp\/v2\/product\/100419","targetHints":{"allow":["GET"]}}],"collection":[{"href":"https:\/\/brandss.com.py\/index\/wp-json\/wp\/v2\/product"}],"about":[{"href":"https:\/\/brandss.com.py\/index\/wp-json\/wp\/v2\/types\/product"}],"replies":[{"embeddable":true,"href":"https:\/\/brandss.com.py\/index\/wp-json\/wp\/v2\/comments?post=100419"}],"version-history":[{"count":1,"href":"https:\/\/brandss.com.py\/index\/wp-json\/wp\/v2\/product\/100419\/revisions"}],"predecessor-version":[{"id":100428,"href":"https:\/\/brandss.com.py\/index\/wp-json\/wp\/v2\/product\/100419\/revisions\/100428"}],"wp:featuredmedia":[{"embeddable":true,"href":"https:\/\/brandss.com.py\/index\/wp-json\/wp\/v2\/media\/100420"}],"wp:attachment":[{"href":"https:\/\/brandss.com.py\/index\/wp-json\/wp\/v2\/media?parent=100419"}],"wp:term":[{"taxonomy":"product_brand","embeddable":true,"href":"https:\/\/brandss.com.py\/index\/wp-json\/wp\/v2\/product_brand?post=100419"},{"taxonomy":"product_cat","embeddable":true,"href":"https:\/\/brandss.com.py\/index\/wp-json\/wp\/v2\/product_cat?post=100419"},{"taxonomy":"product_tag","embeddable":true,"href":"https:\/\/brandss.com.py\/index\/wp-json\/wp\/v2\/product_tag?post=100419"}],"curies":[{"name":"wp","href":"https:\/\/api.w.org\/{rel}","templated":true}]}}