{"id":100436,"date":"2026-03-19T13:35:40","date_gmt":"2026-03-19T13:35:40","guid":{"rendered":"https:\/\/brandss.com.py\/index\/?post_type=product&#038;p=100436"},"modified":"2026-04-09T10:44:09","modified_gmt":"2026-04-09T10:44:09","slug":"perfume-unisex-al-haramain-amber-oud-private-edp-120ml","status":"publish","type":"product","link":"https:\/\/brandss.com.py\/index\/producto\/perfume-unisex-al-haramain-amber-oud-private-edp-120ml\/","title":{"rendered":"PERFUME UNISEX AL HARAMAIN AMBER OUD PRIVATE EDP 120ML"},"content":{"rendered":"<p><img loading=\"lazy\" decoding=\"async\" class=\"\" src=\"https:\/\/perfumesyperfumes.com\/cdn\/shop\/collections\/LOGO_AL_HARAMAIN.png?v=1717038567\" alt=\"PERFUME UNISEX AL HARAMAIN AMBER OUD DUBAI NIGHT EXTRAIT PARFUM EDP 100ML \u2013  Brands\" width=\"90\" height=\"90\" \/><\/p>\n<h1>AMBER OUD PRIVATE<\/h1>\n<p>Es un sue\u00f1o hecho realidad que promete ir m\u00e1s all\u00e1 de sus sue\u00f1os m\u00e1s ardientes y de sus esperanzas. Es m\u00e1s fuerte, m\u00e1s prominente que antes y dura m\u00e1s de lo que cabr\u00eda esperar. Esta es una fragancia que s\u00f3lo puede describirse como irresistible, inolvidable, impresionante, es un aroma afrutado maravillosamente dulce, sensual y amaderado, almizclado, ambarado que es impresionante. Ser\u00eda un gran regalo, una fragancia que puedes regalar como agradecimiento por la buena vida, \u00a1y esa es Amber Oud Private Edition!<\/p>\n<p><img loading=\"lazy\" decoding=\"async\" class=\"alignleft\" src=\"https:\/\/m.media-amazon.com\/images\/I\/51qcWV5VznL._SL1080_.jpg\" width=\"571\" height=\"571\" \/><\/p>\n<h3>Notas Olfativas<\/h3>\n<p>&nbsp;<\/p>\n<p>Amber Oud Private Edition Eau de Parfum Al Haramain Perfumes, lanzada en 2023, est\u00e1 clasificada como una fragancia unisex y pertenece a las familias olfativas Dulce, Amaderada, Afrutada, Oriental y Bals\u00e1mica. Amber Oud Private Edition Eau de Parfum forma parte de la colecci\u00f3n Amber Oud. La sofisticada y compleja composici\u00f3n de Amber Oud Private Edition te cautivar\u00e1. Es original e inusual, con notas orientales especiadas que se mezclan con frescura frutal.<\/p>\n<p>Desde el primer instante, te envolver\u00e1 la frescura de la bergamota y las chispeantes notas verdes. Luego, emergen matices de pi\u00f1a tropical, junto con tonos de mel\u00f3n, una c\u00e1lida dulzura y un elegante d\u00fao de cedro y \u00e1mbar. El intenso coraz\u00f3n en la estela se profundiza a\u00fan m\u00e1s con una inolvidable combinaci\u00f3n de madera y mirra, resina viscosa y almizcle sensual, adornada con vainilla gourmand. Crean una atm\u00f3sfera de lujo que perdura durante todo el d\u00eda. Esta fragancia es la elecci\u00f3n perfecta para mujeres y hombres carism\u00e1ticos que aprecian la atenci\u00f3n meticulosa al detalle. Particularmente hermosa en climas fr\u00edos, se convertir\u00e1 en tu perfume distintivo y te har\u00e1 reconocible al instante en cualquier lugar.<\/p>\n<p><strong><span dir=\"auto\">Notas de salida:<\/span><\/strong><span dir=\"auto\"> bergamota, notas verdes.<\/span><br \/>\n<strong><span dir=\"auto\">Notas de coraz\u00f3n:<\/span><\/strong><span dir=\"auto\"> \u00e1mbar, pi\u00f1a, mel\u00f3n, cedro, notas dulces.<\/span><br \/>\n<strong><span dir=\"auto\">Notas de fondo:<\/span><\/strong><span dir=\"auto\"> vainilla, notas amaderadas, mirra, almizcle, resina.<\/span><\/p>\n","protected":false},"excerpt":{"rendered":"<p>AMBER OUD PRIVATE Es un sue\u00f1o hecho realidad que promete ir m\u00e1s all\u00e1 de sus sue\u00f1os m\u00e1s ardientes y de<\/p>\n","protected":false},"featured_media":100437,"comment_status":"open","ping_status":"closed","template":"","meta":{"nf_dc_page":""},"product_brand":[114],"product_cat":[84],"product_tag":[3186],"class_list":{"0":"post-100436","1":"product","2":"type-product","3":"status-publish","4":"has-post-thumbnail","6":"product_brand-al-haramain","7":"product_cat-perfumeria","8":"product_tag-3186","10":"first","11":"instock","12":"shipping-taxable","13":"purchasable","14":"product-type-simple"},"_links":{"self":[{"href":"https:\/\/brandss.com.py\/index\/wp-json\/wp\/v2\/product\/100436","targetHints":{"allow":["GET"]}}],"collection":[{"href":"https:\/\/brandss.com.py\/index\/wp-json\/wp\/v2\/product"}],"about":[{"href":"https:\/\/brandss.com.py\/index\/wp-json\/wp\/v2\/types\/product"}],"replies":[{"embeddable":true,"href":"https:\/\/brandss.com.py\/index\/wp-json\/wp\/v2\/comments?post=100436"}],"version-history":[{"count":1,"href":"https:\/\/brandss.com.py\/index\/wp-json\/wp\/v2\/product\/100436\/revisions"}],"predecessor-version":[{"id":100443,"href":"https:\/\/brandss.com.py\/index\/wp-json\/wp\/v2\/product\/100436\/revisions\/100443"}],"wp:featuredmedia":[{"embeddable":true,"href":"https:\/\/brandss.com.py\/index\/wp-json\/wp\/v2\/media\/100437"}],"wp:attachment":[{"href":"https:\/\/brandss.com.py\/index\/wp-json\/wp\/v2\/media?parent=100436"}],"wp:term":[{"taxonomy":"product_brand","embeddable":true,"href":"https:\/\/brandss.com.py\/index\/wp-json\/wp\/v2\/product_brand?post=100436"},{"taxonomy":"product_cat","embeddable":true,"href":"https:\/\/brandss.com.py\/index\/wp-json\/wp\/v2\/product_cat?post=100436"},{"taxonomy":"product_tag","embeddable":true,"href":"https:\/\/brandss.com.py\/index\/wp-json\/wp\/v2\/product_tag?post=100436"}],"curies":[{"name":"wp","href":"https:\/\/api.w.org\/{rel}","templated":true}]}}