{"id":100444,"date":"2026-03-19T14:03:45","date_gmt":"2026-03-19T14:03:45","guid":{"rendered":"https:\/\/brandss.com.py\/index\/?post_type=product&#038;p=100444"},"modified":"2026-03-19T14:04:34","modified_gmt":"2026-03-19T14:04:34","slug":"perfume-femenino-al-haramain-amber-oud-ultra-violet-edp-120ml","status":"publish","type":"product","link":"https:\/\/brandss.com.py\/index\/producto\/perfume-femenino-al-haramain-amber-oud-ultra-violet-edp-120ml\/","title":{"rendered":"PERFUME FEMENINO AL HARAMAIN AMBER OUD ULTRA VIOLET EDP 120ML"},"content":{"rendered":"<p><img loading=\"lazy\" decoding=\"async\" class=\"\" src=\"https:\/\/perfumesyperfumes.com\/cdn\/shop\/collections\/LOGO_AL_HARAMAIN.png?v=1717038567\" alt=\"PERFUME UNISEX AL HARAMAIN AMBER OUD DUBAI NIGHT EXTRAIT PARFUM EDP 100ML \u2013  Brands\" width=\"95\" height=\"95\" \/><\/p>\n<h1>AMBER OUD ULTRA VIOLET<\/h1>\n<p>Sum\u00e9rgete en la esencia de la feminidad y la elegancia con el perfume Amber Oud Ultra Violet. Dise\u00f1ado exclusivamente para la mujer moderna, este exquisito eau de parfum captura la esencia de la sofisticaci\u00f3n con su cautivador aroma floral. Este perfume es una verdadera obra maestra de la perfumer\u00eda, ofreciendo una fragancia que es tan \u00fanica como quien la lleva. Con un compromiso con la \u00e9tica y la sostenibilidad, este perfume es libre de crueldad y vegano, asegurando que su belleza no viene a costa de otros seres vivos. La experiencia de lujo se presenta en un elegante frasco de 120ml con aplicador en spray, que permite una distribuci\u00f3n fina y uniforme, envolvi\u00e9ndote en un halo de aroma que perdura.<img loading=\"lazy\" decoding=\"async\" class=\"alignleft\" src=\"https:\/\/guateselectos.com\/cdn\/shop\/files\/IMG-9011.jpg?v=1771428410&amp;width=1214\" width=\"639\" height=\"639\" \/><\/p>\n<p>D\u00e9jate llevar por la magia de Amber Oud Ultra Violet, donde cada pulverizaci\u00f3n es una invitaci\u00f3n a un viaje sensorial inolvidable. El Perfume Amber Oud Ultra Violet Edp es m\u00e1s que un aroma; es una declaraci\u00f3n de identidad y estilo.<\/p>\n<p>Toda mujer merece un precioso ramo de flores. El perfume Amber Oud Ultra Violet Eau de Parfum para mujer es como un ramo compuesto por las notas florales m\u00e1s bellas que se combinan para crear un efecto sensual y femenino con un toque rom\u00e1ntico.<\/p>\n<p>&nbsp;<\/p>\n<h3>Notas Olfativas<\/h3>\n<p>&nbsp;<\/p>\n<p>Un perfume vibrante y femenino con un equilibrio perfecto entre dulzura y sensualidad. Amber Oud Ultra Violet de Al Haramain Perfumes es una fragancia de la familia olfativa Almizcle Floral Amaderado para Mujeres.<\/p>\n<p>El coraz\u00f3n de Amber Oud Ultra Violet es una fusi\u00f3n de notas florales que se entrelazan armoniosamente, creando un aroma distintivo que resalta la presencia de quien lo porta. Esta fragrancia es nueva. Amber Oud Ultra Violet se lanz\u00f3 en 2024.<\/p>\n<p><strong>Notas de salida:<\/strong> jengibre, rosa, bergamota.<\/p>\n<p><strong>Notas de coraz\u00f3n:<\/strong> nardos, jazm\u00edn, flores blancas.<\/p>\n<p><strong>Notas de fondo:<\/strong> roble, pachul\u00ed, almizcle.<\/p>\n<p>&nbsp;<\/p>\n","protected":false},"excerpt":{"rendered":"<p>AMBER OUD ULTRA VIOLET Sum\u00e9rgete en la esencia de la feminidad y la elegancia con el perfume Amber Oud Ultra<\/p>\n","protected":false},"featured_media":100445,"comment_status":"open","ping_status":"closed","template":"","meta":{"nf_dc_page":""},"product_brand":[114],"product_cat":[84],"product_tag":[3187],"class_list":{"0":"post-100444","1":"product","2":"type-product","3":"status-publish","4":"has-post-thumbnail","6":"product_brand-al-haramain","7":"product_cat-perfumeria","8":"product_tag-3187","10":"first","11":"instock","12":"shipping-taxable","13":"purchasable","14":"product-type-simple"},"_links":{"self":[{"href":"https:\/\/brandss.com.py\/index\/wp-json\/wp\/v2\/product\/100444","targetHints":{"allow":["GET"]}}],"collection":[{"href":"https:\/\/brandss.com.py\/index\/wp-json\/wp\/v2\/product"}],"about":[{"href":"https:\/\/brandss.com.py\/index\/wp-json\/wp\/v2\/types\/product"}],"replies":[{"embeddable":true,"href":"https:\/\/brandss.com.py\/index\/wp-json\/wp\/v2\/comments?post=100444"}],"version-history":[{"count":1,"href":"https:\/\/brandss.com.py\/index\/wp-json\/wp\/v2\/product\/100444\/revisions"}],"predecessor-version":[{"id":100451,"href":"https:\/\/brandss.com.py\/index\/wp-json\/wp\/v2\/product\/100444\/revisions\/100451"}],"wp:featuredmedia":[{"embeddable":true,"href":"https:\/\/brandss.com.py\/index\/wp-json\/wp\/v2\/media\/100445"}],"wp:attachment":[{"href":"https:\/\/brandss.com.py\/index\/wp-json\/wp\/v2\/media?parent=100444"}],"wp:term":[{"taxonomy":"product_brand","embeddable":true,"href":"https:\/\/brandss.com.py\/index\/wp-json\/wp\/v2\/product_brand?post=100444"},{"taxonomy":"product_cat","embeddable":true,"href":"https:\/\/brandss.com.py\/index\/wp-json\/wp\/v2\/product_cat?post=100444"},{"taxonomy":"product_tag","embeddable":true,"href":"https:\/\/brandss.com.py\/index\/wp-json\/wp\/v2\/product_tag?post=100444"}],"curies":[{"name":"wp","href":"https:\/\/api.w.org\/{rel}","templated":true}]}}