{"id":100460,"date":"2026-03-19T14:46:45","date_gmt":"2026-03-19T14:46:45","guid":{"rendered":"https:\/\/brandss.com.py\/index\/?post_type=product&#038;p=100460"},"modified":"2026-03-19T14:47:14","modified_gmt":"2026-03-19T14:47:14","slug":"perfume-femenino-al-haramain-laventure-grapefruit-edp-100ml","status":"publish","type":"product","link":"https:\/\/brandss.com.py\/index\/producto\/perfume-femenino-al-haramain-laventure-grapefruit-edp-100ml\/","title":{"rendered":"PERFUME FEMENINO AL HARAMAIN L&#8217;AVENTURE GRAPEFRUIT EDP 100ML"},"content":{"rendered":"<p><img loading=\"lazy\" decoding=\"async\" class=\"\" src=\"https:\/\/perfumesyperfumes.com\/cdn\/shop\/collections\/LOGO_AL_HARAMAIN.png?v=1717038567\" alt=\"PERFUME UNISEX AL HARAMAIN AMBER OUD DUBAI NIGHT EXTRAIT PARFUM EDP 100ML \u2013  Brands\" width=\"134\" height=\"134\" \/><\/p>\n<h1>L&#8217;AVENTURE GRAPEFRUIT<\/h1>\n<p>D\u00e9jese seducir por el encanto de L&#8217;Aventure Grapefruit. Esta exquisita fragancia que encarna la elegancia y la sofisticaci\u00f3n para la mujer. Abraza lo extraordinario, deja que cada nota sea una celebraci\u00f3n y hacer de cada momento una aventura con elegancia y esp\u00edritu.<img loading=\"lazy\" decoding=\"async\" class=\"alignleft\" src=\"https:\/\/shop.alharamainperfumes.com\/media\/catalog\/product\/cache\/490c4e3bbae272be3ce2b30a9945698e\/w\/h\/whatsapp_image_2024-03-07_at_5.28.32_pm.jpeg\" width=\"784\" height=\"784\" \/><\/p>\n<p>Cada inhalaci\u00f3n es un viaje a un mundo de sensualidad, donde la sofisticaci\u00f3n se encuentra con la frescura exuberante. Perfecta para quienes buscan un aroma que se convierta en su firma inconfundible. Una fragancia que no solo se lleva, sino que se siente!!!<\/p>\n<p>&nbsp;<\/p>\n<h3>Notas Olfativas<\/h3>\n<p>&nbsp;<\/p>\n<p>L&#8217;Aventure Grapefruit es tu pasaporte a un mundo de encanto inigualable, una obra maestra arom\u00e1tica que entrelaza la vitalidad de los pomelos ba\u00f1ados por el sol. La explosi\u00f3n inicial es una jugosa sinfon\u00eda de pomelo con frutos rojos, grosella negra y lichi, una danza estimulante sobre tu piel que cautiva los sentidos.<\/p>\n<p>Es un viaje de elegancia donde el mel\u00f3n, la flor de almendro, el iris, la fresia, la magnolia, el jazm\u00edn, la rosa y el lirio del valle se unen a la celebraci\u00f3n, a\u00f1adiendo un toque de sofisticaci\u00f3n.<\/p>\n<p>Pero la cosa no termina ah\u00ed: las persistentes notas de fondo de caramelo, vainilla, pachul\u00ed, benju\u00ed, s\u00e1ndalo, almizcle y vetiver aseguran que este encanto perdure, creando un aura de encanto irresistible durante todo el d\u00eda.<\/p>\n<p><strong>Notas de salida:<\/strong> bayas rojas, grosella negra, lichi, pomelo.<br \/>\n<strong>Notas de coraz\u00f3n:<\/strong> flor de almendro, mel\u00f3n, iris, fresia, magnolia, jazm\u00edn, rosa, lirio de los valles.<br \/>\n<strong>Notas de fondo:<\/strong> caramelo, vainilla, pachuli, benju\u00ed, madera de s\u00e1ndalo, almizcle, vetiver.<\/p>\n","protected":false},"excerpt":{"rendered":"<p>L&#8217;AVENTURE GRAPEFRUIT D\u00e9jese seducir por el encanto de L&#8217;Aventure Grapefruit. Esta exquisita fragancia que encarna la elegancia y la sofisticaci\u00f3n<\/p>\n","protected":false},"featured_media":100461,"comment_status":"open","ping_status":"closed","template":"","meta":{"nf_dc_page":""},"product_brand":[114],"product_cat":[84],"product_tag":[3189],"class_list":{"0":"post-100460","1":"product","2":"type-product","3":"status-publish","4":"has-post-thumbnail","6":"product_brand-al-haramain","7":"product_cat-perfumeria","8":"product_tag-3189","10":"first","11":"instock","12":"shipping-taxable","13":"purchasable","14":"product-type-simple"},"_links":{"self":[{"href":"https:\/\/brandss.com.py\/index\/wp-json\/wp\/v2\/product\/100460","targetHints":{"allow":["GET"]}}],"collection":[{"href":"https:\/\/brandss.com.py\/index\/wp-json\/wp\/v2\/product"}],"about":[{"href":"https:\/\/brandss.com.py\/index\/wp-json\/wp\/v2\/types\/product"}],"replies":[{"embeddable":true,"href":"https:\/\/brandss.com.py\/index\/wp-json\/wp\/v2\/comments?post=100460"}],"version-history":[{"count":1,"href":"https:\/\/brandss.com.py\/index\/wp-json\/wp\/v2\/product\/100460\/revisions"}],"predecessor-version":[{"id":100468,"href":"https:\/\/brandss.com.py\/index\/wp-json\/wp\/v2\/product\/100460\/revisions\/100468"}],"wp:featuredmedia":[{"embeddable":true,"href":"https:\/\/brandss.com.py\/index\/wp-json\/wp\/v2\/media\/100461"}],"wp:attachment":[{"href":"https:\/\/brandss.com.py\/index\/wp-json\/wp\/v2\/media?parent=100460"}],"wp:term":[{"taxonomy":"product_brand","embeddable":true,"href":"https:\/\/brandss.com.py\/index\/wp-json\/wp\/v2\/product_brand?post=100460"},{"taxonomy":"product_cat","embeddable":true,"href":"https:\/\/brandss.com.py\/index\/wp-json\/wp\/v2\/product_cat?post=100460"},{"taxonomy":"product_tag","embeddable":true,"href":"https:\/\/brandss.com.py\/index\/wp-json\/wp\/v2\/product_tag?post=100460"}],"curies":[{"name":"wp","href":"https:\/\/api.w.org\/{rel}","templated":true}]}}