{"id":100469,"date":"2026-03-19T16:44:36","date_gmt":"2026-03-19T16:44:36","guid":{"rendered":"https:\/\/brandss.com.py\/index\/?post_type=product&#038;p=100469"},"modified":"2026-03-19T16:45:02","modified_gmt":"2026-03-19T16:45:02","slug":"spray-corporal-unisex-lattafa-ana-abiyehd-200ml","status":"publish","type":"product","link":"https:\/\/brandss.com.py\/index\/producto\/spray-corporal-unisex-lattafa-ana-abiyehd-200ml\/","title":{"rendered":"SPRAY CORPORAL UNISEX LATTAFA ANA ABIYEHD 200ML"},"content":{"rendered":"<p><img loading=\"lazy\" decoding=\"async\" class=\"\" src=\"https:\/\/myscentjourney.s3.us-east-2.amazonaws.com\/2022\/02\/14\/29KIascent_j_marca_1644871114_202.png\" alt=\"MSJ::LATTAFA\" width=\"87\" height=\"103\" \/><\/p>\n<h1>ANA ABIYEHD<\/h1>\n<p>Experimente la frescura limpia y vigorizante de ANA ABIYEDH Deodorant Bodyspray. Este aroma fresco y alegre te har\u00e1 sentir revitalizado, lleno de energ\u00eda y listo para cualquier cosa.\u00a0ANA ABIYEDH Deodorant Bodyspray es tu opci\u00f3n para sentirte seguro, renovado y listo para conquistar tu d\u00eda. Su fragancia limpia y vigorizante es perfecta para despu\u00e9s del entrenamiento, d\u00edas ocupados o en cualquier momento que necesites un impulso de energ\u00eda alegre. Esta f\u00f3rmula duradera garantiza que te sentir\u00e1s fresco y oler\u00e1s delicioso durante horas.<\/p>\n<h3>Notas Olfativas<\/h3>\n<p data-sourcepos=\"7:1-7:403\">Una explosi\u00f3n de bergamota picante y naranja jugosa despierta instant\u00e1neamente tus sentidos, creando un comienzo vibrante para tu d\u00eda. Un coraz\u00f3n sutil de vainilla cremosa y pera dulce agrega un toque de calidez reconfortante sin dominar el car\u00e1cter limpio de la fragancia. Este delicioso aroma se seca hasta convertirse en una base fresca de almizcle y \u00e1mbar. Garantiza una protecci\u00f3n duradera contra los olores con un toque persistente de dulzura reconfortante.<\/p>\n<ul>\n<li><strong><span dir=\"auto\">Notas de salida:<\/span><\/strong><span dir=\"auto\">\u00a0 naranja, bergamota.<\/span><\/li>\n<li><strong><span dir=\"auto\">Notas de coraz\u00f3n: <\/span><\/strong><span dir=\"auto\">\u00a0pera, vainilla.<\/span><\/li>\n<li><strong><span dir=\"auto\">Notas de fondo:\u00a0<\/span><\/strong><span dir=\"auto\"> almizcle, \u00e1mbar seco.<\/span><\/li>\n<\/ul>\n","protected":false},"excerpt":{"rendered":"<p>ANA ABIYEHD Experimente la frescura limpia y vigorizante de ANA ABIYEDH Deodorant Bodyspray. Este aroma fresco y alegre te har\u00e1<\/p>\n","protected":false},"featured_media":100470,"comment_status":"open","ping_status":"closed","template":"","meta":{"nf_dc_page":""},"product_brand":[109],"product_cat":[94],"product_tag":[3190],"class_list":{"0":"post-100469","1":"product","2":"type-product","3":"status-publish","4":"has-post-thumbnail","6":"product_brand-lattafa","7":"product_cat-higiene-personal","8":"product_tag-3190","10":"first","11":"instock","12":"shipping-taxable","13":"purchasable","14":"product-type-simple"},"_links":{"self":[{"href":"https:\/\/brandss.com.py\/index\/wp-json\/wp\/v2\/product\/100469","targetHints":{"allow":["GET"]}}],"collection":[{"href":"https:\/\/brandss.com.py\/index\/wp-json\/wp\/v2\/product"}],"about":[{"href":"https:\/\/brandss.com.py\/index\/wp-json\/wp\/v2\/types\/product"}],"replies":[{"embeddable":true,"href":"https:\/\/brandss.com.py\/index\/wp-json\/wp\/v2\/comments?post=100469"}],"version-history":[{"count":1,"href":"https:\/\/brandss.com.py\/index\/wp-json\/wp\/v2\/product\/100469\/revisions"}],"predecessor-version":[{"id":100474,"href":"https:\/\/brandss.com.py\/index\/wp-json\/wp\/v2\/product\/100469\/revisions\/100474"}],"wp:featuredmedia":[{"embeddable":true,"href":"https:\/\/brandss.com.py\/index\/wp-json\/wp\/v2\/media\/100470"}],"wp:attachment":[{"href":"https:\/\/brandss.com.py\/index\/wp-json\/wp\/v2\/media?parent=100469"}],"wp:term":[{"taxonomy":"product_brand","embeddable":true,"href":"https:\/\/brandss.com.py\/index\/wp-json\/wp\/v2\/product_brand?post=100469"},{"taxonomy":"product_cat","embeddable":true,"href":"https:\/\/brandss.com.py\/index\/wp-json\/wp\/v2\/product_cat?post=100469"},{"taxonomy":"product_tag","embeddable":true,"href":"https:\/\/brandss.com.py\/index\/wp-json\/wp\/v2\/product_tag?post=100469"}],"curies":[{"name":"wp","href":"https:\/\/api.w.org\/{rel}","templated":true}]}}