{"id":100475,"date":"2026-03-19T16:59:20","date_gmt":"2026-03-19T16:59:20","guid":{"rendered":"https:\/\/brandss.com.py\/index\/?post_type=product&#038;p=100475"},"modified":"2026-03-19T16:59:44","modified_gmt":"2026-03-19T16:59:44","slug":"perfume-femenino-maison-alhambra-candid-edp-100ml","status":"publish","type":"product","link":"https:\/\/brandss.com.py\/index\/producto\/perfume-femenino-maison-alhambra-candid-edp-100ml\/","title":{"rendered":"PERFUME FEMENINO MAISON ALHAMBRA CANDID EDP 100ML"},"content":{"rendered":"<p><img loading=\"lazy\" decoding=\"async\" class=\"\" src=\"https:\/\/images.seeklogo.com\/logo-png\/62\/1\/maison-alhambra-logo-png_seeklogo-626390.png\" alt=\"Maison Alhambra Logo PNG Vector (CDR) Free Download\" width=\"103\" height=\"103\" \/><\/p>\n<h1>CANDID<\/h1>\n<p><span dir=\"auto\">Descubre tu fragancia personal con Candid<\/span><span dir=\"auto\">, donde la sencillez se une a la sofisticaci\u00f3n. Creada para irradiar confianza y sofisticaci\u00f3n, esta fragancia de oud \u00e1rabe promete captar todas las miradas y dejar una impresi\u00f3n inolvidable. D\u00e9jese envolver por un aroma que refleja su elegancia y gracia \u00fanicas.<\/span><\/p>\n<p><span dir=\"auto\">Envasada en un encantador frasco de cristal rosa p\u00e1lido, esta fragancia es tan delicada como cautivadora. Su belleza est\u00e9tica complementa su irresistible aroma, convirti\u00e9ndola en la elecci\u00f3n perfecta para mujeres que aprecian tanto el estilo como la calidad.<img loading=\"lazy\" decoding=\"async\" class=\"alignleft\" src=\"https:\/\/www.opulensi.com\/cdn\/shop\/files\/Candid_MAison_Alhmabra_Bottle_and_fragrance_notes.jpg?v=1725986686&amp;width=713\" width=\"540\" height=\"540\" \/><\/span><\/p>\n<p>Descubrir\u00e1s una fragancia hecha a tu medida. Este lujoso perfume est\u00e1 dise\u00f1ado para cautivar y encantar, convirti\u00e9ndose en una opci\u00f3n excepcional para cualquier ocasi\u00f3n especial: cumplea\u00f1os, aniversarios o como un regalo especial.<\/p>\n<p>&nbsp;<\/p>\n<h3>Notas Olfativas<\/h3>\n<p>&nbsp;<\/p>\n<p>Candid es una exquisita mezcla de miel dulce y nardo embriagador, armoniosamente combinada con s\u00e1ndalo intenso y haba tonka cremosa. Un toque de jazm\u00edn y pera le aporta un aire fresco y ligero a este perfume irresistible. Cada aplicaci\u00f3n revela una nueva faceta de su compleja y a la vez encantadora composici\u00f3n, que te cautivar\u00e1 desde el primer instante.<\/p>\n<ul>\n<li><span dir=\"auto\"><strong>Notas de salida:<\/strong> naranja sanguina, mandarina.<\/span><\/li>\n<li><span dir=\"auto\"><strong>Notas de coraz\u00f3n:<\/strong> miel, gardenia, flor de naranjo, jazm\u00edn, melocot\u00f3n.<\/span><\/li>\n<li><span dir=\"auto\"><strong>Notas de fondo:<\/strong> cera de abeja, caramelo, pachul\u00ed, regaliz.<\/span><\/li>\n<\/ul>\n","protected":false},"excerpt":{"rendered":"<p>CANDID Descubre tu fragancia personal con Candid, donde la sencillez se une a la sofisticaci\u00f3n. Creada para irradiar confianza y<\/p>\n","protected":false},"featured_media":100476,"comment_status":"open","ping_status":"closed","template":"","meta":{"nf_dc_page":""},"product_brand":[107],"product_cat":[84],"product_tag":[3191],"class_list":{"0":"post-100475","1":"product","2":"type-product","3":"status-publish","4":"has-post-thumbnail","6":"product_brand-maison-alhambra","7":"product_cat-perfumeria","8":"product_tag-3191","10":"first","11":"instock","12":"shipping-taxable","13":"purchasable","14":"product-type-simple"},"_links":{"self":[{"href":"https:\/\/brandss.com.py\/index\/wp-json\/wp\/v2\/product\/100475","targetHints":{"allow":["GET"]}}],"collection":[{"href":"https:\/\/brandss.com.py\/index\/wp-json\/wp\/v2\/product"}],"about":[{"href":"https:\/\/brandss.com.py\/index\/wp-json\/wp\/v2\/types\/product"}],"replies":[{"embeddable":true,"href":"https:\/\/brandss.com.py\/index\/wp-json\/wp\/v2\/comments?post=100475"}],"version-history":[{"count":1,"href":"https:\/\/brandss.com.py\/index\/wp-json\/wp\/v2\/product\/100475\/revisions"}],"predecessor-version":[{"id":100479,"href":"https:\/\/brandss.com.py\/index\/wp-json\/wp\/v2\/product\/100475\/revisions\/100479"}],"wp:featuredmedia":[{"embeddable":true,"href":"https:\/\/brandss.com.py\/index\/wp-json\/wp\/v2\/media\/100476"}],"wp:attachment":[{"href":"https:\/\/brandss.com.py\/index\/wp-json\/wp\/v2\/media?parent=100475"}],"wp:term":[{"taxonomy":"product_brand","embeddable":true,"href":"https:\/\/brandss.com.py\/index\/wp-json\/wp\/v2\/product_brand?post=100475"},{"taxonomy":"product_cat","embeddable":true,"href":"https:\/\/brandss.com.py\/index\/wp-json\/wp\/v2\/product_cat?post=100475"},{"taxonomy":"product_tag","embeddable":true,"href":"https:\/\/brandss.com.py\/index\/wp-json\/wp\/v2\/product_tag?post=100475"}],"curies":[{"name":"wp","href":"https:\/\/api.w.org\/{rel}","templated":true}]}}